{"id":1310,"date":"2022-07-20T19:07:29","date_gmt":"2022-07-20T19:07:29","guid":{"rendered":"https:\/\/ctpatcertificacion.com\/?page_id=1310"},"modified":"2022-07-20T19:08:21","modified_gmt":"2022-07-20T19:08:21","slug":"ctpat-trade-compliance","status":"publish","type":"page","link":"https:\/\/ctpatcertificacion.com\/en\/ctpat-trade-compliance\/","title":{"rendered":"CTPAT Trade Compliance"},"content":{"rendered":"<p>El Programa <strong>CTPAT<\/strong> comprende dos divisiones de programas diferentes: <strong>CTPAT<\/strong> Security y CTPAT<strong> Trade Compliance<\/strong>. El programa <strong>CTPAT<\/strong> Security est\u00e1 dise\u00f1ado para proteger la industria comercial mundial de terroristas y contrabandistas mediante la preselecci\u00f3n de sus participantes. El programa <strong>CTPAT<\/strong> Security se aplica a los importadores estadounidenses y no residentes en Canad\u00e1, a los exportadores estadounidenses, a los agentes de aduanas, a los consolidadores, a los operadores de puertos y terminales, a los transportistas de carga por aire, mar y tierra, a los proveedores de log\u00edstica de terceros, a los transportistas mexicanos de larga distancia por carretera y a los fabricantes canadienses y mexicanos.<\/p>\n<p>&nbsp;<\/p>\n<p>El programa <strong>CTPAT<\/strong> Trade Compliance es un componente opcional del programa CTPAT y a\u00f1ade aspectos de cumplimiento comercial a los aspectos de seguridad de la cadena de suministro del programa <strong>CTPAT<\/strong> Security. El programa de Seguridad <strong>CTPAT<\/strong> es un prerrequisito para solicitar el programa de Cumplimiento Comercial <strong>CTPAT<\/strong>. Los importadores actuales de <strong>CTPAT<\/strong> tienen la oportunidad de recibir beneficios adicionales a cambio de un compromiso de asumir la responsabilidad de supervisar su propio cumplimiento mediante la solicitud del programa de Cumplimiento Comercial de <strong>CTPAT<\/strong>. Una vez que una empresa ha completado los aspectos de seguridad del programa CTPAT Security y est\u00e1 en regla, puede optar por solicitar el componente CTPAT<strong> Trade Compliance<\/strong>.<\/p>\n<p>El programa <strong>CTPAT Trade Compliance<\/strong> refuerza la seguridad aprovechando los requisitos de la cadena de suministro de <strong>CTPAT<\/strong>, identificando las entidades comerciales de bajo riesgo para la seguridad de la cadena de suministro, y aumentando la eficiencia general del comercio mediante la segmentaci\u00f3n del riesgo y el procesamiento por cuenta.<\/p>\n<p>El programa <strong>CTPAT Trade Compliance<\/strong> est\u00e1 abierto a los importadores estadounidenses y canadienses no residentes que hayan cumplido los requisitos de seguridad de la cadena de suministro y de cumplimiento de las normas comerciales de <strong>CTPAT<\/strong>.<\/p>\n<p>&nbsp;<\/p>\n<p>La solicitud del programa <strong>CTPAT Trade Compliance<\/strong> incluye preguntas sobre lo siguiente<\/p>\n<p>&#8211; Punto de contacto principal, incluyendo nombre, cargo, direcci\u00f3n de correo electr\u00f3nico y n\u00famero de tel\u00e9fono<\/p>\n<p>&#8211; Informaci\u00f3n empresarial, incluyendo el nombre de la empresa, la direcci\u00f3n de la empresa, el n\u00famero de tel\u00e9fono de la empresa, el sitio web de la empresa, el tipo de empresa (privada o p\u00fablica), la informaci\u00f3n sobre la fianza del CBP, el n\u00famero de importador registrado y el n\u00famero de empleados<\/p>\n<p>&#8211; Informaci\u00f3n sobre el perfil de seguridad de la cadena de suministro del solicitante<\/p>\n<p>&#8211; Perfil de cumplimiento comercial y procedimientos operativos de control interno del solicitante<\/p>\n<p>&#8211; Informaci\u00f3n sobre el corredor<\/p>\n<p>&#8211; Material de formaci\u00f3n sobre la seguridad de la cadena de suministro y el cumplimiento de las normas comerciales<\/p>\n<p>&#8211; Documentaci\u00f3n y resultados de la evaluaci\u00f3n de riesgos<\/p>\n<p>&#8211; Documentaci\u00f3n y resultados de las pruebas peri\u00f3dicas<\/p>\n<p>&#8211; Historial de divulgaci\u00f3n anterior<\/p>\n<p>&#8211; Informaci\u00f3n sobre la afiliaci\u00f3n a la agencia gubernamental asociada<\/p>\n<p>Despu\u00e9s de que un importador obtenga la membres\u00eda de <strong>CTPAT Trade Compliance<\/strong>, el importador deber\u00e1 presentar una Carta de Notificaci\u00f3n Anual al CBP confirmando que sigue cumpliendo con los requisitos del programa. Esta carta debe incluir Los cambios de personal que afecten al programa <strong>CTPAT Trade Compliance<\/strong>; los cambios organizativos y de procedimiento; un resumen de los resultados de la evaluaci\u00f3n de riesgos y de las autocomprobaciones; un resumen de las modificaciones y\/o revelaciones posteriores a la entrada realizadas al CBP; y cualquier cambio de actividad del importador en el \u00faltimo per\u00edodo de 12 meses.\u00bb<\/p>\n<p>Nuestro equipo de Asesores esta listo para ayudarle cont\u00e1ctenos.<\/p>\n<p><em><strong>Request more information <a href=\"http:\/\/ctpatcertificacion.com\/en\/#contact\">here<\/a><\/strong><\/em><\/p>\n<p>&nbsp;<\/p>","protected":false},"excerpt":{"rendered":"<p>El Programa CTPAT comprende dos divisiones de programas diferentes: CTPAT Security y CTPAT Trade Compliance. El programa CTPAT Security est\u00e1 [&hellip;]<\/p>\n","protected":false},"author":2,"featured_media":0,"parent":0,"menu_order":0,"comment_status":"closed","ping_status":"closed","template":"","meta":{"_monsterinsights_skip_tracking":false,"_monsterinsights_sitenote_active":false,"_monsterinsights_sitenote_note":"","_monsterinsights_sitenote_category":0,"_joinchat":[],"footnotes":""},"class_list":["post-1310","page","type-page","status-publish","hentry"],"yoast_head":"<!-- This site is optimized with the Yoast SEO Premium plugin v22.0 (Yoast SEO v27.4) - https:\/\/yoast.com\/product\/yoast-seo-premium-wordpress\/ -->\n<title>CTPAT Trade Compliance - CTPAT: Customs Trade Partnership Against Terrorism<\/title>\n<meta name=\"robots\" content=\"index, follow, max-snippet:-1, max-image-preview:large, max-video-preview:-1\" \/>\n<link rel=\"canonical\" href=\"https:\/\/ctpatcertificacion.com\/en\/ctpat-trade-compliance\/\" \/>\n<meta property=\"og:locale\" content=\"en_US\" \/>\n<meta property=\"og:type\" content=\"article\" \/>\n<meta property=\"og:title\" content=\"CTPAT Trade Compliance\" \/>\n<meta property=\"og:description\" content=\"El Programa CTPAT comprende dos divisiones de programas diferentes: CTPAT Security y CTPAT Trade Compliance. El programa CTPAT Security est\u00e1 [&hellip;]\" \/>\n<meta property=\"og:url\" content=\"https:\/\/ctpatcertificacion.com\/en\/ctpat-trade-compliance\/\" \/>\n<meta property=\"og:site_name\" content=\"CTPAT: Customs Trade Partnership Against Terrorism\" \/>\n<meta property=\"article:modified_time\" content=\"2022-07-20T19:08:21+00:00\" \/>\n<meta name=\"twitter:card\" content=\"summary_large_image\" \/>\n<meta name=\"twitter:label1\" content=\"Est. reading time\" \/>\n\t<meta name=\"twitter:data1\" content=\"3 minutes\" \/>\n<script type=\"application\/ld+json\" class=\"yoast-schema-graph\">{\"@context\":\"https:\\\/\\\/schema.org\",\"@graph\":[{\"@type\":\"WebPage\",\"@id\":\"https:\\\/\\\/ctpatcertificacion.com\\\/ctpat-trade-compliance\\\/\",\"url\":\"https:\\\/\\\/ctpatcertificacion.com\\\/ctpat-trade-compliance\\\/\",\"name\":\"CTPAT Trade Compliance - CTPAT: Customs Trade Partnership Against Terrorism\",\"isPartOf\":{\"@id\":\"https:\\\/\\\/ctpatcertificacion.com\\\/#website\"},\"datePublished\":\"2022-07-20T19:07:29+00:00\",\"dateModified\":\"2022-07-20T19:08:21+00:00\",\"breadcrumb\":{\"@id\":\"https:\\\/\\\/ctpatcertificacion.com\\\/ctpat-trade-compliance\\\/#breadcrumb\"},\"inLanguage\":\"en-US\",\"potentialAction\":[{\"@type\":\"ReadAction\",\"target\":[\"https:\\\/\\\/ctpatcertificacion.com\\\/ctpat-trade-compliance\\\/\"]}]},{\"@type\":\"BreadcrumbList\",\"@id\":\"https:\\\/\\\/ctpatcertificacion.com\\\/ctpat-trade-compliance\\\/#breadcrumb\",\"itemListElement\":[{\"@type\":\"ListItem\",\"position\":1,\"name\":\"Portada\",\"item\":\"https:\\\/\\\/ctpatcertificacion.com\\\/\"},{\"@type\":\"ListItem\",\"position\":2,\"name\":\"CTPAT Trade Compliance\"}]},{\"@type\":\"WebSite\",\"@id\":\"https:\\\/\\\/ctpatcertificacion.com\\\/#website\",\"url\":\"https:\\\/\\\/ctpatcertificacion.com\\\/\",\"name\":\"Consultor\u00eda CTPAT en M\u00e9xico | Certificaci\u00f3n, Validaci\u00f3n y Capacitaci\u00f3n | LM Consultores\",\"description\":\"CTPAT (Customs-Trade Partnership Against Terrorism) es una iniciativa entre el gobierno de los Estados Unidos y la iniciativa privada con la finalidad de garantizar la seguridad en las distintas \u00e1reas de la cadena de suministro y protegerla en contra del terrorismo.\",\"publisher\":{\"@id\":\"https:\\\/\\\/ctpatcertificacion.com\\\/#organization\"},\"potentialAction\":[{\"@type\":\"SearchAction\",\"target\":{\"@type\":\"EntryPoint\",\"urlTemplate\":\"https:\\\/\\\/ctpatcertificacion.com\\\/?s={search_term_string}\"},\"query-input\":{\"@type\":\"PropertyValueSpecification\",\"valueRequired\":true,\"valueName\":\"search_term_string\"}}],\"inLanguage\":\"en-US\"},{\"@type\":[\"Organization\",\"Place\"],\"@id\":\"https:\\\/\\\/ctpatcertificacion.com\\\/#organization\",\"name\":\"LM Consultores\",\"url\":\"https:\\\/\\\/ctpatcertificacion.com\\\/\",\"logo\":{\"@id\":\"https:\\\/\\\/ctpatcertificacion.com\\\/ctpat-trade-compliance\\\/#local-main-organization-logo\"},\"image\":{\"@id\":\"https:\\\/\\\/ctpatcertificacion.com\\\/ctpat-trade-compliance\\\/#local-main-organization-logo\"},\"openingHoursSpecification\":[{\"@type\":\"OpeningHoursSpecification\",\"dayOfWeek\":[\"Monday\",\"Tuesday\",\"Wednesday\",\"Thursday\",\"Friday\",\"Saturday\"],\"opens\":\"06:00\",\"closes\":\"17:00\"},{\"@type\":\"OpeningHoursSpecification\",\"dayOfWeek\":[\"Sunday\"],\"opens\":\"00:00\",\"closes\":\"00:00\"}]},{\"@type\":\"ImageObject\",\"inLanguage\":\"en-US\",\"@id\":\"https:\\\/\\\/ctpatcertificacion.com\\\/ctpat-trade-compliance\\\/#local-main-organization-logo\",\"url\":\"https:\\\/\\\/ctpatcertificacion.com\\\/wp-content\\\/uploads\\\/2022\\\/03\\\/ctpat-logo-arriba.png\",\"contentUrl\":\"https:\\\/\\\/ctpatcertificacion.com\\\/wp-content\\\/uploads\\\/2022\\\/03\\\/ctpat-logo-arriba.png\",\"width\":600,\"height\":600,\"caption\":\"LM Consultores\"}]}<\/script>\n<!-- \/ Yoast SEO Premium plugin. -->","yoast_head_json":{"title":"CTPAT Trade Compliance - CTPAT: Customs Trade Partnership Against Terrorism","robots":{"index":"index","follow":"follow","max-snippet":"max-snippet:-1","max-image-preview":"max-image-preview:large","max-video-preview":"max-video-preview:-1"},"canonical":"https:\/\/ctpatcertificacion.com\/en\/ctpat-trade-compliance\/","og_locale":"en_US","og_type":"article","og_title":"CTPAT Trade Compliance","og_description":"El Programa CTPAT comprende dos divisiones de programas diferentes: CTPAT Security y CTPAT Trade Compliance. El programa CTPAT Security est\u00e1 [&hellip;]","og_url":"https:\/\/ctpatcertificacion.com\/en\/ctpat-trade-compliance\/","og_site_name":"CTPAT: Customs Trade Partnership Against Terrorism","article_modified_time":"2022-07-20T19:08:21+00:00","twitter_card":"summary_large_image","twitter_misc":{"Est. reading time":"3 minutes"},"schema":{"@context":"https:\/\/schema.org","@graph":[{"@type":"WebPage","@id":"https:\/\/ctpatcertificacion.com\/ctpat-trade-compliance\/","url":"https:\/\/ctpatcertificacion.com\/ctpat-trade-compliance\/","name":"CTPAT Trade Compliance - CTPAT: Customs Trade Partnership Against Terrorism","isPartOf":{"@id":"https:\/\/ctpatcertificacion.com\/#website"},"datePublished":"2022-07-20T19:07:29+00:00","dateModified":"2022-07-20T19:08:21+00:00","breadcrumb":{"@id":"https:\/\/ctpatcertificacion.com\/ctpat-trade-compliance\/#breadcrumb"},"inLanguage":"en-US","potentialAction":[{"@type":"ReadAction","target":["https:\/\/ctpatcertificacion.com\/ctpat-trade-compliance\/"]}]},{"@type":"BreadcrumbList","@id":"https:\/\/ctpatcertificacion.com\/ctpat-trade-compliance\/#breadcrumb","itemListElement":[{"@type":"ListItem","position":1,"name":"Portada","item":"https:\/\/ctpatcertificacion.com\/"},{"@type":"ListItem","position":2,"name":"CTPAT Trade Compliance"}]},{"@type":"WebSite","@id":"https:\/\/ctpatcertificacion.com\/#website","url":"https:\/\/ctpatcertificacion.com\/","name":"Consultor\u00eda CTPAT en M\u00e9xico | Certificaci\u00f3n, Validaci\u00f3n y Capacitaci\u00f3n | LM Consultores","description":"CTPAT (Customs-Trade Partnership Against Terrorism) es una iniciativa entre el gobierno de los Estados Unidos y la iniciativa privada con la finalidad de garantizar la seguridad en las distintas \u00e1reas de la cadena de suministro y protegerla en contra del terrorismo.","publisher":{"@id":"https:\/\/ctpatcertificacion.com\/#organization"},"potentialAction":[{"@type":"SearchAction","target":{"@type":"EntryPoint","urlTemplate":"https:\/\/ctpatcertificacion.com\/?s={search_term_string}"},"query-input":{"@type":"PropertyValueSpecification","valueRequired":true,"valueName":"search_term_string"}}],"inLanguage":"en-US"},{"@type":["Organization","Place"],"@id":"https:\/\/ctpatcertificacion.com\/#organization","name":"LM Consultores","url":"https:\/\/ctpatcertificacion.com\/","logo":{"@id":"https:\/\/ctpatcertificacion.com\/ctpat-trade-compliance\/#local-main-organization-logo"},"image":{"@id":"https:\/\/ctpatcertificacion.com\/ctpat-trade-compliance\/#local-main-organization-logo"},"openingHoursSpecification":[{"@type":"OpeningHoursSpecification","dayOfWeek":["Monday","Tuesday","Wednesday","Thursday","Friday","Saturday"],"opens":"06:00","closes":"17:00"},{"@type":"OpeningHoursSpecification","dayOfWeek":["Sunday"],"opens":"00:00","closes":"00:00"}]},{"@type":"ImageObject","inLanguage":"en-US","@id":"https:\/\/ctpatcertificacion.com\/ctpat-trade-compliance\/#local-main-organization-logo","url":"https:\/\/ctpatcertificacion.com\/wp-content\/uploads\/2022\/03\/ctpat-logo-arriba.png","contentUrl":"https:\/\/ctpatcertificacion.com\/wp-content\/uploads\/2022\/03\/ctpat-logo-arriba.png","width":600,"height":600,"caption":"LM Consultores"}]}},"_links":{"self":[{"href":"https:\/\/ctpatcertificacion.com\/en\/wp-json\/wp\/v2\/pages\/1310","targetHints":{"allow":["GET"]}}],"collection":[{"href":"https:\/\/ctpatcertificacion.com\/en\/wp-json\/wp\/v2\/pages"}],"about":[{"href":"https:\/\/ctpatcertificacion.com\/en\/wp-json\/wp\/v2\/types\/page"}],"author":[{"embeddable":true,"href":"https:\/\/ctpatcertificacion.com\/en\/wp-json\/wp\/v2\/users\/2"}],"replies":[{"embeddable":true,"href":"https:\/\/ctpatcertificacion.com\/en\/wp-json\/wp\/v2\/comments?post=1310"}],"version-history":[{"count":0,"href":"https:\/\/ctpatcertificacion.com\/en\/wp-json\/wp\/v2\/pages\/1310\/revisions"}],"wp:attachment":[{"href":"https:\/\/ctpatcertificacion.com\/en\/wp-json\/wp\/v2\/media?parent=1310"}],"curies":[{"name":"wp","href":"https:\/\/api.w.org\/{rel}","templated":true}]}}