{"id":1393,"date":"2022-08-22T01:21:07","date_gmt":"2022-08-22T01:21:07","guid":{"rendered":"https:\/\/ctpatcertificacion.com\/?page_id=1393"},"modified":"2022-11-08T18:44:11","modified_gmt":"2022-11-08T18:44:11","slug":"criterios-minimos-de-seguridad-ctpat-msc","status":"publish","type":"page","link":"https:\/\/ctpatcertificacion.com\/en\/criterios-minimos-de-seguridad-ctpat-msc\/","title":{"rendered":"MSC CTPAT Minimum Safety Criteria"},"content":{"rendered":"<p><\/p>\n<p>En 2020, el Servicio de Aduanas y Protecci\u00f3n de Fronteras de Estados Unidos (CBP) public\u00f3 un nuevo conjunto de normas que cambian dr\u00e1sticamente el panorama del programa de Asociaci\u00f3n Comercial Aduanera contra el Terrorismo (CTPAT).<\/p>\n<p><\/p>\n<h4>El conjunto de normas que describe lo que se requiere para ser miembro del programa <strong>CTPAT<\/strong> se denomina <strong>Criterios M\u00ednimos de Seguridad, o \u00abMSC\u00bb,<\/strong> como se conoce com\u00fanmente. El MSC siempre ha regido la forma en que las empresas estadounidenses solicitan y mantienen la pertenencia al CTPAT, pero la revisi\u00f3n de 2020 de las directrices m\u00ednimas de seguridad trajo consigo una importante ampliaci\u00f3n de los requisitos del programa.<\/h4>\n<p><\/p>\n<p>El nuevo MSC publicado en 2020 fue un cambio bastante dr\u00e1stico en el programa general desarrollado por primera vez en 2003, pero era necesario para que Estados Unidos siguiera siendo relevante en el panorama de la cadena de suministro global. Desde la introducci\u00f3n del <strong>CTPAT<\/strong> en 2003 hasta la reciente revisi\u00f3n, el mundo ha visto cambios masivos en la tecnolog\u00eda de la informaci\u00f3n, un aumento de m\u00e1s del 88% en las importaciones globales de EE.UU., y problemas con el lavado de dinero y el tr\u00e1fico de personas. Por lo tanto, es l\u00f3gico que haya que reescribir las normas para que la pertenencia al CTPAT siga teniendo sentido y valor.<\/p>\n<h5>\u00bfQu\u00e9 ha cambiado en 2020?<\/h5>\n<p>De acuerdo con las nuevas directrices, los miembros actuales y potenciales deben completar un nuevo Perfil de Seguridad <strong>CTPAT<\/strong> para obtener la membres\u00eda. Los cambios en el perfil incluyen la adici\u00f3n de m\u00e1s de 40 preguntas nuevas (unas 160 en total), aproximadamente m\u00e1s de 20 documentos complementarios, 4 nuevas categor\u00edas (Responsabilidad de la Alta Direcci\u00f3n, Procesos Agr\u00edcolas, Educaci\u00f3n\/Formaci\u00f3n y Ciberseguridad), y una evaluaci\u00f3n del Perfil de Seguridad y un proceso de aceptaci\u00f3n del <strong>CTPAT<\/strong> mucho m\u00e1s estrictos.<\/p>\n<p>Un ejemplo concreto en el MSC mejorado ser\u00eda la necesidad de documentar c\u00f3mo su empresa previene el blanqueo de dinero en su cadena de suministro. En virtud de las nuevas normas <strong>CTPAT<\/strong> del CBP, las aduanas de EE.UU. quieren saber qu\u00e9 barandillas, formaciones y autorizaciones se han puesto en marcha para prevenir la actividad delictiva, as\u00ed como la forma en que su empresa difunde y hace un seguimiento de estas notificaciones. Otro ejemplo ser\u00eda documentar las pol\u00edticas inform\u00e1ticas de su empresa y hacer que cada empleado se comprometa a cumplir los requisitos de ciberseguridad.<\/p>\n<p>Si requiere m\u00e1s informaci\u00f3n llene el siguiente formulario.<\/p>\n\n<div class=\"everest-forms\"><div class=\"evf-container default\" id=\"evf-425\"><form id=\"evf-form-425\" class=\"everest-form\" data-formid=\"425\" data-ajax_submission=\"0\" data-keyboard_friendly_form=\"0\" data-form_state_type=\"\" method=\"post\" enctype=\"multipart\/form-data\" action=\"\/en\/wp-json\/wp\/v2\/pages\/1393\"><div class=\"evf-field-container\"><input type=\"hidden\" id=\"_wpnonce425\" name=\"_wpnonce425\" value=\"fcf977d1da\" \/><input type=\"hidden\" name=\"_wp_http_referer\" value=\"\/en\/wp-json\/wp\/v2\/pages\/1393\" \/><div class=\"evf-frontend-row\" data-row=\"row_3\" conditional_rules=\"[]\"><div class=\"evf-frontend-grid evf-grid-1\" data-grid=\"grid_1\"><div id=\"evf-425-field_NEec6ZuwlR-2-container\" class=\"evf-field evf-field-text form-row validate-required\" data-required-field-message=\"This field is required.\" data-field-id=\"NEec6ZuwlR-2\"><label class=\"evf-field-label\" for=\"evf-425-field_NEec6ZuwlR-2\"><span class=\"evf-label\">Nombre \/ Raz\u00f3n social de la empresa<\/span> <abbr class=\"required\" title=\"Required\">*<\/abbr><\/label><input type=\"text\" id=\"evf-425-field_NEec6ZuwlR-2\" class=\"input-text\" name=\"everest_forms[form_fields][NEec6ZuwlR-2]\" required><div class=\"evf-field-description\">Nombre de la Empresa que desea integrarse al programa CTPAT<\/div><\/div><div id=\"evf-425-field_bikr6PF2nV-4-container\" class=\"evf-field evf-field-select form-row validate-required\" data-required-field-message=\"This field is required.\" data-field-id=\"bikr6PF2nV-4\"><label class=\"evf-field-label\" for=\"evf-425-field_bikr6PF2nV-4\"><span class=\"evf-label\">Giro de la empresa<\/span> <abbr class=\"required\" title=\"Required\">*<\/abbr><\/label><select id=\"evf-425-field_bikr6PF2nV-4\" class=\"input-text evf-field-required\" name=\"everest_forms[form_fields][bikr6PF2nV-4]\" required=\"required\" ><option value=\"Empresa Manufacturera \/ Fabricante\" >Empresa Manufacturera \/ Fabricante<\/option><option value=\"Importador EE. UU.\" >Importador EE. UU.<\/option><option value=\"Transportista de Largo Recorrido en M\u00e9xico\" >Transportista de Largo Recorrido en M\u00e9xico<\/option><option value=\"Transportista de Cruce Fronterizo\" >Transportista de Cruce Fronterizo<\/option><option value=\"Transportista Ferroviario\" >Transportista Ferroviario<\/option><option value=\"Autoridad Portuaria Marina y Operadores de Terminales\" >Autoridad Portuaria Marina y Operadores de Terminales<\/option><option value=\"Empresa de Seguridad (No Certifica)\" >Empresa de Seguridad (No Certifica)<\/option><option value=\"Proveedor de Servicios (No Certifica)\" >Proveedor de Servicios (No Certifica)<\/option><\/select><\/div><div id=\"evf-425-field_I9SOBCJJFJ-8-container\" class=\"evf-field evf-field-text form-row validate-required\" data-required-field-message=\"This field is required.\" data-field-id=\"I9SOBCJJFJ-8\"><label class=\"evf-field-label\" for=\"evf-425-field_I9SOBCJJFJ-8\"><span class=\"evf-label\">Nombre de Persona a contactar.<\/span> <abbr class=\"required\" title=\"Required\">*<\/abbr><\/label><input type=\"text\" id=\"evf-425-field_I9SOBCJJFJ-8\" class=\"input-text\" name=\"everest_forms[form_fields][I9SOBCJJFJ-8]\" required><div class=\"evf-field-description\">Nombre del interesado para contacto de un Especialista<\/div><\/div><div id=\"evf-425-field_qLB1kdFAlX-17-container\" class=\"evf-field evf-field-text form-row validate-required\" data-required-field-message=\"This field is required.\" data-field-id=\"qLB1kdFAlX-17\"><label class=\"evf-field-label\" for=\"evf-425-field_qLB1kdFAlX-17\"><span class=\"evf-label\">Puesto dentro de la Empresa<\/span> <abbr class=\"required\" title=\"Required\">*<\/abbr><\/label><input type=\"text\" id=\"evf-425-field_qLB1kdFAlX-17\" class=\"input-text\" name=\"everest_forms[form_fields][qLB1kdFAlX-17]\" required><\/div><div id=\"evf-425-field_PznxIqjbIH-9-container\" class=\"evf-field evf-field-number form-row validate-required\" data-required-field-message=\"Please enter a valid number.\" data-field-id=\"PznxIqjbIH-9\"><label class=\"evf-field-label\" for=\"evf-425-field_PznxIqjbIH-9\"><span class=\"evf-label\">Tel\u00e9fono<\/span> <abbr class=\"required\" title=\"Required\">*<\/abbr><\/label><input type=\"number\" id=\"evf-425-field_PznxIqjbIH-9\" class=\"input-text\" name=\"everest_forms[form_fields][PznxIqjbIH-9]\" step=\"1\" required\/><div class=\"evf-field-description\">Personal o de la empresa al que se requiere el contacto.<\/div><\/div><div id=\"evf-425-field_gy5s4smmmq-10-container\" class=\"evf-field evf-field-email form-row validate-required validate-email\" data-required-field-message=\"Please enter a valid email address.\" data-field-id=\"gy5s4smmmq-10\"><label class=\"evf-field-label\" for=\"evf-425-field_gy5s4smmmq-10\"><span class=\"evf-label\">Correo electr\u00f3nico.<\/span> <abbr class=\"required\" title=\"Required\">*<\/abbr><\/label><input type=\"email\" id=\"evf-425-field_gy5s4smmmq-10\" class=\"input-text\" name=\"everest_forms[form_fields][gy5s4smmmq-10]\" required ><div class=\"evf-field-description\">Correo Electr\u00f3nico de la empresa.<\/div><\/div><div id=\"evf-425-field_8cBZ9mpMQ5-19-container\" class=\"evf-field evf-field-email form-row validate-required validate-email\" data-required-field-message=\"Please enter a valid email address.\" data-field-id=\"8cBZ9mpMQ5-19\"><label class=\"evf-field-label\" for=\"evf-425-field_8cBZ9mpMQ5-19\"><span class=\"evf-label\">Confirmaci\u00f3n de Correo electr\u00f3nico.<\/span> <abbr class=\"required\" title=\"Required\">*<\/abbr><\/label><input type=\"email\" id=\"evf-425-field_8cBZ9mpMQ5-19\" class=\"input-text\" name=\"everest_forms[form_fields][8cBZ9mpMQ5-19]\" required ><div class=\"evf-field-description\">Verifique su correo.<\/div><\/div><div id=\"evf-425-field_KLg9qqhQ0h-18-container\" class=\"evf-field evf-field-text form-row validate-required\" data-required-field-message=\"This field is required.\" data-field-id=\"KLg9qqhQ0h-18\"><label class=\"evf-field-label\" for=\"evf-425-field_KLg9qqhQ0h-18\"><span class=\"evf-label\">Ciudad donde se busca la certificaci\u00f3n<\/span> <abbr class=\"required\" title=\"Required\">*<\/abbr><\/label><input type=\"text\" id=\"evf-425-field_KLg9qqhQ0h-18\" class=\"input-text\" name=\"everest_forms[form_fields][KLg9qqhQ0h-18]\" required><div class=\"evf-field-description\">Ciudad donde se encuentra la empresa a certificar.<\/div><\/div><div id=\"evf-425-field_NI3ayiecwD-11-container\" class=\"evf-field evf-field-checkbox form-row validate-required\" data-required-field-message=\"This field is required.\" data-field-id=\"NI3ayiecwD-11\"><label class=\"evf-field-label\" for=\"evf-425-field_NI3ayiecwD-11\"><span class=\"evf-label\">Interesado en<\/span> <abbr class=\"required\" title=\"Required\">*<\/abbr><\/label><ul id=\"evf-425-field_NI3ayiecwD-11\" class=\" evf-field-required\"><li class=\"choice-6 depth-1\"><input type=\"checkbox\" id=\"evf-425-field_NI3ayiecwD-11_6\" class=\"input-text\" name=\"everest_forms[form_fields][NI3ayiecwD-11][]\" value=\"An\u00e1lisis de Riesgos\" required ><label class=\"everest-forms-field-label-inline\" for=\"evf-425-field_NI3ayiecwD-11_6\">An\u00e1lisis de Riesgos<\/label><\/li><li class=\"choice-1 depth-1\"><input type=\"checkbox\" id=\"evf-425-field_NI3ayiecwD-11_1\" class=\"input-text\" name=\"everest_forms[form_fields][NI3ayiecwD-11][]\" value=\"Certificaci\u00f3n CTPAT\" required ><label class=\"everest-forms-field-label-inline\" for=\"evf-425-field_NI3ayiecwD-11_1\">Certificaci\u00f3n CTPAT<\/label><\/li><li class=\"choice-2 depth-1\"><input type=\"checkbox\" id=\"evf-425-field_NI3ayiecwD-11_2\" class=\"input-text\" name=\"everest_forms[form_fields][NI3ayiecwD-11][]\" value=\"Capacitaci\u00f3n CTPAT\" required ><label class=\"everest-forms-field-label-inline\" for=\"evf-425-field_NI3ayiecwD-11_2\">Capacitaci\u00f3n CTPAT<\/label><\/li><li class=\"choice-9 depth-1\"><input type=\"checkbox\" id=\"evf-425-field_NI3ayiecwD-11_9\" class=\"input-text\" name=\"everest_forms[form_fields][NI3ayiecwD-11][]\" value=\"Capacitaci\u00f3n Enfoque Guardias de Seguridad CTPAT\" required ><label class=\"everest-forms-field-label-inline\" for=\"evf-425-field_NI3ayiecwD-11_9\">Capacitaci\u00f3n Enfoque Guardias de Seguridad CTPAT<\/label><\/li><li class=\"choice-8 depth-1\"><input type=\"checkbox\" id=\"evf-425-field_NI3ayiecwD-11_8\" class=\"input-text\" name=\"everest_forms[form_fields][NI3ayiecwD-11][]\" value=\"CTPAT Trade Compliance\" required ><label class=\"everest-forms-field-label-inline\" for=\"evf-425-field_NI3ayiecwD-11_8\">CTPAT Trade Compliance<\/label><\/li><li class=\"choice-7 depth-1\"><input type=\"checkbox\" id=\"evf-425-field_NI3ayiecwD-11_7\" class=\"input-text\" name=\"everest_forms[form_fields][NI3ayiecwD-11][]\" value=\"Entrenamiento CTPAT\" required ><label class=\"everest-forms-field-label-inline\" for=\"evf-425-field_NI3ayiecwD-11_7\">Entrenamiento CTPAT<\/label><\/li><li class=\"choice-5 depth-1\"><input type=\"checkbox\" id=\"evf-425-field_NI3ayiecwD-11_5\" class=\"input-text\" name=\"everest_forms[form_fields][NI3ayiecwD-11][]\" value=\"Evaluaci\u00f3n Socios Comerciales CTPAT\" required ><label class=\"everest-forms-field-label-inline\" for=\"evf-425-field_NI3ayiecwD-11_5\">Evaluaci\u00f3n Socios Comerciales CTPAT<\/label><\/li><li class=\"choice-3 depth-1\"><input type=\"checkbox\" id=\"evf-425-field_NI3ayiecwD-11_3\" class=\"input-text\" name=\"everest_forms[form_fields][NI3ayiecwD-11][]\" value=\"Gesti\u00f3n del Programa CTPAT\" required ><label class=\"everest-forms-field-label-inline\" for=\"evf-425-field_NI3ayiecwD-11_3\">Gesti\u00f3n del Programa CTPAT<\/label><\/li><li class=\"choice-4 depth-1\"><input type=\"checkbox\" id=\"evf-425-field_NI3ayiecwD-11_4\" class=\"input-text\" name=\"everest_forms[form_fields][NI3ayiecwD-11][]\" value=\"Validaci\u00f3n CTPAT\" required ><label class=\"everest-forms-field-label-inline\" for=\"evf-425-field_NI3ayiecwD-11_4\">Validaci\u00f3n CTPAT<\/label><\/li><\/ul><\/div><div id=\"evf-425-field_PWS87imrBo-6-container\" class=\"evf-field evf-field-textarea form-row validate-required\" data-required-field-message=\"This field is required.\" data-field-id=\"PWS87imrBo-6\"><label class=\"evf-field-label\" for=\"evf-425-field_PWS87imrBo-6\"><span class=\"evf-label\">Comentarios para nuestros Consultores<\/span> <abbr class=\"required\" title=\"Required\">*<\/abbr><\/label><textarea id=\"evf-425-field_PWS87imrBo-6\" class=\"input-text\" name=\"everest_forms[form_fields][PWS87imrBo-6]\" required ><\/textarea><div class=\"evf-field-description\">Cu\u00e9ntanos un poco m\u00e1s sobre tus necesidades, horarios en los cuales se le puede contactar.<\/div><\/div><div id=\"evf-425-field_MoUjBlV64R-13-container\" class=\"evf-field evf-field-checkbox form-row validate-required\" data-required-field-message=\"This field is required.\" data-field-id=\"MoUjBlV64R-13\"><label class=\"evf-field-label\" for=\"evf-425-field_MoUjBlV64R-13\"><span class=\"evf-label\">Aviso de Privacidad<\/span> <abbr class=\"required\" title=\"Required\">*<\/abbr><\/label><ul id=\"evf-425-field_MoUjBlV64R-13\" class=\" evf-field-required\"><li class=\"choice-1 depth-1\"><input type=\"checkbox\" id=\"evf-425-field_MoUjBlV64R-13_1\" class=\"input-text\" name=\"everest_forms[form_fields][MoUjBlV64R-13][]\" value=\"He le\u00eddo y acepto los t\u00e9rminos del Aviso de Privacidad \/ Disclaimer.\" required ><label class=\"everest-forms-field-label-inline\" for=\"evf-425-field_MoUjBlV64R-13_1\">He le\u00eddo y acepto los t\u00e9rminos del Aviso de Privacidad \/ Disclaimer.<\/label><\/li><\/ul><div class=\"evf-field-description\"><A HREF=\"https:\/\/ctpatcertificacion.com\/aviso-de-privacidad\/\">  Aviso de Privacidad \/ Disclaimer<\/A><\/div><\/div><\/div><\/div><\/div><div class=\"evf-honeypot-container evf-field-hp\"><label for=\"evf-425-field-hp\" class=\"evf-field-label\">Phone<\/label><input type=\"text\" name=\"everest_forms[hp]\" id=\"evf-425-field-hp\" class=\"input-text\"><\/div><div class=\"evf-submit-container \" ><input type=\"hidden\" name=\"everest_forms[id]\" value=\"425\"><input type=\"hidden\" name=\"everest_forms[author]\" value=\"1\"><button type='submit' name='everest_forms[submit]' class='everest-forms-submit-button button evf-submit ' id='evf-submit-425' value='evf-submit' data-process-text=\"Procesando...\" conditional_rules='&quot;&quot;' conditional_id='evf-submit-425'  id=\"evf-submit-425\" aria-live=\"assertive\">Enviar<\/button><\/div><\/form><\/div><!-- .evf-container --><\/div>","protected":false},"excerpt":{"rendered":"<p>En 2020, el Servicio de Aduanas y Protecci\u00f3n de Fronteras de Estados Unidos (CBP) public\u00f3 un nuevo conjunto de normas [&hellip;]<\/p>\n","protected":false},"author":1,"featured_media":0,"parent":0,"menu_order":0,"comment_status":"closed","ping_status":"closed","template":"","meta":{"_monsterinsights_skip_tracking":false,"_monsterinsights_sitenote_active":false,"_monsterinsights_sitenote_note":"","_monsterinsights_sitenote_category":0,"_joinchat":[],"footnotes":""},"class_list":["post-1393","page","type-page","status-publish","hentry"],"yoast_head":"<!-- This site is optimized with the Yoast SEO Premium plugin v22.0 (Yoast SEO v27.4) - https:\/\/yoast.com\/product\/yoast-seo-premium-wordpress\/ -->\n<title>Criterios M\u00ednimos de Seguridad CTPAT MSC - CTPAT: Customs Trade Partnership Against Terrorism<\/title>\n<meta name=\"robots\" content=\"index, follow, max-snippet:-1, max-image-preview:large, max-video-preview:-1\" \/>\n<link rel=\"canonical\" href=\"https:\/\/ctpatcertificacion.com\/en\/criterios-minimos-de-seguridad-ctpat-msc\/\" \/>\n<meta property=\"og:locale\" content=\"en_US\" \/>\n<meta property=\"og:type\" content=\"article\" \/>\n<meta property=\"og:title\" content=\"Criterios M\u00ednimos de Seguridad CTPAT MSC\" \/>\n<meta property=\"og:description\" content=\"En 2020, el Servicio de Aduanas y Protecci\u00f3n de Fronteras de Estados Unidos (CBP) public\u00f3 un nuevo conjunto de normas [&hellip;]\" \/>\n<meta property=\"og:url\" content=\"https:\/\/ctpatcertificacion.com\/en\/criterios-minimos-de-seguridad-ctpat-msc\/\" \/>\n<meta property=\"og:site_name\" content=\"CTPAT: Customs Trade Partnership Against Terrorism\" \/>\n<meta property=\"article:modified_time\" content=\"2022-11-08T18:44:11+00:00\" \/>\n<meta name=\"twitter:card\" content=\"summary_large_image\" \/>\n<meta name=\"twitter:label1\" content=\"Est. reading time\" \/>\n\t<meta name=\"twitter:data1\" content=\"2 minutes\" \/>\n<script type=\"application\/ld+json\" class=\"yoast-schema-graph\">{\"@context\":\"https:\\\/\\\/schema.org\",\"@graph\":[{\"@type\":\"WebPage\",\"@id\":\"https:\\\/\\\/ctpatcertificacion.com\\\/criterios-minimos-de-seguridad-ctpat-msc\\\/\",\"url\":\"https:\\\/\\\/ctpatcertificacion.com\\\/criterios-minimos-de-seguridad-ctpat-msc\\\/\",\"name\":\"Criterios M\u00ednimos de Seguridad CTPAT MSC - CTPAT: Customs Trade Partnership Against Terrorism\",\"isPartOf\":{\"@id\":\"https:\\\/\\\/ctpatcertificacion.com\\\/#website\"},\"datePublished\":\"2022-08-22T01:21:07+00:00\",\"dateModified\":\"2022-11-08T18:44:11+00:00\",\"breadcrumb\":{\"@id\":\"https:\\\/\\\/ctpatcertificacion.com\\\/criterios-minimos-de-seguridad-ctpat-msc\\\/#breadcrumb\"},\"inLanguage\":\"en-US\",\"potentialAction\":[{\"@type\":\"ReadAction\",\"target\":[\"https:\\\/\\\/ctpatcertificacion.com\\\/criterios-minimos-de-seguridad-ctpat-msc\\\/\"]}]},{\"@type\":\"BreadcrumbList\",\"@id\":\"https:\\\/\\\/ctpatcertificacion.com\\\/criterios-minimos-de-seguridad-ctpat-msc\\\/#breadcrumb\",\"itemListElement\":[{\"@type\":\"ListItem\",\"position\":1,\"name\":\"Portada\",\"item\":\"https:\\\/\\\/ctpatcertificacion.com\\\/\"},{\"@type\":\"ListItem\",\"position\":2,\"name\":\"Criterios M\u00ednimos de Seguridad CTPAT MSC\"}]},{\"@type\":\"WebSite\",\"@id\":\"https:\\\/\\\/ctpatcertificacion.com\\\/#website\",\"url\":\"https:\\\/\\\/ctpatcertificacion.com\\\/\",\"name\":\"Consultor\u00eda CTPAT en M\u00e9xico | Certificaci\u00f3n, Validaci\u00f3n y Capacitaci\u00f3n | LM Consultores\",\"description\":\"CTPAT (Customs-Trade Partnership Against Terrorism) es una iniciativa entre el gobierno de los Estados Unidos y la iniciativa privada con la finalidad de garantizar la seguridad en las distintas \u00e1reas de la cadena de suministro y protegerla en contra del terrorismo.\",\"publisher\":{\"@id\":\"https:\\\/\\\/ctpatcertificacion.com\\\/#organization\"},\"potentialAction\":[{\"@type\":\"SearchAction\",\"target\":{\"@type\":\"EntryPoint\",\"urlTemplate\":\"https:\\\/\\\/ctpatcertificacion.com\\\/?s={search_term_string}\"},\"query-input\":{\"@type\":\"PropertyValueSpecification\",\"valueRequired\":true,\"valueName\":\"search_term_string\"}}],\"inLanguage\":\"en-US\"},{\"@type\":[\"Organization\",\"Place\"],\"@id\":\"https:\\\/\\\/ctpatcertificacion.com\\\/#organization\",\"name\":\"LM Consultores\",\"url\":\"https:\\\/\\\/ctpatcertificacion.com\\\/\",\"logo\":{\"@id\":\"https:\\\/\\\/ctpatcertificacion.com\\\/criterios-minimos-de-seguridad-ctpat-msc\\\/#local-main-organization-logo\"},\"image\":{\"@id\":\"https:\\\/\\\/ctpatcertificacion.com\\\/criterios-minimos-de-seguridad-ctpat-msc\\\/#local-main-organization-logo\"},\"openingHoursSpecification\":[{\"@type\":\"OpeningHoursSpecification\",\"dayOfWeek\":[\"Monday\",\"Tuesday\",\"Wednesday\",\"Thursday\",\"Friday\",\"Saturday\"],\"opens\":\"06:00\",\"closes\":\"17:00\"},{\"@type\":\"OpeningHoursSpecification\",\"dayOfWeek\":[\"Sunday\"],\"opens\":\"00:00\",\"closes\":\"00:00\"}]},{\"@type\":\"ImageObject\",\"inLanguage\":\"en-US\",\"@id\":\"https:\\\/\\\/ctpatcertificacion.com\\\/criterios-minimos-de-seguridad-ctpat-msc\\\/#local-main-organization-logo\",\"url\":\"https:\\\/\\\/ctpatcertificacion.com\\\/wp-content\\\/uploads\\\/2022\\\/03\\\/ctpat-logo-arriba.png\",\"contentUrl\":\"https:\\\/\\\/ctpatcertificacion.com\\\/wp-content\\\/uploads\\\/2022\\\/03\\\/ctpat-logo-arriba.png\",\"width\":600,\"height\":600,\"caption\":\"LM Consultores\"}]}<\/script>\n<!-- \/ Yoast SEO Premium plugin. -->","yoast_head_json":{"title":"Criterios M\u00ednimos de Seguridad CTPAT MSC - CTPAT: Customs Trade Partnership Against Terrorism","robots":{"index":"index","follow":"follow","max-snippet":"max-snippet:-1","max-image-preview":"max-image-preview:large","max-video-preview":"max-video-preview:-1"},"canonical":"https:\/\/ctpatcertificacion.com\/en\/criterios-minimos-de-seguridad-ctpat-msc\/","og_locale":"en_US","og_type":"article","og_title":"Criterios M\u00ednimos de Seguridad CTPAT MSC","og_description":"En 2020, el Servicio de Aduanas y Protecci\u00f3n de Fronteras de Estados Unidos (CBP) public\u00f3 un nuevo conjunto de normas [&hellip;]","og_url":"https:\/\/ctpatcertificacion.com\/en\/criterios-minimos-de-seguridad-ctpat-msc\/","og_site_name":"CTPAT: Customs Trade Partnership Against Terrorism","article_modified_time":"2022-11-08T18:44:11+00:00","twitter_card":"summary_large_image","twitter_misc":{"Est. reading time":"2 minutes"},"schema":{"@context":"https:\/\/schema.org","@graph":[{"@type":"WebPage","@id":"https:\/\/ctpatcertificacion.com\/criterios-minimos-de-seguridad-ctpat-msc\/","url":"https:\/\/ctpatcertificacion.com\/criterios-minimos-de-seguridad-ctpat-msc\/","name":"Criterios M\u00ednimos de Seguridad CTPAT MSC - CTPAT: Customs Trade Partnership Against Terrorism","isPartOf":{"@id":"https:\/\/ctpatcertificacion.com\/#website"},"datePublished":"2022-08-22T01:21:07+00:00","dateModified":"2022-11-08T18:44:11+00:00","breadcrumb":{"@id":"https:\/\/ctpatcertificacion.com\/criterios-minimos-de-seguridad-ctpat-msc\/#breadcrumb"},"inLanguage":"en-US","potentialAction":[{"@type":"ReadAction","target":["https:\/\/ctpatcertificacion.com\/criterios-minimos-de-seguridad-ctpat-msc\/"]}]},{"@type":"BreadcrumbList","@id":"https:\/\/ctpatcertificacion.com\/criterios-minimos-de-seguridad-ctpat-msc\/#breadcrumb","itemListElement":[{"@type":"ListItem","position":1,"name":"Portada","item":"https:\/\/ctpatcertificacion.com\/"},{"@type":"ListItem","position":2,"name":"Criterios M\u00ednimos de Seguridad CTPAT MSC"}]},{"@type":"WebSite","@id":"https:\/\/ctpatcertificacion.com\/#website","url":"https:\/\/ctpatcertificacion.com\/","name":"Consultor\u00eda CTPAT en M\u00e9xico | Certificaci\u00f3n, Validaci\u00f3n y Capacitaci\u00f3n | LM Consultores","description":"CTPAT (Customs-Trade Partnership Against Terrorism) es una iniciativa entre el gobierno de los Estados Unidos y la iniciativa privada con la finalidad de garantizar la seguridad en las distintas \u00e1reas de la cadena de suministro y protegerla en contra del terrorismo.","publisher":{"@id":"https:\/\/ctpatcertificacion.com\/#organization"},"potentialAction":[{"@type":"SearchAction","target":{"@type":"EntryPoint","urlTemplate":"https:\/\/ctpatcertificacion.com\/?s={search_term_string}"},"query-input":{"@type":"PropertyValueSpecification","valueRequired":true,"valueName":"search_term_string"}}],"inLanguage":"en-US"},{"@type":["Organization","Place"],"@id":"https:\/\/ctpatcertificacion.com\/#organization","name":"LM Consultores","url":"https:\/\/ctpatcertificacion.com\/","logo":{"@id":"https:\/\/ctpatcertificacion.com\/criterios-minimos-de-seguridad-ctpat-msc\/#local-main-organization-logo"},"image":{"@id":"https:\/\/ctpatcertificacion.com\/criterios-minimos-de-seguridad-ctpat-msc\/#local-main-organization-logo"},"openingHoursSpecification":[{"@type":"OpeningHoursSpecification","dayOfWeek":["Monday","Tuesday","Wednesday","Thursday","Friday","Saturday"],"opens":"06:00","closes":"17:00"},{"@type":"OpeningHoursSpecification","dayOfWeek":["Sunday"],"opens":"00:00","closes":"00:00"}]},{"@type":"ImageObject","inLanguage":"en-US","@id":"https:\/\/ctpatcertificacion.com\/criterios-minimos-de-seguridad-ctpat-msc\/#local-main-organization-logo","url":"https:\/\/ctpatcertificacion.com\/wp-content\/uploads\/2022\/03\/ctpat-logo-arriba.png","contentUrl":"https:\/\/ctpatcertificacion.com\/wp-content\/uploads\/2022\/03\/ctpat-logo-arriba.png","width":600,"height":600,"caption":"LM Consultores"}]}},"_links":{"self":[{"href":"https:\/\/ctpatcertificacion.com\/en\/wp-json\/wp\/v2\/pages\/1393","targetHints":{"allow":["GET"]}}],"collection":[{"href":"https:\/\/ctpatcertificacion.com\/en\/wp-json\/wp\/v2\/pages"}],"about":[{"href":"https:\/\/ctpatcertificacion.com\/en\/wp-json\/wp\/v2\/types\/page"}],"author":[{"embeddable":true,"href":"https:\/\/ctpatcertificacion.com\/en\/wp-json\/wp\/v2\/users\/1"}],"replies":[{"embeddable":true,"href":"https:\/\/ctpatcertificacion.com\/en\/wp-json\/wp\/v2\/comments?post=1393"}],"version-history":[{"count":0,"href":"https:\/\/ctpatcertificacion.com\/en\/wp-json\/wp\/v2\/pages\/1393\/revisions"}],"wp:attachment":[{"href":"https:\/\/ctpatcertificacion.com\/en\/wp-json\/wp\/v2\/media?parent=1393"}],"curies":[{"name":"wp","href":"https:\/\/api.w.org\/{rel}","templated":true}]}}