{"id":1423,"date":"2022-08-30T15:42:41","date_gmt":"2022-08-30T15:42:41","guid":{"rendered":"https:\/\/ctpatcertificacion.com\/?page_id=1423"},"modified":"2023-07-12T03:44:11","modified_gmt":"2023-07-12T03:44:11","slug":"la-optimizacion-de-la-gestion-del-ctpat-comienza-con-la-comprension-de-los-elementos-cruciales-del-mantenimiento-de-la-certificacion","status":"publish","type":"page","link":"https:\/\/ctpatcertificacion.com\/en\/la-optimizacion-de-la-gestion-del-ctpat-comienza-con-la-comprension-de-los-elementos-cruciales-del-mantenimiento-de-la-certificacion\/","title":{"rendered":"Optimizing CTPAT management"},"content":{"rendered":"<h2 style=\"text-align: center;\"><strong>Annual CTPAT security awareness<\/strong><\/h2>\n<p><img decoding=\"async\" class=\"aligncenter wp-image-922\" src=\"https:\/\/ctpatcertificacion.com\/wp-content\/uploads\/2021\/07\/cropped-CTPAT-Logo-2017-2-3-e1551751667116.png\" alt=\"\" width=\"295\" height=\"63\" srcset=\"https:\/\/ctpatcertificacion.com\/wp-content\/uploads\/2021\/07\/cropped-CTPAT-Logo-2017-2-3-e1551751667116.png 248w, https:\/\/ctpatcertificacion.com\/wp-content\/uploads\/2021\/07\/cropped-CTPAT-Logo-2017-2-3-e1551751667116-18x4.png 18w\" sizes=\"(max-width: 295px) 100vw, 295px\" \/><\/p>\n<p style=\"text-align: center;\"><strong>Este curso de formaci\u00f3n proporciona a todos los empleados una visi\u00f3n general de los nuevos requisitos de \u00abFormaci\u00f3n y Concienciaci\u00f3n\u00bb del CBP.<\/strong><\/p>\n<h2><strong>Minimum security criteria<\/strong><\/h2>\n<p>Las empresas certificadas por <strong>CBP<\/strong> en <strong>CTPAT<\/strong> deben cumplir los nuevos criterios m\u00ednimos de seguridad recientemente publicados. Este curso describe los criterios y las mejores pr\u00e1cticas para las validaciones <strong>CTPAT<\/strong><\/p>\n<p>El curso sirve como m\u00f3dulo de formaci\u00f3n pr\u00e1ctica para<\/p>\n<ul>\n<li>Miembros actuales de <strong>CTPAT<\/strong> que esperan cumplir los nuevos criterios m\u00ednimos de seguridad, maximizar sus beneficios en el programa o mejorar la comprensi\u00f3n del programa <strong>CTPAT<\/strong> en toda la empresa<\/li>\n<li>Empresas que aspiran a convertirse en miembros de <strong>CTPAT<\/strong> y buscan consejos pr\u00e1cticos sobre las mejores pr\u00e1cticas para los perfiles de seguridad, las validaciones y otros elementos de la participaci\u00f3n en el programa<\/li>\n<li>Empresas que no son miembros de <strong>CTPAT<\/strong> y que buscan mejorar la eficiencia y la seguridad dentro de sus cadenas de suministro o pretenden adherirse a las normas de <strong>CTPAT<\/strong> seg\u00fan lo exigido por los socios comerciales<\/li>\n<\/ul>\n<p>Contenido del curso<\/p>\n<ul>\n<li>Visi\u00f3n general e historia del programa <strong>CTPAT<\/strong><\/li>\n<li>Ejemplos interactivos de escenarios de contrabando en la cadena de suministro y vulnerabilidades en el transporte<\/li>\n<li>Actualizaciones de los criterios m\u00ednimos de seguridad<\/li>\n<li>Mejores pr\u00e1cticas para completar el perfil de seguridad y preparar las validaciones<\/li>\n<li>Una mirada en profundidad a los nuevos Criterios de Seguridad Corporativa<\/li>\n<\/ul>\n<h2><strong>CTPAT Security Profile Course<\/strong><\/h2>\n<p>Este curso guiar\u00e1 a su empresa a trav\u00e9s del proceso Ilustrando las mejores pr\u00e1cticas a seguir y los errores comunes a evitar.<\/p>\n<p>Tanto si su empresa est\u00e1 actualizando su perfil de seguridad <strong>CTPAT<\/strong> como si es un nuevo miembro que lo completa por primera vez, nuestros asesores, le guiar\u00e1n a su empresa a trav\u00e9s del proceso en este curso interactivo a su propio ritmo, utilizando las lecciones aprendidas de eventos de la vida real para ilustrar tanto las mejores pr\u00e1cticas a seguir como los errores comunes a evitar.<\/p>\n<p>El curso sirve como m\u00f3dulo de formaci\u00f3n pr\u00e1ctica para:<\/p>\n<ul>\n<li>Miembros actuales del <strong>CTPAT<\/strong> que actualizan su perfil de seguridad por primera vez seg\u00fan los nuevos criterios m\u00ednimos de seguridad.<\/li>\n<li>Empresas que deseen convertirse en miembros de <strong>CTPAT<\/strong> y busquen consejos pr\u00e1cticos sobre las mejores pr\u00e1cticas para el Perfil de Seguridad.<\/li>\n<li>Miembros de <strong>CTPAT<\/strong> que contratan personal adicional en el proceso de Perfil de Seguridad\/Validaci\u00f3n.<\/li>\n<li>Miembros de <strong>CTPAT<\/strong> que busquen una mayor confianza en que su Perfil de Seguridad est\u00e1 suficientemente completado antes de la validaci\u00f3n.<\/li>\n<\/ul>\n<p>Contenido del curso<\/p>\n<ul>\n<li>Mejores pr\u00e1cticas para completar el perfil<\/li>\n<li>Criterios clave de seguridad en las nuevas secciones clave del perfil<\/li>\n<li>Consejos de informaci\u00f3n privilegiada y \u00ablo que hay que hacer y lo que no hay que hacer\u00bb<\/li>\n<li>El proceso de env\u00edo de informaci\u00f3n a trav\u00e9s del perfil<\/li>\n<li>Ejemplos de materiales de presentaci\u00f3n aceptables.<\/li>\n<\/ul>\n<h2><strong>Virtual validation<\/strong><\/h2>\n<p>Este curso de formaci\u00f3n prepara a las empresas para tener \u00e9xito en sus validaciones virtuales destacando las mejores pr\u00e1cticas a seguir y los errores comunes a evitar.<\/p>\n<p>La pandemia COVID-19 aceler\u00f3 los planes en los que el programa CTPAT hab\u00eda estado trabajando para desarrollar un proceso de validaci\u00f3n virtual para algunos miembros. Los cierres, las restricciones de viaje y los protocolos de distanciamiento social impidieron al <strong>CTPAT<\/strong> realizar visitas f\u00edsicas a los centros. En respuesta a este desaf\u00edo, <strong>CTPAT<\/strong> aceler\u00f3 la implementaci\u00f3n de su proceso de validaci\u00f3n virtual y habr\u00e1 realizado casi 2.000 validaciones virtuales para el 31 de diciembre de 2021. Este curso de formaci\u00f3n prepara a las empresas para tener \u00e9xito en sus validaciones virtuales destacando las mejores pr\u00e1cticas a seguir y los errores comunes a evitar. Nuestros Asesores en <strong>CTPAT<\/strong> han estado realizando validaciones virtuales para programas globales de <a href=\"https:\/\/certificacionoea.com\/\">Operadores Econ\u00f3micos Autorizados (OEA)<\/a> y ayudando a las empresas <strong>CTPAT<\/strong> con sus validaciones virtuales.<\/p>\n<p>El curso sirve como m\u00f3dulo de formaci\u00f3n pr\u00e1ctica para:<\/p>\n<ul>\n<li>Empresas miembros de CTPAT que deseen prepararse para una validaci\u00f3n virtual exitosa.<\/li>\n<li>El equipo CTPAT de las empresas a trav\u00e9s de todas las divisiones relevantes de una cadena de suministro de seguridad; incluyendo el transporte, TI, el cumplimiento, la importaci\u00f3n \/ exportaci\u00f3n, la seguridad, los recursos humanos, las finanzas, las ventas, la administraci\u00f3n y los ejecutivos.<\/li>\n<li>Empresas que buscan entender las diferencias \u00fanicas en el proceso de validaci\u00f3n virtual.<\/li>\n<\/ul>\n<p>Contenido del curso:<\/p>\n<ul>\n<li>C\u00f3mo preparar a su equipo <strong>CTPAT<\/strong> para una validaci\u00f3n virtual frente a la validaci\u00f3n tradicional en persona.<\/li>\n<li>Mejores pr\u00e1cticas y orientaci\u00f3n para las validaciones virtuales.<\/li>\n<li>C\u00f3mo evitar los errores m\u00e1s comunes en el proceso de validaci\u00f3n virtual.<\/li>\n<\/ul>\n<h2><strong>Course on the security profile of road carriers<\/strong><\/h2>\n<p>Tanto si su empresa est\u00e1 actualizando su perfil de seguridad <strong>CTPAT <\/strong>como si es un nuevo miembro que lo completa por primera vez, nuestros asesores le guiar\u00e1n a su empresa a trav\u00e9s del proceso en este curso interactivo , utilizando las lecciones aprendidas de eventos de la vida real para ilustrar tanto las mejores pr\u00e1cticas a seguir como los errores comunes a evitar.<\/p>\n<p>El curso sirve como m\u00f3dulo de formaci\u00f3n pr\u00e1ctica para<\/p>\n<ul>\n<li>Miembros actuales del <strong>CTPAT <\/strong>que actualizan su perfil de seguridad por primera vez seg\u00fan los nuevos criterios m\u00ednimos de seguridad.<\/li>\n<li>Empresas que deseen convertirse en miembros de <strong>CTPAT<\/strong> y busquen consejos pr\u00e1cticos sobre las mejores pr\u00e1cticas para el Perfil de Seguridad.<\/li>\n<li>Miembros de <strong>CTPAT<\/strong> que contratan personal adicional en el proceso de Perfil de Seguridad\/Validaci\u00f3n.<\/li>\n<li>Miembros de <strong>CTPAT <\/strong>que busquen una mayor confianza en que su Perfil de Seguridad est\u00e1 suficientemente completado antes de la validaci\u00f3n.<\/li>\n<\/ul>\n<p>Contenido del curso<\/p>\n<ul>\n<li>Mejores pr\u00e1cticas para completar el perfil<\/li>\n<li>Criterios clave de seguridad en las nuevas secciones clave del perfil<\/li>\n<li>Consejos de informaci\u00f3n privilegiada y \u00ablo que hay que hacer y lo que no hay que hacer\u00bb de antiguos directores de CTPAT<\/li>\n<li>El proceso de env\u00edo de informaci\u00f3n a trav\u00e9s del perfil<\/li>\n<li>Ejemplos de materiales de presentaci\u00f3n aceptables.<\/li>\n<\/ul>\n<h2><strong>Engaging with CTPAT-certified business partners<\/strong><\/h2>\n<p>Aseg\u00farese de que sus proveedores y socios comerciales son conscientes de las normas que deben cumplir, para evitar compromisos durante sus evaluaciones <strong>CTPAT<\/strong>.<\/p>\n<p>El <strong>CTPAT<\/strong> establece las normas mundiales para la integridad de la cadena de suministro. Aunque su empresa no pueda acogerse al programa <strong>CTPAT<\/strong>, asociarse con empresas miembros le prepara para gestionar las interrupciones de la cadena de suministro y optimiza su integridad operativa. Este curso informa a las empresas que se asocian con los miembros de <strong>CTPAT<\/strong> sobre las mejores pr\u00e1cticas para mantener el cumplimiento y aprovechar las ventajas de su relaci\u00f3n comercial.<\/p>\n<p>El curso sirve como m\u00f3dulo de formaci\u00f3n pr\u00e1ctica para:<\/p>\n<ul>\n<li>Empresas que aspiran a cumplir las normas <strong>CTPAT<\/strong> exigidas por sus socios comerciales<\/li>\n<li>Empresas no pertenecientes a <strong>CTPAT<\/strong> que aspiran a mejorar la seguridad de la cadena de suministro y a aumentar la comerciabilidad entre sus socios comerciales y clientes<\/li>\n<\/ul>\n<p>Contenido del curso<\/p>\n<ul>\n<li>La importancia de cumplir las normas <strong>CTPAT<\/strong> y las normas <a href=\"https:\/\/certificacionoea.com\/\">OEA<\/a> similares<\/li>\n<li>Las mejores pr\u00e1cticas para mantener el cumplimiento como socio comercial de confianza<\/li>\n<li>Beneficios a largo plazo y formas de aprovechar las ventajas de la asociaci\u00f3n<\/li>\n<\/ul>\n<h4><\/h4>\n<p><img decoding=\"async\" class=\"wp-image-1427  aligncenter\" src=\"https:\/\/ctpatcertificacion.com\/wp-content\/uploads\/2022\/08\/doblelogo.jpg\" alt=\"CTPAT CBP\" width=\"254\" height=\"113\" srcset=\"https:\/\/ctpatcertificacion.com\/wp-content\/uploads\/2022\/08\/doblelogo.jpg 350w, https:\/\/ctpatcertificacion.com\/wp-content\/uploads\/2022\/08\/doblelogo-300x134.jpg 300w, https:\/\/ctpatcertificacion.com\/wp-content\/uploads\/2022\/08\/doblelogo-18x8.jpg 18w\" sizes=\"(max-width: 254px) 100vw, 254px\" \/><img decoding=\"async\" class=\"wp-image-1701 aligncenter\" src=\"https:\/\/ctpatcertificacion.com\/wp-content\/uploads\/2023\/05\/LM-CONSULTORES-FONDO-BLANCO-SIN-FONDO-150x150.png\" alt=\"\" width=\"181\" height=\"181\" srcset=\"https:\/\/ctpatcertificacion.com\/wp-content\/uploads\/2023\/05\/LM-CONSULTORES-FONDO-BLANCO-SIN-FONDO-150x150.png 150w, https:\/\/ctpatcertificacion.com\/wp-content\/uploads\/2023\/05\/LM-CONSULTORES-FONDO-BLANCO-SIN-FONDO-300x300.png 300w, https:\/\/ctpatcertificacion.com\/wp-content\/uploads\/2023\/05\/LM-CONSULTORES-FONDO-BLANCO-SIN-FONDO-1024x1024.png 1024w, https:\/\/ctpatcertificacion.com\/wp-content\/uploads\/2023\/05\/LM-CONSULTORES-FONDO-BLANCO-SIN-FONDO-768x768.png 768w, https:\/\/ctpatcertificacion.com\/wp-content\/uploads\/2023\/05\/LM-CONSULTORES-FONDO-BLANCO-SIN-FONDO-1536x1536.png 1536w, https:\/\/ctpatcertificacion.com\/wp-content\/uploads\/2023\/05\/LM-CONSULTORES-FONDO-BLANCO-SIN-FONDO-12x12.png 12w, https:\/\/ctpatcertificacion.com\/wp-content\/uploads\/2023\/05\/LM-CONSULTORES-FONDO-BLANCO-SIN-FONDO.png 2000w\" sizes=\"(max-width: 181px) 100vw, 181px\" \/><\/p>\n<p style=\"text-align: center;\"><b>Contacta a nuestros&nbsp;asesores en <\/b><a style=\"font-weight: bold;\" href=\"https:\/\/ctpatcertificacion.com\/en\/#contact\">CTPAT dando click en esta liga<\/a><\/p>","protected":false},"excerpt":{"rendered":"<p>Concienciaci\u00f3n anual sobre la seguridad del CTPAT Este curso de formaci\u00f3n proporciona a todos los empleados una visi\u00f3n general de [&hellip;]<\/p>\n","protected":false},"author":2,"featured_media":1048,"parent":0,"menu_order":0,"comment_status":"closed","ping_status":"closed","template":"page-templates\/full-width.php","meta":{"_monsterinsights_skip_tracking":false,"_monsterinsights_sitenote_active":false,"_monsterinsights_sitenote_note":"","_monsterinsights_sitenote_category":0,"_joinchat":[],"footnotes":""},"class_list":["post-1423","page","type-page","status-publish","has-post-thumbnail","hentry"],"yoast_head":"<!-- This site is optimized with the Yoast SEO Premium plugin v22.0 (Yoast SEO v27.5) - https:\/\/yoast.com\/product\/yoast-seo-premium-wordpress\/ -->\n<title>La optimizaci\u00f3n de la gesti\u00f3n del CTPAT - CTPAT: Customs Trade Partnership Against Terrorism<\/title>\n<meta name=\"robots\" content=\"index, follow, max-snippet:-1, max-image-preview:large, max-video-preview:-1\" \/>\n<link rel=\"canonical\" href=\"https:\/\/ctpatcertificacion.com\/en\/la-optimizacion-de-la-gestion-del-ctpat-comienza-con-la-comprension-de-los-elementos-cruciales-del-mantenimiento-de-la-certificacion\/\" \/>\n<meta property=\"og:locale\" content=\"en_US\" \/>\n<meta property=\"og:type\" content=\"article\" \/>\n<meta property=\"og:title\" content=\"La optimizaci\u00f3n de la gesti\u00f3n del CTPAT\" \/>\n<meta property=\"og:description\" content=\"Concienciaci\u00f3n anual sobre la seguridad del CTPAT Este curso de formaci\u00f3n proporciona a todos los empleados una visi\u00f3n general de [&hellip;]\" \/>\n<meta property=\"og:url\" content=\"https:\/\/ctpatcertificacion.com\/en\/la-optimizacion-de-la-gestion-del-ctpat-comienza-con-la-comprension-de-los-elementos-cruciales-del-mantenimiento-de-la-certificacion\/\" \/>\n<meta property=\"og:site_name\" content=\"CTPAT: Customs Trade Partnership Against Terrorism\" \/>\n<meta property=\"article:modified_time\" content=\"2023-07-12T03:44:11+00:00\" \/>\n<meta property=\"og:image\" content=\"https:\/\/ctpatcertificacion.com\/wp-content\/uploads\/2022\/03\/logoloma.png\" \/>\n\t<meta property=\"og:image:width\" content=\"900\" \/>\n\t<meta property=\"og:image:height\" content=\"600\" \/>\n\t<meta property=\"og:image:type\" content=\"image\/png\" \/>\n<meta name=\"twitter:card\" content=\"summary_large_image\" \/>\n<meta name=\"twitter:label1\" content=\"Est. reading time\" \/>\n\t<meta name=\"twitter:data1\" content=\"6 minutes\" \/>\n<script type=\"application\/ld+json\" class=\"yoast-schema-graph\">{\"@context\":\"https:\\\/\\\/schema.org\",\"@graph\":[{\"@type\":\"WebPage\",\"@id\":\"https:\\\/\\\/ctpatcertificacion.com\\\/la-optimizacion-de-la-gestion-del-ctpat-comienza-con-la-comprension-de-los-elementos-cruciales-del-mantenimiento-de-la-certificacion\\\/\",\"url\":\"https:\\\/\\\/ctpatcertificacion.com\\\/la-optimizacion-de-la-gestion-del-ctpat-comienza-con-la-comprension-de-los-elementos-cruciales-del-mantenimiento-de-la-certificacion\\\/\",\"name\":\"La optimizaci\u00f3n de la gesti\u00f3n del CTPAT - CTPAT: Customs Trade Partnership Against Terrorism\",\"isPartOf\":{\"@id\":\"https:\\\/\\\/ctpatcertificacion.com\\\/#website\"},\"primaryImageOfPage\":{\"@id\":\"https:\\\/\\\/ctpatcertificacion.com\\\/la-optimizacion-de-la-gestion-del-ctpat-comienza-con-la-comprension-de-los-elementos-cruciales-del-mantenimiento-de-la-certificacion\\\/#primaryimage\"},\"image\":{\"@id\":\"https:\\\/\\\/ctpatcertificacion.com\\\/la-optimizacion-de-la-gestion-del-ctpat-comienza-con-la-comprension-de-los-elementos-cruciales-del-mantenimiento-de-la-certificacion\\\/#primaryimage\"},\"thumbnailUrl\":\"https:\\\/\\\/ctpatcertificacion.com\\\/wp-content\\\/uploads\\\/2022\\\/03\\\/logoloma.png\",\"datePublished\":\"2022-08-30T15:42:41+00:00\",\"dateModified\":\"2023-07-12T03:44:11+00:00\",\"breadcrumb\":{\"@id\":\"https:\\\/\\\/ctpatcertificacion.com\\\/la-optimizacion-de-la-gestion-del-ctpat-comienza-con-la-comprension-de-los-elementos-cruciales-del-mantenimiento-de-la-certificacion\\\/#breadcrumb\"},\"inLanguage\":\"en-US\",\"potentialAction\":[{\"@type\":\"ReadAction\",\"target\":[\"https:\\\/\\\/ctpatcertificacion.com\\\/la-optimizacion-de-la-gestion-del-ctpat-comienza-con-la-comprension-de-los-elementos-cruciales-del-mantenimiento-de-la-certificacion\\\/\"]}]},{\"@type\":\"ImageObject\",\"inLanguage\":\"en-US\",\"@id\":\"https:\\\/\\\/ctpatcertificacion.com\\\/la-optimizacion-de-la-gestion-del-ctpat-comienza-con-la-comprension-de-los-elementos-cruciales-del-mantenimiento-de-la-certificacion\\\/#primaryimage\",\"url\":\"https:\\\/\\\/ctpatcertificacion.com\\\/wp-content\\\/uploads\\\/2022\\\/03\\\/logoloma.png\",\"contentUrl\":\"https:\\\/\\\/ctpatcertificacion.com\\\/wp-content\\\/uploads\\\/2022\\\/03\\\/logoloma.png\",\"width\":900,\"height\":600},{\"@type\":\"BreadcrumbList\",\"@id\":\"https:\\\/\\\/ctpatcertificacion.com\\\/la-optimizacion-de-la-gestion-del-ctpat-comienza-con-la-comprension-de-los-elementos-cruciales-del-mantenimiento-de-la-certificacion\\\/#breadcrumb\",\"itemListElement\":[{\"@type\":\"ListItem\",\"position\":1,\"name\":\"Portada\",\"item\":\"https:\\\/\\\/ctpatcertificacion.com\\\/\"},{\"@type\":\"ListItem\",\"position\":2,\"name\":\"La optimizaci\u00f3n de la gesti\u00f3n del CTPAT\"}]},{\"@type\":\"WebSite\",\"@id\":\"https:\\\/\\\/ctpatcertificacion.com\\\/#website\",\"url\":\"https:\\\/\\\/ctpatcertificacion.com\\\/\",\"name\":\"Consultor\u00eda CTPAT en M\u00e9xico | Certificaci\u00f3n, Validaci\u00f3n y Capacitaci\u00f3n | LM Consultores\",\"description\":\"CTPAT (Customs-Trade Partnership Against Terrorism) es una iniciativa entre el gobierno de los Estados Unidos y la iniciativa privada con la finalidad de garantizar la seguridad en las distintas \u00e1reas de la cadena de suministro y protegerla en contra del terrorismo.\",\"publisher\":{\"@id\":\"https:\\\/\\\/ctpatcertificacion.com\\\/#organization\"},\"potentialAction\":[{\"@type\":\"SearchAction\",\"target\":{\"@type\":\"EntryPoint\",\"urlTemplate\":\"https:\\\/\\\/ctpatcertificacion.com\\\/?s={search_term_string}\"},\"query-input\":{\"@type\":\"PropertyValueSpecification\",\"valueRequired\":true,\"valueName\":\"search_term_string\"}}],\"inLanguage\":\"en-US\"},{\"@type\":[\"Organization\",\"Place\"],\"@id\":\"https:\\\/\\\/ctpatcertificacion.com\\\/#organization\",\"name\":\"LM Consultores\",\"url\":\"https:\\\/\\\/ctpatcertificacion.com\\\/\",\"logo\":{\"@id\":\"https:\\\/\\\/ctpatcertificacion.com\\\/la-optimizacion-de-la-gestion-del-ctpat-comienza-con-la-comprension-de-los-elementos-cruciales-del-mantenimiento-de-la-certificacion\\\/#local-main-organization-logo\"},\"image\":{\"@id\":\"https:\\\/\\\/ctpatcertificacion.com\\\/la-optimizacion-de-la-gestion-del-ctpat-comienza-con-la-comprension-de-los-elementos-cruciales-del-mantenimiento-de-la-certificacion\\\/#local-main-organization-logo\"},\"openingHoursSpecification\":[{\"@type\":\"OpeningHoursSpecification\",\"dayOfWeek\":[\"Monday\",\"Tuesday\",\"Wednesday\",\"Thursday\",\"Friday\",\"Saturday\"],\"opens\":\"06:00\",\"closes\":\"17:00\"},{\"@type\":\"OpeningHoursSpecification\",\"dayOfWeek\":[\"Sunday\"],\"opens\":\"00:00\",\"closes\":\"00:00\"}]},{\"@type\":\"ImageObject\",\"inLanguage\":\"en-US\",\"@id\":\"https:\\\/\\\/ctpatcertificacion.com\\\/la-optimizacion-de-la-gestion-del-ctpat-comienza-con-la-comprension-de-los-elementos-cruciales-del-mantenimiento-de-la-certificacion\\\/#local-main-organization-logo\",\"url\":\"https:\\\/\\\/ctpatcertificacion.com\\\/wp-content\\\/uploads\\\/2022\\\/03\\\/ctpat-logo-arriba.png\",\"contentUrl\":\"https:\\\/\\\/ctpatcertificacion.com\\\/wp-content\\\/uploads\\\/2022\\\/03\\\/ctpat-logo-arriba.png\",\"width\":600,\"height\":600,\"caption\":\"LM Consultores\"}]}<\/script>\n<!-- \/ Yoast SEO Premium plugin. -->","yoast_head_json":{"title":"La optimizaci\u00f3n de la gesti\u00f3n del CTPAT - CTPAT: Customs Trade Partnership Against Terrorism","robots":{"index":"index","follow":"follow","max-snippet":"max-snippet:-1","max-image-preview":"max-image-preview:large","max-video-preview":"max-video-preview:-1"},"canonical":"https:\/\/ctpatcertificacion.com\/en\/la-optimizacion-de-la-gestion-del-ctpat-comienza-con-la-comprension-de-los-elementos-cruciales-del-mantenimiento-de-la-certificacion\/","og_locale":"en_US","og_type":"article","og_title":"La optimizaci\u00f3n de la gesti\u00f3n del CTPAT","og_description":"Concienciaci\u00f3n anual sobre la seguridad del CTPAT Este curso de formaci\u00f3n proporciona a todos los empleados una visi\u00f3n general de [&hellip;]","og_url":"https:\/\/ctpatcertificacion.com\/en\/la-optimizacion-de-la-gestion-del-ctpat-comienza-con-la-comprension-de-los-elementos-cruciales-del-mantenimiento-de-la-certificacion\/","og_site_name":"CTPAT: Customs Trade Partnership Against Terrorism","article_modified_time":"2023-07-12T03:44:11+00:00","og_image":[{"width":900,"height":600,"url":"https:\/\/ctpatcertificacion.com\/wp-content\/uploads\/2022\/03\/logoloma.png","type":"image\/png"}],"twitter_card":"summary_large_image","twitter_misc":{"Est. reading time":"6 minutes"},"schema":{"@context":"https:\/\/schema.org","@graph":[{"@type":"WebPage","@id":"https:\/\/ctpatcertificacion.com\/la-optimizacion-de-la-gestion-del-ctpat-comienza-con-la-comprension-de-los-elementos-cruciales-del-mantenimiento-de-la-certificacion\/","url":"https:\/\/ctpatcertificacion.com\/la-optimizacion-de-la-gestion-del-ctpat-comienza-con-la-comprension-de-los-elementos-cruciales-del-mantenimiento-de-la-certificacion\/","name":"La optimizaci\u00f3n de la gesti\u00f3n del CTPAT - CTPAT: Customs Trade Partnership Against Terrorism","isPartOf":{"@id":"https:\/\/ctpatcertificacion.com\/#website"},"primaryImageOfPage":{"@id":"https:\/\/ctpatcertificacion.com\/la-optimizacion-de-la-gestion-del-ctpat-comienza-con-la-comprension-de-los-elementos-cruciales-del-mantenimiento-de-la-certificacion\/#primaryimage"},"image":{"@id":"https:\/\/ctpatcertificacion.com\/la-optimizacion-de-la-gestion-del-ctpat-comienza-con-la-comprension-de-los-elementos-cruciales-del-mantenimiento-de-la-certificacion\/#primaryimage"},"thumbnailUrl":"https:\/\/ctpatcertificacion.com\/wp-content\/uploads\/2022\/03\/logoloma.png","datePublished":"2022-08-30T15:42:41+00:00","dateModified":"2023-07-12T03:44:11+00:00","breadcrumb":{"@id":"https:\/\/ctpatcertificacion.com\/la-optimizacion-de-la-gestion-del-ctpat-comienza-con-la-comprension-de-los-elementos-cruciales-del-mantenimiento-de-la-certificacion\/#breadcrumb"},"inLanguage":"en-US","potentialAction":[{"@type":"ReadAction","target":["https:\/\/ctpatcertificacion.com\/la-optimizacion-de-la-gestion-del-ctpat-comienza-con-la-comprension-de-los-elementos-cruciales-del-mantenimiento-de-la-certificacion\/"]}]},{"@type":"ImageObject","inLanguage":"en-US","@id":"https:\/\/ctpatcertificacion.com\/la-optimizacion-de-la-gestion-del-ctpat-comienza-con-la-comprension-de-los-elementos-cruciales-del-mantenimiento-de-la-certificacion\/#primaryimage","url":"https:\/\/ctpatcertificacion.com\/wp-content\/uploads\/2022\/03\/logoloma.png","contentUrl":"https:\/\/ctpatcertificacion.com\/wp-content\/uploads\/2022\/03\/logoloma.png","width":900,"height":600},{"@type":"BreadcrumbList","@id":"https:\/\/ctpatcertificacion.com\/la-optimizacion-de-la-gestion-del-ctpat-comienza-con-la-comprension-de-los-elementos-cruciales-del-mantenimiento-de-la-certificacion\/#breadcrumb","itemListElement":[{"@type":"ListItem","position":1,"name":"Portada","item":"https:\/\/ctpatcertificacion.com\/"},{"@type":"ListItem","position":2,"name":"La optimizaci\u00f3n de la gesti\u00f3n del CTPAT"}]},{"@type":"WebSite","@id":"https:\/\/ctpatcertificacion.com\/#website","url":"https:\/\/ctpatcertificacion.com\/","name":"Consultor\u00eda CTPAT en M\u00e9xico | Certificaci\u00f3n, Validaci\u00f3n y Capacitaci\u00f3n | LM Consultores","description":"CTPAT (Customs-Trade Partnership Against Terrorism) es una iniciativa entre el gobierno de los Estados Unidos y la iniciativa privada con la finalidad de garantizar la seguridad en las distintas \u00e1reas de la cadena de suministro y protegerla en contra del terrorismo.","publisher":{"@id":"https:\/\/ctpatcertificacion.com\/#organization"},"potentialAction":[{"@type":"SearchAction","target":{"@type":"EntryPoint","urlTemplate":"https:\/\/ctpatcertificacion.com\/?s={search_term_string}"},"query-input":{"@type":"PropertyValueSpecification","valueRequired":true,"valueName":"search_term_string"}}],"inLanguage":"en-US"},{"@type":["Organization","Place"],"@id":"https:\/\/ctpatcertificacion.com\/#organization","name":"LM Consultores","url":"https:\/\/ctpatcertificacion.com\/","logo":{"@id":"https:\/\/ctpatcertificacion.com\/la-optimizacion-de-la-gestion-del-ctpat-comienza-con-la-comprension-de-los-elementos-cruciales-del-mantenimiento-de-la-certificacion\/#local-main-organization-logo"},"image":{"@id":"https:\/\/ctpatcertificacion.com\/la-optimizacion-de-la-gestion-del-ctpat-comienza-con-la-comprension-de-los-elementos-cruciales-del-mantenimiento-de-la-certificacion\/#local-main-organization-logo"},"openingHoursSpecification":[{"@type":"OpeningHoursSpecification","dayOfWeek":["Monday","Tuesday","Wednesday","Thursday","Friday","Saturday"],"opens":"06:00","closes":"17:00"},{"@type":"OpeningHoursSpecification","dayOfWeek":["Sunday"],"opens":"00:00","closes":"00:00"}]},{"@type":"ImageObject","inLanguage":"en-US","@id":"https:\/\/ctpatcertificacion.com\/la-optimizacion-de-la-gestion-del-ctpat-comienza-con-la-comprension-de-los-elementos-cruciales-del-mantenimiento-de-la-certificacion\/#local-main-organization-logo","url":"https:\/\/ctpatcertificacion.com\/wp-content\/uploads\/2022\/03\/ctpat-logo-arriba.png","contentUrl":"https:\/\/ctpatcertificacion.com\/wp-content\/uploads\/2022\/03\/ctpat-logo-arriba.png","width":600,"height":600,"caption":"LM Consultores"}]}},"_links":{"self":[{"href":"https:\/\/ctpatcertificacion.com\/en\/wp-json\/wp\/v2\/pages\/1423","targetHints":{"allow":["GET"]}}],"collection":[{"href":"https:\/\/ctpatcertificacion.com\/en\/wp-json\/wp\/v2\/pages"}],"about":[{"href":"https:\/\/ctpatcertificacion.com\/en\/wp-json\/wp\/v2\/types\/page"}],"author":[{"embeddable":true,"href":"https:\/\/ctpatcertificacion.com\/en\/wp-json\/wp\/v2\/users\/2"}],"replies":[{"embeddable":true,"href":"https:\/\/ctpatcertificacion.com\/en\/wp-json\/wp\/v2\/comments?post=1423"}],"version-history":[{"count":0,"href":"https:\/\/ctpatcertificacion.com\/en\/wp-json\/wp\/v2\/pages\/1423\/revisions"}],"wp:featuredmedia":[{"embeddable":true,"href":"https:\/\/ctpatcertificacion.com\/en\/wp-json\/wp\/v2\/media\/1048"}],"wp:attachment":[{"href":"https:\/\/ctpatcertificacion.com\/en\/wp-json\/wp\/v2\/media?parent=1423"}],"curies":[{"name":"wp","href":"https:\/\/api.w.org\/{rel}","templated":true}]}}