{"id":1657,"date":"2023-02-27T18:20:38","date_gmt":"2023-02-27T18:20:38","guid":{"rendered":"https:\/\/ctpatcertificacion.com\/?page_id=1657"},"modified":"2023-02-27T18:21:07","modified_gmt":"2023-02-27T18:21:07","slug":"validacion-c-tpat","status":"publish","type":"page","link":"https:\/\/ctpatcertificacion.com\/en\/validacion-c-tpat\/","title":{"rendered":"Validaci\u00f3n C-TPAT \u00bfComo me preparo?"},"content":{"rendered":"<p>Si se acerca su fecha de validaci\u00f3n LM CONSULTORES, es posible que se sienta abrumado por las obligaciones y los requisitos que esto implica. Sin embargo, no tiene por qu\u00e9 hacerlo solo. LM CONSULTORES ofrece soluciones flexibles para satisfacer sus necesidades, desde una revisi\u00f3n puntual hasta una gesti\u00f3n completa de <strong>C-TPAT<\/strong>.<\/p>\n<p>Gesti\u00f3n completa de CTPAT.<\/p>\n<p>Si necesita un equipo completo de gesti\u00f3n de CTPAT, LM CONSULTORES puede proporcionarle el apoyo necesario. Nos encargaremos de la renovaci\u00f3n de su certificaci\u00f3n y <strong>validaci\u00f3n<\/strong>, la elaboraci\u00f3n de informes de formaci\u00f3n, la asistencia en auditor\u00edas internas y la gesti\u00f3n completa de <strong>C-TPAT<\/strong> para garantizar que todo funcione a la perfecci\u00f3n.<\/p>\n<p>Renovaci\u00f3n de la certificaci\u00f3n y validaci\u00f3n.<\/p>\n<p>La renovaci\u00f3n de su certificaci\u00f3n y <strong>validaci\u00f3n<\/strong> es un proceso crucial en el cumplimiento de sus obligaciones <strong>C-TPAT<\/strong>. En LM CONSULTORES, nos aseguraremos de que este proceso se realice sin problemas, para que pueda seguir operando con \u00e9xito en el comercio internacional.<\/p>\n<p>Desarrollo, implementaci\u00f3n y elaboraci\u00f3n de informes de formaci\u00f3n.<\/p>\n<p>El desarrollo, implementaci\u00f3n y elaboraci\u00f3n de informes de formaci\u00f3n son esenciales para garantizar que su empresa cumpla con los requisitos de <strong>C-TPAT<\/strong>. En LM CONSULTORES, podemos proporcionarle los recursos necesarios para llevar a cabo estas tareas de manera eficiente y efectiva.<\/p>\n<div class=\"everest-forms\"><div class=\"evf-container default\" id=\"evf-425\"><form id=\"evf-form-425\" class=\"everest-form\" data-formid=\"425\" data-ajax_submission=\"0\" data-keyboard_friendly_form=\"0\" data-form_state_type=\"\" method=\"post\" enctype=\"multipart\/form-data\" action=\"\/en\/wp-json\/wp\/v2\/pages\/1657\"><div class=\"evf-field-container\"><input type=\"hidden\" id=\"_wpnonce425\" name=\"_wpnonce425\" value=\"25d7963a41\" \/><input type=\"hidden\" name=\"_wp_http_referer\" value=\"\/en\/wp-json\/wp\/v2\/pages\/1657\" \/><div class=\"evf-frontend-row\" data-row=\"row_3\" conditional_rules=\"[]\"><div class=\"evf-frontend-grid evf-grid-1\" data-grid=\"grid_1\"><div id=\"evf-425-field_NEec6ZuwlR-2-container\" class=\"evf-field evf-field-text form-row validate-required\" data-required-field-message=\"This field is required.\" data-field-id=\"NEec6ZuwlR-2\"><label class=\"evf-field-label\" for=\"evf-425-field_NEec6ZuwlR-2\"><span class=\"evf-label\">Nombre \/ Raz\u00f3n social de la empresa<\/span> <abbr class=\"required\" title=\"Required\">*<\/abbr><\/label><input type=\"text\" id=\"evf-425-field_NEec6ZuwlR-2\" class=\"input-text\" name=\"everest_forms[form_fields][NEec6ZuwlR-2]\" required><div class=\"evf-field-description\">Nombre de la Empresa que desea integrarse al programa CTPAT<\/div><\/div><div id=\"evf-425-field_bikr6PF2nV-4-container\" class=\"evf-field evf-field-select form-row validate-required\" data-required-field-message=\"This field is required.\" data-field-id=\"bikr6PF2nV-4\"><label class=\"evf-field-label\" for=\"evf-425-field_bikr6PF2nV-4\"><span class=\"evf-label\">Giro de la empresa<\/span> <abbr class=\"required\" title=\"Required\">*<\/abbr><\/label><select id=\"evf-425-field_bikr6PF2nV-4\" class=\"input-text evf-field-required\" name=\"everest_forms[form_fields][bikr6PF2nV-4]\" required=\"required\" ><option value=\"Empresa Manufacturera \/ Fabricante\" >Empresa Manufacturera \/ Fabricante<\/option><option value=\"Importador EE. UU.\" >Importador EE. UU.<\/option><option value=\"Transportista de Largo Recorrido en M\u00e9xico\" >Transportista de Largo Recorrido en M\u00e9xico<\/option><option value=\"Transportista de Cruce Fronterizo\" >Transportista de Cruce Fronterizo<\/option><option value=\"Transportista Ferroviario\" >Transportista Ferroviario<\/option><option value=\"Autoridad Portuaria Marina y Operadores de Terminales\" >Autoridad Portuaria Marina y Operadores de Terminales<\/option><option value=\"Empresa de Seguridad (No Certifica)\" >Empresa de Seguridad (No Certifica)<\/option><option value=\"Proveedor de Servicios (No Certifica)\" >Proveedor de Servicios (No Certifica)<\/option><\/select><\/div><div id=\"evf-425-field_I9SOBCJJFJ-8-container\" class=\"evf-field evf-field-text form-row validate-required\" data-required-field-message=\"This field is required.\" data-field-id=\"I9SOBCJJFJ-8\"><label class=\"evf-field-label\" for=\"evf-425-field_I9SOBCJJFJ-8\"><span class=\"evf-label\">Nombre de Persona a contactar.<\/span> <abbr class=\"required\" title=\"Required\">*<\/abbr><\/label><input type=\"text\" id=\"evf-425-field_I9SOBCJJFJ-8\" class=\"input-text\" name=\"everest_forms[form_fields][I9SOBCJJFJ-8]\" required><div class=\"evf-field-description\">Nombre del interesado para contacto de un Especialista<\/div><\/div><div id=\"evf-425-field_qLB1kdFAlX-17-container\" class=\"evf-field evf-field-text form-row validate-required\" data-required-field-message=\"This field is required.\" data-field-id=\"qLB1kdFAlX-17\"><label class=\"evf-field-label\" for=\"evf-425-field_qLB1kdFAlX-17\"><span class=\"evf-label\">Puesto dentro de la Empresa<\/span> <abbr class=\"required\" title=\"Required\">*<\/abbr><\/label><input type=\"text\" id=\"evf-425-field_qLB1kdFAlX-17\" class=\"input-text\" name=\"everest_forms[form_fields][qLB1kdFAlX-17]\" required><\/div><div id=\"evf-425-field_PznxIqjbIH-9-container\" class=\"evf-field evf-field-number form-row validate-required\" data-required-field-message=\"Please enter a valid number.\" data-field-id=\"PznxIqjbIH-9\"><label class=\"evf-field-label\" for=\"evf-425-field_PznxIqjbIH-9\"><span class=\"evf-label\">Tel\u00e9fono<\/span> <abbr class=\"required\" title=\"Required\">*<\/abbr><\/label><input type=\"number\" id=\"evf-425-field_PznxIqjbIH-9\" class=\"input-text\" name=\"everest_forms[form_fields][PznxIqjbIH-9]\" step=\"1\" required\/><div class=\"evf-field-description\">Personal o de la empresa al que se requiere el contacto.<\/div><\/div><div id=\"evf-425-field_gy5s4smmmq-10-container\" class=\"evf-field evf-field-email form-row validate-required validate-email\" data-required-field-message=\"Please enter a valid email address.\" data-field-id=\"gy5s4smmmq-10\"><label class=\"evf-field-label\" for=\"evf-425-field_gy5s4smmmq-10\"><span class=\"evf-label\">Correo electr\u00f3nico.<\/span> <abbr class=\"required\" title=\"Required\">*<\/abbr><\/label><input type=\"email\" id=\"evf-425-field_gy5s4smmmq-10\" class=\"input-text\" name=\"everest_forms[form_fields][gy5s4smmmq-10]\" required ><div class=\"evf-field-description\">Correo Electr\u00f3nico de la empresa.<\/div><\/div><div id=\"evf-425-field_8cBZ9mpMQ5-19-container\" class=\"evf-field evf-field-email form-row validate-required validate-email\" data-required-field-message=\"Please enter a valid email address.\" data-field-id=\"8cBZ9mpMQ5-19\"><label class=\"evf-field-label\" for=\"evf-425-field_8cBZ9mpMQ5-19\"><span class=\"evf-label\">Confirmaci\u00f3n de Correo electr\u00f3nico.<\/span> <abbr class=\"required\" title=\"Required\">*<\/abbr><\/label><input type=\"email\" id=\"evf-425-field_8cBZ9mpMQ5-19\" class=\"input-text\" name=\"everest_forms[form_fields][8cBZ9mpMQ5-19]\" required ><div class=\"evf-field-description\">Verifique su correo.<\/div><\/div><div id=\"evf-425-field_KLg9qqhQ0h-18-container\" class=\"evf-field evf-field-text form-row validate-required\" data-required-field-message=\"This field is required.\" data-field-id=\"KLg9qqhQ0h-18\"><label class=\"evf-field-label\" for=\"evf-425-field_KLg9qqhQ0h-18\"><span class=\"evf-label\">Ciudad donde se busca la certificaci\u00f3n<\/span> <abbr class=\"required\" title=\"Required\">*<\/abbr><\/label><input type=\"text\" id=\"evf-425-field_KLg9qqhQ0h-18\" class=\"input-text\" name=\"everest_forms[form_fields][KLg9qqhQ0h-18]\" required><div class=\"evf-field-description\">Ciudad donde se encuentra la empresa a certificar.<\/div><\/div><div id=\"evf-425-field_NI3ayiecwD-11-container\" class=\"evf-field evf-field-checkbox form-row validate-required\" data-required-field-message=\"This field is required.\" data-field-id=\"NI3ayiecwD-11\"><label class=\"evf-field-label\" for=\"evf-425-field_NI3ayiecwD-11\"><span class=\"evf-label\">Interesado en<\/span> <abbr class=\"required\" title=\"Required\">*<\/abbr><\/label><ul id=\"evf-425-field_NI3ayiecwD-11\" class=\" evf-field-required\"><li class=\"choice-6 depth-1\"><input type=\"checkbox\" id=\"evf-425-field_NI3ayiecwD-11_6\" class=\"input-text\" name=\"everest_forms[form_fields][NI3ayiecwD-11][]\" value=\"An\u00e1lisis de Riesgos\" required ><label class=\"everest-forms-field-label-inline\" for=\"evf-425-field_NI3ayiecwD-11_6\">An\u00e1lisis de Riesgos<\/label><\/li><li class=\"choice-1 depth-1\"><input type=\"checkbox\" id=\"evf-425-field_NI3ayiecwD-11_1\" class=\"input-text\" name=\"everest_forms[form_fields][NI3ayiecwD-11][]\" value=\"Certificaci\u00f3n CTPAT\" required ><label class=\"everest-forms-field-label-inline\" for=\"evf-425-field_NI3ayiecwD-11_1\">Certificaci\u00f3n CTPAT<\/label><\/li><li class=\"choice-2 depth-1\"><input type=\"checkbox\" id=\"evf-425-field_NI3ayiecwD-11_2\" class=\"input-text\" name=\"everest_forms[form_fields][NI3ayiecwD-11][]\" value=\"Capacitaci\u00f3n CTPAT\" required ><label class=\"everest-forms-field-label-inline\" for=\"evf-425-field_NI3ayiecwD-11_2\">Capacitaci\u00f3n CTPAT<\/label><\/li><li class=\"choice-9 depth-1\"><input type=\"checkbox\" id=\"evf-425-field_NI3ayiecwD-11_9\" class=\"input-text\" name=\"everest_forms[form_fields][NI3ayiecwD-11][]\" value=\"Capacitaci\u00f3n Enfoque Guardias de Seguridad C-TPAT\" required ><label class=\"everest-forms-field-label-inline\" for=\"evf-425-field_NI3ayiecwD-11_9\">Capacitaci\u00f3n Enfoque Guardias de Seguridad C-TPAT<\/label><\/li><li class=\"choice-8 depth-1\"><input type=\"checkbox\" id=\"evf-425-field_NI3ayiecwD-11_8\" class=\"input-text\" name=\"everest_forms[form_fields][NI3ayiecwD-11][]\" value=\"CTPAT Trade Compliance\" required ><label class=\"everest-forms-field-label-inline\" for=\"evf-425-field_NI3ayiecwD-11_8\">CTPAT Trade Compliance<\/label><\/li><li class=\"choice-7 depth-1\"><input type=\"checkbox\" id=\"evf-425-field_NI3ayiecwD-11_7\" class=\"input-text\" name=\"everest_forms[form_fields][NI3ayiecwD-11][]\" value=\"Entrenamiento CTPAT\" required ><label class=\"everest-forms-field-label-inline\" for=\"evf-425-field_NI3ayiecwD-11_7\">Entrenamiento CTPAT<\/label><\/li><li class=\"choice-5 depth-1\"><input type=\"checkbox\" id=\"evf-425-field_NI3ayiecwD-11_5\" class=\"input-text\" name=\"everest_forms[form_fields][NI3ayiecwD-11][]\" value=\"Evaluaci\u00f3n Socios Comerciales CTPAT\" required ><label class=\"everest-forms-field-label-inline\" for=\"evf-425-field_NI3ayiecwD-11_5\">Evaluaci\u00f3n Socios Comerciales CTPAT<\/label><\/li><li class=\"choice-3 depth-1\"><input type=\"checkbox\" id=\"evf-425-field_NI3ayiecwD-11_3\" class=\"input-text\" name=\"everest_forms[form_fields][NI3ayiecwD-11][]\" value=\"Gesti\u00f3n del Programa CTPAT\" required ><label class=\"everest-forms-field-label-inline\" for=\"evf-425-field_NI3ayiecwD-11_3\">Gesti\u00f3n del Programa CTPAT<\/label><\/li><li class=\"choice-4 depth-1\"><input type=\"checkbox\" id=\"evf-425-field_NI3ayiecwD-11_4\" class=\"input-text\" name=\"everest_forms[form_fields][NI3ayiecwD-11][]\" value=\"Validaci\u00f3n CTPAT\" required ><label class=\"everest-forms-field-label-inline\" for=\"evf-425-field_NI3ayiecwD-11_4\">Validaci\u00f3n CTPAT<\/label><\/li><\/ul><\/div><div id=\"evf-425-field_PWS87imrBo-6-container\" class=\"evf-field evf-field-textarea form-row validate-required\" data-required-field-message=\"This field is required.\" data-field-id=\"PWS87imrBo-6\"><label class=\"evf-field-label\" for=\"evf-425-field_PWS87imrBo-6\"><span class=\"evf-label\">Comentarios para nuestros Asesores.<\/span> <abbr class=\"required\" title=\"Required\">*<\/abbr><\/label><textarea id=\"evf-425-field_PWS87imrBo-6\" class=\"input-text\" name=\"everest_forms[form_fields][PWS87imrBo-6]\" required ><\/textarea><div class=\"evf-field-description\">Cu\u00e9ntanos un poco m\u00e1s sobre tus necesidades, horarios en los cuales se le puede contactar.<\/div><\/div><div id=\"evf-425-field_MoUjBlV64R-13-container\" class=\"evf-field evf-field-checkbox form-row validate-required\" data-required-field-message=\"This field is required.\" data-field-id=\"MoUjBlV64R-13\"><label class=\"evf-field-label\" for=\"evf-425-field_MoUjBlV64R-13\"><span class=\"evf-label\">Aviso de Privacidad<\/span> <abbr class=\"required\" title=\"Required\">*<\/abbr><\/label><ul id=\"evf-425-field_MoUjBlV64R-13\" class=\" evf-field-required\"><li class=\"choice-1 depth-1\"><input type=\"checkbox\" id=\"evf-425-field_MoUjBlV64R-13_1\" class=\"input-text\" name=\"everest_forms[form_fields][MoUjBlV64R-13][]\" value=\"He le\u00eddo y acepto los t\u00e9rminos del Aviso de Privacidad \/ Disclaimer.\" required ><label class=\"everest-forms-field-label-inline\" for=\"evf-425-field_MoUjBlV64R-13_1\">He le\u00eddo y acepto los t\u00e9rminos del Aviso de Privacidad \/ Disclaimer.<\/label><\/li><\/ul><div class=\"evf-field-description\"><A HREF=\"https:\/\/ctpatcertificacion.com\/aviso-de-privacidad\/\">  Aviso de Privacidad \/ Disclaimer<\/A><\/div><\/div><\/div><\/div><\/div><div class=\"evf-honeypot-container evf-field-hp\"><label for=\"evf-425-field-hp\" class=\"evf-field-label\">Comment<\/label><input type=\"text\" name=\"everest_forms[hp]\" id=\"evf-425-field-hp\" class=\"input-text\"><\/div><div class=\"evf-submit-container \" ><input type=\"hidden\" name=\"everest_forms[id]\" value=\"425\"><input type=\"hidden\" name=\"everest_forms[author]\" value=\"2\"><button type='submit' name='everest_forms[submit]' class='everest-forms-submit-button button evf-submit ' id='evf-submit-425' value='evf-submit' data-process-text=\"Procesando...\" conditional_rules='&quot;&quot;' conditional_id='evf-submit-425'  id=\"evf-submit-425\" aria-live=\"assertive\">Enviar<\/button><\/div><\/form><\/div><!-- .evf-container --><\/div>\n","protected":false},"excerpt":{"rendered":"<p>Si se acerca su fecha de validaci\u00f3n LM CONSULTORES, es posible que se sienta abrumado por las obligaciones y los [&hellip;]<\/p>\n","protected":false},"author":2,"featured_media":0,"parent":0,"menu_order":0,"comment_status":"closed","ping_status":"closed","template":"","meta":{"_monsterinsights_skip_tracking":false,"_monsterinsights_sitenote_active":false,"_monsterinsights_sitenote_note":"","_monsterinsights_sitenote_category":0,"_joinchat":[],"footnotes":""},"class_list":["post-1657","page","type-page","status-publish","hentry"],"yoast_head":"<!-- This site is optimized with the Yoast SEO Premium plugin v22.0 (Yoast SEO v27.3) - https:\/\/yoast.com\/product\/yoast-seo-premium-wordpress\/ -->\n<title>Validaci\u00f3n C-TPAT \u00bfComo me preparo? - CTPAT: Customs Trade Partnership Against Terrorism<\/title>\n<meta name=\"robots\" content=\"index, follow, max-snippet:-1, max-image-preview:large, max-video-preview:-1\" \/>\n<link rel=\"canonical\" href=\"https:\/\/ctpatcertificacion.com\/en\/validacion-c-tpat\/\" \/>\n<meta property=\"og:locale\" content=\"en_US\" \/>\n<meta property=\"og:type\" content=\"article\" \/>\n<meta property=\"og:title\" content=\"Validaci\u00f3n C-TPAT \u00bfComo me preparo?\" \/>\n<meta property=\"og:description\" content=\"Si se acerca su fecha de validaci\u00f3n LM CONSULTORES, es posible que se sienta abrumado por las obligaciones y los [&hellip;]\" \/>\n<meta property=\"og:url\" content=\"https:\/\/ctpatcertificacion.com\/en\/validacion-c-tpat\/\" \/>\n<meta property=\"og:site_name\" content=\"CTPAT: Customs Trade Partnership Against Terrorism\" \/>\n<meta property=\"article:modified_time\" content=\"2023-02-27T18:21:07+00:00\" \/>\n<meta name=\"twitter:card\" content=\"summary_large_image\" \/>\n<meta name=\"twitter:label1\" content=\"Est. reading time\" \/>\n\t<meta name=\"twitter:data1\" content=\"1 minute\" \/>\n<script type=\"application\/ld+json\" class=\"yoast-schema-graph\">{\"@context\":\"https:\\\/\\\/schema.org\",\"@graph\":[{\"@type\":\"WebPage\",\"@id\":\"https:\\\/\\\/ctpatcertificacion.com\\\/validacion-c-tpat\\\/\",\"url\":\"https:\\\/\\\/ctpatcertificacion.com\\\/validacion-c-tpat\\\/\",\"name\":\"Validaci\u00f3n C-TPAT \u00bfComo me preparo? - CTPAT: Customs Trade Partnership Against Terrorism\",\"isPartOf\":{\"@id\":\"https:\\\/\\\/ctpatcertificacion.com\\\/#website\"},\"datePublished\":\"2023-02-27T18:20:38+00:00\",\"dateModified\":\"2023-02-27T18:21:07+00:00\",\"breadcrumb\":{\"@id\":\"https:\\\/\\\/ctpatcertificacion.com\\\/validacion-c-tpat\\\/#breadcrumb\"},\"inLanguage\":\"en-US\",\"potentialAction\":[{\"@type\":\"ReadAction\",\"target\":[\"https:\\\/\\\/ctpatcertificacion.com\\\/validacion-c-tpat\\\/\"]}]},{\"@type\":\"BreadcrumbList\",\"@id\":\"https:\\\/\\\/ctpatcertificacion.com\\\/validacion-c-tpat\\\/#breadcrumb\",\"itemListElement\":[{\"@type\":\"ListItem\",\"position\":1,\"name\":\"Portada\",\"item\":\"https:\\\/\\\/ctpatcertificacion.com\\\/\"},{\"@type\":\"ListItem\",\"position\":2,\"name\":\"Validaci\u00f3n C-TPAT \u00bfComo me preparo?\"}]},{\"@type\":\"WebSite\",\"@id\":\"https:\\\/\\\/ctpatcertificacion.com\\\/#website\",\"url\":\"https:\\\/\\\/ctpatcertificacion.com\\\/\",\"name\":\"CTPAT Certificacion \\\/ CTPAT Certification\",\"description\":\"CTPAT (Customs-Trade Partnership Against Terrorism) es una iniciativa entre el gobierno de los Estados Unidos y la iniciativa privada con la finalidad de garantizar la seguridad en las distintas \u00e1reas de la cadena de suministro y protegerla en contra del terrorismo.\",\"publisher\":{\"@id\":\"https:\\\/\\\/ctpatcertificacion.com\\\/#organization\"},\"potentialAction\":[{\"@type\":\"SearchAction\",\"target\":{\"@type\":\"EntryPoint\",\"urlTemplate\":\"https:\\\/\\\/ctpatcertificacion.com\\\/?s={search_term_string}\"},\"query-input\":{\"@type\":\"PropertyValueSpecification\",\"valueRequired\":true,\"valueName\":\"search_term_string\"}}],\"inLanguage\":\"en-US\"},{\"@type\":[\"Organization\",\"Place\"],\"@id\":\"https:\\\/\\\/ctpatcertificacion.com\\\/#organization\",\"name\":\"CTPAT Certificacion \\\/ CTPAT Certification\",\"url\":\"https:\\\/\\\/ctpatcertificacion.com\\\/\",\"logo\":{\"@id\":\"https:\\\/\\\/ctpatcertificacion.com\\\/validacion-c-tpat\\\/#local-main-organization-logo\"},\"image\":{\"@id\":\"https:\\\/\\\/ctpatcertificacion.com\\\/validacion-c-tpat\\\/#local-main-organization-logo\"},\"openingHoursSpecification\":[{\"@type\":\"OpeningHoursSpecification\",\"dayOfWeek\":[\"Monday\",\"Tuesday\",\"Wednesday\",\"Thursday\",\"Friday\",\"Saturday\"],\"opens\":\"06:00\",\"closes\":\"17:00\"},{\"@type\":\"OpeningHoursSpecification\",\"dayOfWeek\":[\"Sunday\"],\"opens\":\"00:00\",\"closes\":\"00:00\"}]},{\"@type\":\"ImageObject\",\"inLanguage\":\"en-US\",\"@id\":\"https:\\\/\\\/ctpatcertificacion.com\\\/validacion-c-tpat\\\/#local-main-organization-logo\",\"url\":\"https:\\\/\\\/ctpatcertificacion.com\\\/wp-content\\\/uploads\\\/2022\\\/03\\\/ctpat-logo-arriba.png\",\"contentUrl\":\"https:\\\/\\\/ctpatcertificacion.com\\\/wp-content\\\/uploads\\\/2022\\\/03\\\/ctpat-logo-arriba.png\",\"width\":600,\"height\":600,\"caption\":\"CTPAT Certificacion \\\/ CTPAT Certification\"}]}<\/script>\n<!-- \/ Yoast SEO Premium plugin. -->","yoast_head_json":{"title":"Validaci\u00f3n C-TPAT \u00bfComo me preparo? - CTPAT: Customs Trade Partnership Against Terrorism","robots":{"index":"index","follow":"follow","max-snippet":"max-snippet:-1","max-image-preview":"max-image-preview:large","max-video-preview":"max-video-preview:-1"},"canonical":"https:\/\/ctpatcertificacion.com\/en\/validacion-c-tpat\/","og_locale":"en_US","og_type":"article","og_title":"Validaci\u00f3n C-TPAT \u00bfComo me preparo?","og_description":"Si se acerca su fecha de validaci\u00f3n LM CONSULTORES, es posible que se sienta abrumado por las obligaciones y los [&hellip;]","og_url":"https:\/\/ctpatcertificacion.com\/en\/validacion-c-tpat\/","og_site_name":"CTPAT: Customs Trade Partnership Against Terrorism","article_modified_time":"2023-02-27T18:21:07+00:00","twitter_card":"summary_large_image","twitter_misc":{"Est. reading time":"1 minute"},"schema":{"@context":"https:\/\/schema.org","@graph":[{"@type":"WebPage","@id":"https:\/\/ctpatcertificacion.com\/validacion-c-tpat\/","url":"https:\/\/ctpatcertificacion.com\/validacion-c-tpat\/","name":"Validaci\u00f3n C-TPAT \u00bfComo me preparo? - CTPAT: Customs Trade Partnership Against Terrorism","isPartOf":{"@id":"https:\/\/ctpatcertificacion.com\/#website"},"datePublished":"2023-02-27T18:20:38+00:00","dateModified":"2023-02-27T18:21:07+00:00","breadcrumb":{"@id":"https:\/\/ctpatcertificacion.com\/validacion-c-tpat\/#breadcrumb"},"inLanguage":"en-US","potentialAction":[{"@type":"ReadAction","target":["https:\/\/ctpatcertificacion.com\/validacion-c-tpat\/"]}]},{"@type":"BreadcrumbList","@id":"https:\/\/ctpatcertificacion.com\/validacion-c-tpat\/#breadcrumb","itemListElement":[{"@type":"ListItem","position":1,"name":"Portada","item":"https:\/\/ctpatcertificacion.com\/"},{"@type":"ListItem","position":2,"name":"Validaci\u00f3n C-TPAT \u00bfComo me preparo?"}]},{"@type":"WebSite","@id":"https:\/\/ctpatcertificacion.com\/#website","url":"https:\/\/ctpatcertificacion.com\/","name":"CTPAT Certificacion \/ CTPAT Certification","description":"CTPAT (Customs-Trade Partnership Against Terrorism) es una iniciativa entre el gobierno de los Estados Unidos y la iniciativa privada con la finalidad de garantizar la seguridad en las distintas \u00e1reas de la cadena de suministro y protegerla en contra del terrorismo.","publisher":{"@id":"https:\/\/ctpatcertificacion.com\/#organization"},"potentialAction":[{"@type":"SearchAction","target":{"@type":"EntryPoint","urlTemplate":"https:\/\/ctpatcertificacion.com\/?s={search_term_string}"},"query-input":{"@type":"PropertyValueSpecification","valueRequired":true,"valueName":"search_term_string"}}],"inLanguage":"en-US"},{"@type":["Organization","Place"],"@id":"https:\/\/ctpatcertificacion.com\/#organization","name":"CTPAT Certificacion \/ CTPAT Certification","url":"https:\/\/ctpatcertificacion.com\/","logo":{"@id":"https:\/\/ctpatcertificacion.com\/validacion-c-tpat\/#local-main-organization-logo"},"image":{"@id":"https:\/\/ctpatcertificacion.com\/validacion-c-tpat\/#local-main-organization-logo"},"openingHoursSpecification":[{"@type":"OpeningHoursSpecification","dayOfWeek":["Monday","Tuesday","Wednesday","Thursday","Friday","Saturday"],"opens":"06:00","closes":"17:00"},{"@type":"OpeningHoursSpecification","dayOfWeek":["Sunday"],"opens":"00:00","closes":"00:00"}]},{"@type":"ImageObject","inLanguage":"en-US","@id":"https:\/\/ctpatcertificacion.com\/validacion-c-tpat\/#local-main-organization-logo","url":"https:\/\/ctpatcertificacion.com\/wp-content\/uploads\/2022\/03\/ctpat-logo-arriba.png","contentUrl":"https:\/\/ctpatcertificacion.com\/wp-content\/uploads\/2022\/03\/ctpat-logo-arriba.png","width":600,"height":600,"caption":"CTPAT Certificacion \/ CTPAT Certification"}]}},"_links":{"self":[{"href":"https:\/\/ctpatcertificacion.com\/en\/wp-json\/wp\/v2\/pages\/1657","targetHints":{"allow":["GET"]}}],"collection":[{"href":"https:\/\/ctpatcertificacion.com\/en\/wp-json\/wp\/v2\/pages"}],"about":[{"href":"https:\/\/ctpatcertificacion.com\/en\/wp-json\/wp\/v2\/types\/page"}],"author":[{"embeddable":true,"href":"https:\/\/ctpatcertificacion.com\/en\/wp-json\/wp\/v2\/users\/2"}],"replies":[{"embeddable":true,"href":"https:\/\/ctpatcertificacion.com\/en\/wp-json\/wp\/v2\/comments?post=1657"}],"version-history":[{"count":0,"href":"https:\/\/ctpatcertificacion.com\/en\/wp-json\/wp\/v2\/pages\/1657\/revisions"}],"wp:attachment":[{"href":"https:\/\/ctpatcertificacion.com\/en\/wp-json\/wp\/v2\/media?parent=1657"}],"curies":[{"name":"wp","href":"https:\/\/api.w.org\/{rel}","templated":true}]}}