{"id":2519,"date":"2025-07-04T05:29:26","date_gmt":"2025-07-04T05:29:26","guid":{"rendered":"https:\/\/ctpatcertificacion.com\/?page_id=2519"},"modified":"2025-07-04T05:29:26","modified_gmt":"2025-07-04T05:29:26","slug":"ctpat-solo-canada-estados-unidos-y-mexico-lo-que-necesitas-saber","status":"publish","type":"page","link":"https:\/\/ctpatcertificacion.com\/en\/ctpat-solo-canada-estados-unidos-y-mexico-lo-que-necesitas-saber\/","title":{"rendered":"CTPAT solo Canad\u00e1, Estados Unidos y M\u00e9xico: Lo que necesitas saber"},"content":{"rendered":"<h2 data-start=\"216\" data-end=\"293\"><strong data-start=\"219\" data-end=\"293\">\u00bfQu\u00e9 es CTPAT y por qu\u00e9 solo aplica a Canad\u00e1, Estados Unidos y M\u00e9xico?<\/strong><\/h2>\n<p data-start=\"295\" data-end=\"732\">El <strong data-start=\"298\" data-end=\"353\">Customs Trade Partnership Against Terrorism (CTPAT)<\/strong> es un programa voluntario creado por la <strong data-start=\"394\" data-end=\"446\">Oficina de Aduanas y Protecci\u00f3n Fronteriza (CBP)<\/strong> de los Estados Unidos con el objetivo de fortalecer la seguridad en la cadena de suministro internacional. Este programa se basa en la colaboraci\u00f3n entre el gobierno y las empresas del sector privado para proteger el comercio global contra amenazas como el terrorismo y el contrabando.<\/p>\n<p data-start=\"734\" data-end=\"1146\">El <strong data-start=\"737\" data-end=\"746\">CTPAT<\/strong> est\u00e1 dise\u00f1ado espec\u00edficamente para facilitar y asegurar el comercio entre <strong data-start=\"821\" data-end=\"856\">Estados Unidos, Canad\u00e1 y M\u00e9xico<\/strong>, los tres pa\u00edses que integran el acuerdo comercial conocido como <strong data-start=\"922\" data-end=\"979\">T-MEC (Tratado entre M\u00e9xico, Estados Unidos y Canad\u00e1)<\/strong>. Estos tres pa\u00edses comparten no solo una intensa relaci\u00f3n comercial, sino tambi\u00e9n un compromiso mutuo con altos est\u00e1ndares de seguridad en las operaciones log\u00edsticas.<\/p>\n<h2 data-start=\"1148\" data-end=\"1219\"><strong data-start=\"1151\" data-end=\"1219\">Ventajas exclusivas del CTPAT para empresas en Am\u00e9rica del Norte<\/strong><\/h2>\n<p data-start=\"1221\" data-end=\"1612\">Uno de los aspectos m\u00e1s relevantes del CTPAT es que <strong data-start=\"1273\" data-end=\"1367\">solo est\u00e1 disponible para empresas que operan dentro del corredor comercial norteamericano<\/strong>. Las compa\u00f1\u00edas ubicadas en otros pa\u00edses no pueden obtener la certificaci\u00f3n CTPAT a menos que tengan una relaci\u00f3n comercial directa con empresas certificadas en los Estados Unidos. Algunas de las <strong data-start=\"1563\" data-end=\"1581\">ventajas clave<\/strong> de este enfoque exclusivo son:<\/p>\n<ul data-start=\"1614\" data-end=\"2097\">\n<li data-start=\"1614\" data-end=\"1695\">\n<p data-start=\"1616\" data-end=\"1695\"><strong data-start=\"1616\" data-end=\"1655\">Reducci\u00f3n en inspecciones aduanales<\/strong>, lo que acelera el proceso de despacho.<\/p>\n<\/li>\n<li data-start=\"1696\" data-end=\"1788\">\n<p data-start=\"1698\" data-end=\"1788\"><strong data-start=\"1698\" data-end=\"1757\">Acceso prioritario en caso de incidentes en la frontera<\/strong>, como cierres por emergencias.<\/p>\n<\/li>\n<li data-start=\"1789\" data-end=\"1881\">\n<p data-start=\"1791\" data-end=\"1881\"><strong data-start=\"1791\" data-end=\"1844\">Facilitaci\u00f3n del comercio con socios certificados<\/strong>, creando una red segura y confiable.<\/p>\n<\/li>\n<li data-start=\"1882\" data-end=\"1978\">\n<p data-start=\"1884\" data-end=\"1978\"><strong data-start=\"1884\" data-end=\"1957\">Asignaci\u00f3n de un especialista en seguridad de la cadena de suministro<\/strong> por parte de la CBP.<\/p>\n<\/li>\n<li data-start=\"1979\" data-end=\"2097\">\n<p data-start=\"1981\" data-end=\"2097\"><strong data-start=\"1981\" data-end=\"2052\">Reconocimiento mutuo con programas como PIP (Canad\u00e1) y OEA (M\u00e9xico)<\/strong>, lo que refuerza la cooperaci\u00f3n trinacional.<\/p>\n<\/li>\n<\/ul>\n<h2 data-start=\"2099\" data-end=\"2144\"><strong data-start=\"2102\" data-end=\"2144\">Requisitos para la certificaci\u00f3n CTPAT<\/strong><\/h2>\n<p data-start=\"2146\" data-end=\"2435\">Las empresas que desean participar en el programa deben cumplir con una serie de <strong data-start=\"2227\" data-end=\"2251\">requisitos rigurosos<\/strong> establecidos por la CBP. Estos requisitos abarcan desde la seguridad f\u00edsica hasta la ciberseguridad, pasando por controles de acceso y validaciones internas. Algunos puntos clave son:<\/p>\n<ul data-start=\"2437\" data-end=\"3052\">\n<li data-start=\"2437\" data-end=\"2587\">\n<p data-start=\"2439\" data-end=\"2587\"><strong data-start=\"2439\" data-end=\"2489\">An\u00e1lisis de riesgos de la cadena de suministro<\/strong>: Las empresas deben identificar y evaluar los posibles puntos vulnerables en su cadena log\u00edstica.<\/p>\n<\/li>\n<li data-start=\"2588\" data-end=\"2694\">\n<p data-start=\"2590\" data-end=\"2694\"><strong data-start=\"2590\" data-end=\"2620\">Controles de acceso f\u00edsico<\/strong>: Implementar sistemas que limiten el ingreso solo al personal autorizado.<\/p>\n<\/li>\n<li data-start=\"2695\" data-end=\"2823\">\n<p data-start=\"2697\" data-end=\"2823\"><strong data-start=\"2697\" data-end=\"2729\">Verificaci\u00f3n de antecedentes<\/strong>: Realizar investigaciones de antecedentes laborales y criminales de empleados y socios clave.<\/p>\n<\/li>\n<li data-start=\"2824\" data-end=\"2945\">\n<p data-start=\"2826\" data-end=\"2945\"><strong data-start=\"2826\" data-end=\"2884\">Procedimientos de seguridad en transporte y almacenaje<\/strong>: Supervisi\u00f3n continua de contenedores, camiones y almacenes.<\/p>\n<\/li>\n<li data-start=\"2946\" data-end=\"3052\">\n<p data-start=\"2948\" data-end=\"3052\"><strong data-start=\"2948\" data-end=\"2992\">Capacitaci\u00f3n en seguridad para empleados<\/strong>: Crear conciencia sobre amenazas y protocolos de respuesta.<\/p>\n<\/li>\n<\/ul>\n<p data-start=\"3054\" data-end=\"3189\">La certificaci\u00f3n se mantiene mediante <strong data-start=\"3092\" data-end=\"3147\">auditor\u00edas regulares y evaluaciones de cumplimiento<\/strong>, tanto internas como por parte de la CBP.<\/p>\n<h2 data-start=\"3191\" data-end=\"3242\"><strong data-start=\"3194\" data-end=\"3242\">La importancia de la cooperaci\u00f3n trinacional<\/strong><\/h2>\n<p data-start=\"3244\" data-end=\"3732\">El hecho de que CTPAT solo funcione entre Canad\u00e1, Estados Unidos y M\u00e9xico <strong data-start=\"3318\" data-end=\"3342\">no es una limitaci\u00f3n<\/strong>, sino una <strong data-start=\"3353\" data-end=\"3379\">estrategia inteligente<\/strong> de integraci\u00f3n y seguridad regional. Estos tres pa\u00edses han demostrado que la colaboraci\u00f3n en seguridad es tan esencial como la colaboraci\u00f3n econ\u00f3mica. Gracias a acuerdos de <strong data-start=\"3553\" data-end=\"3615\">Reconocimiento Mutuo (Mutual Recognition Agreements \u2013 MRA)<\/strong>, los programas PIP de Canad\u00e1 y OEA de M\u00e9xico son reconocidos por la CBP como equivalentes en est\u00e1ndares y pr\u00e1cticas.<\/p>\n<p data-start=\"3734\" data-end=\"4047\">Esto significa que si una empresa mexicana est\u00e1 certificada en el <strong data-start=\"3800\" data-end=\"3839\">Operador Econ\u00f3mico Autorizado (OEA)<\/strong>, puede obtener beneficios similares a los de una empresa CTPAT al comerciar con Estados Unidos. Lo mismo aplica para las empresas canadienses certificadas en el <strong data-start=\"4001\" data-end=\"4046\">Programa de Socios en la Protecci\u00f3n (PIP)<\/strong>.<\/p>\n<h2 data-start=\"4049\" data-end=\"4089\"><strong data-start=\"4052\" data-end=\"4089\">\u00bfQui\u00e9nes pueden aplicar al CTPAT?<\/strong><\/h2>\n<p data-start=\"4091\" data-end=\"4194\">El programa est\u00e1 dirigido a una amplia gama de entidades dentro de la cadena de suministro, incluyendo:<\/p>\n<ul data-start=\"4196\" data-end=\"4506\">\n<li data-start=\"4196\" data-end=\"4248\">\n<p data-start=\"4198\" data-end=\"4248\"><strong data-start=\"4198\" data-end=\"4229\">Importadores y exportadores<\/strong> con sede en EE.UU.<\/p>\n<\/li>\n<li data-start=\"4249\" data-end=\"4345\">\n<p data-start=\"4251\" data-end=\"4345\"><strong data-start=\"4251\" data-end=\"4303\">Transportistas terrestres, ferroviarios y a\u00e9reos<\/strong> que cruzan fronteras con Canad\u00e1 y M\u00e9xico.<\/p>\n<\/li>\n<li data-start=\"4346\" data-end=\"4410\">\n<p data-start=\"4348\" data-end=\"4410\"><strong data-start=\"4348\" data-end=\"4409\">Consolidadores, agentes aduanales y operadores log\u00edsticos<\/strong>.<\/p>\n<\/li>\n<li data-start=\"4411\" data-end=\"4506\">\n<p data-start=\"4413\" data-end=\"4506\"><strong data-start=\"4413\" data-end=\"4459\">Fabricantes extranjeros en M\u00e9xico y Canad\u00e1<\/strong> que trabajan con importadores estadounidenses.<\/p>\n<\/li>\n<\/ul>\n<p data-start=\"4508\" data-end=\"4675\">Es fundamental que estas empresas cuenten con un historial s\u00f3lido de cumplimiento aduanero y un compromiso con las pr\u00e1cticas de seguridad establecidas por el programa.<\/p>\n<h2 data-start=\"4677\" data-end=\"4716\"><strong data-start=\"4680\" data-end=\"4716\">Beneficios comerciales del CTPAT<\/strong><\/h2>\n<p data-start=\"4718\" data-end=\"4990\">M\u00e1s all\u00e1 de los beneficios operativos y de seguridad, la certificaci\u00f3n CTPAT <strong data-start=\"4795\" data-end=\"4836\">abre nuevas oportunidades comerciales<\/strong>. Cada vez m\u00e1s empresas exigen que sus socios y proveedores formen parte del programa como un requisito b\u00e1sico de colaboraci\u00f3n. Las empresas certificadas:<\/p>\n<ul data-start=\"4992\" data-end=\"5303\">\n<li data-start=\"4992\" data-end=\"5057\">\n<p data-start=\"4994\" data-end=\"5057\"><strong data-start=\"4994\" data-end=\"5033\">Mejoran su reputaci\u00f3n internacional<\/strong> como socios confiables.<\/p>\n<\/li>\n<li data-start=\"5058\" data-end=\"5155\">\n<p data-start=\"5060\" data-end=\"5155\"><strong data-start=\"5060\" data-end=\"5104\">Acceden m\u00e1s f\u00e1cilmente a nuevos mercados<\/strong>, gracias a procedimientos aduaneros simplificados.<\/p>\n<\/li>\n<li data-start=\"5156\" data-end=\"5235\">\n<p data-start=\"5158\" data-end=\"5235\"><strong data-start=\"5158\" data-end=\"5187\">Reducen costos log\u00edsticos<\/strong> derivados de demoras, inspecciones y sanciones.<\/p>\n<\/li>\n<li data-start=\"5236\" data-end=\"5303\">\n<p data-start=\"5238\" data-end=\"5303\"><strong data-start=\"5238\" data-end=\"5303\">Aumentan su competitividad frente a empresas no certificadas.<\/strong><\/p>\n<\/li>\n<\/ul>\n<h2 data-start=\"5305\" data-end=\"5345\"><strong data-start=\"5308\" data-end=\"5345\">Proceso de solicitud y validaci\u00f3n<\/strong><\/h2>\n<p data-start=\"5347\" data-end=\"5424\">Solicitar la certificaci\u00f3n CTPAT implica un proceso estructurado que incluye:<\/p>\n<ol data-start=\"5426\" data-end=\"5688\">\n<li data-start=\"5426\" data-end=\"5463\">\n<p data-start=\"5429\" data-end=\"5463\"><strong data-start=\"5429\" data-end=\"5462\">Registro en el Portal del CBP<\/strong>.<\/p>\n<\/li>\n<li data-start=\"5464\" data-end=\"5520\">\n<p data-start=\"5467\" data-end=\"5520\"><strong data-start=\"5467\" data-end=\"5509\">Presentaci\u00f3n de un Perfil de Seguridad<\/strong> detallado.<\/p>\n<\/li>\n<li data-start=\"5521\" data-end=\"5567\">\n<p data-start=\"5524\" data-end=\"5567\"><strong data-start=\"5524\" data-end=\"5546\">Evaluaci\u00f3n inicial<\/strong> por parte de la CBP.<\/p>\n<\/li>\n<li data-start=\"5568\" data-end=\"5639\">\n<p data-start=\"5571\" data-end=\"5639\"><strong data-start=\"5571\" data-end=\"5595\">Visita de validaci\u00f3n<\/strong> (en persona o virtual) a las instalaciones.<\/p>\n<\/li>\n<li data-start=\"5640\" data-end=\"5688\">\n<p data-start=\"5643\" data-end=\"5688\"><strong data-start=\"5643\" data-end=\"5688\">Aceptaci\u00f3n oficial y entrada al programa.<\/strong><\/p>\n<\/li>\n<\/ol>\n<p data-start=\"5690\" data-end=\"5810\">Este proceso puede tardar entre <strong data-start=\"5722\" data-end=\"5737\">3 y 6 meses<\/strong>, dependiendo de la complejidad de la cadena de suministro de la empresa.<\/p>\n<h2 data-start=\"5812\" data-end=\"5867\"><strong data-start=\"5815\" data-end=\"5867\">\u00bfPor qu\u00e9 el CTPAT no se extiende a otros pa\u00edses?<\/strong><\/h2>\n<p data-start=\"5869\" data-end=\"6293\">La naturaleza del CTPAT se basa en la <strong data-start=\"5907\" data-end=\"5978\">confianza, la coordinaci\u00f3n gubernamental y la proximidad geogr\u00e1fica<\/strong>. Al centrarse exclusivamente en Am\u00e9rica del Norte, el programa puede mantener un <strong data-start=\"6060\" data-end=\"6096\">control m\u00e1s estricto y eficiente<\/strong>. Ampliar el alcance a pa\u00edses fuera del T-MEC requerir\u00eda acuerdos diplom\u00e1ticos adicionales y una infraestructura legal y operativa que actualmente solo existe entre Canad\u00e1, M\u00e9xico y Estados Unidos.<\/p>\n<p data-start=\"6295\" data-end=\"6501\">Sin embargo, existen <strong data-start=\"6316\" data-end=\"6357\">programas similares en otras regiones<\/strong>, como el <strong data-start=\"6367\" data-end=\"6405\">Authorized Economic Operator (AEO)<\/strong> en la Uni\u00f3n Europea, que pueden integrarse con CTPAT mediante acuerdos de reconocimiento mutuo.<\/p>\n<h2 data-start=\"6503\" data-end=\"6569\"><strong data-start=\"6506\" data-end=\"6569\">CTPAT y su relaci\u00f3n con otros programas de seguridad global<\/strong><\/h2>\n<p data-start=\"6571\" data-end=\"6864\">El \u00e9xito del CTPAT ha motivado a otros pa\u00edses a implementar esquemas similares. A trav\u00e9s de la <strong data-start=\"6666\" data-end=\"6707\">Organizaci\u00f3n Mundial de Aduanas (OMA)<\/strong>, se promueve el concepto de <strong data-start=\"6736\" data-end=\"6769\">Operador Econ\u00f3mico Autorizado<\/strong>, el cual comparte principios con el CTPAT. Esto permite una <strong data-start=\"6830\" data-end=\"6858\">sinergia entre programas<\/strong> como:<\/p>\n<ul data-start=\"6866\" data-end=\"6976\">\n<li data-start=\"6866\" data-end=\"6884\">\n<p data-start=\"6868\" data-end=\"6884\"><strong data-start=\"6868\" data-end=\"6884\">OEA \u2013 M\u00e9xico<\/strong><\/p>\n<\/li>\n<li data-start=\"6885\" data-end=\"6903\">\n<p data-start=\"6887\" data-end=\"6903\"><strong data-start=\"6887\" data-end=\"6903\">PIP \u2013 Canad\u00e1<\/strong><\/p>\n<\/li>\n<li data-start=\"6904\" data-end=\"6929\">\n<p data-start=\"6906\" data-end=\"6929\"><strong data-start=\"6906\" data-end=\"6929\">AEO \u2013 Uni\u00f3n Europea<\/strong><\/p>\n<\/li>\n<li data-start=\"6930\" data-end=\"6948\">\n<p data-start=\"6932\" data-end=\"6948\"><strong data-start=\"6932\" data-end=\"6948\">AEOI \u2013 Jap\u00f3n<\/strong><\/p>\n<\/li>\n<li data-start=\"6949\" data-end=\"6976\">\n<p data-start=\"6951\" data-end=\"6976\"><strong data-start=\"6951\" data-end=\"6976\">NEEC \u2013 Am\u00e9rica Latina<\/strong><\/p>\n<\/li>\n<\/ul>\n<p data-start=\"6978\" data-end=\"7196\">Estas sinergias permiten a las empresas certificadas en sus respectivos pa\u00edses <strong data-start=\"7057\" data-end=\"7132\">beneficiarse de facilidades aduaneras al interactuar con empresas CTPAT<\/strong>, siempre que existan acuerdos de reconocimiento mutuo vigentes.<\/p>\n<h2 data-start=\"7198\" data-end=\"7215\"><strong data-start=\"7201\" data-end=\"7215\">Conclusi\u00f3n<\/strong><\/h2>\n<p data-start=\"7217\" data-end=\"7533\">El programa CTPAT representa una <strong data-start=\"7250\" data-end=\"7339\">ventaja estrat\u00e9gica para empresas que comercian entre Canad\u00e1, Estados Unidos y M\u00e9xico<\/strong>. Al enfocarse exclusivamente en esta regi\u00f3n, se logra un <strong data-start=\"7397\" data-end=\"7455\">nivel de coordinaci\u00f3n, seguridad y eficiencia superior<\/strong>, que fortalece tanto la econom\u00eda como la infraestructura log\u00edstica del T-MEC.<\/p>\n<p data-start=\"7535\" data-end=\"7770\">Para las empresas que desean consolidarse como l\u00edderes en comercio internacional, la <strong data-start=\"7620\" data-end=\"7685\">certificaci\u00f3n CTPAT no es solo una opci\u00f3n, sino una necesidad<\/strong> para garantizar confianza, rapidez y cumplimiento en cada operaci\u00f3n transfronteriza.<\/p>\n<p data-start=\"7772\" data-end=\"7916\">Si deseas mantenerte competitivo, aumentar tu credibilidad y facilitar tus operaciones log\u00edsticas, <strong data-start=\"7871\" data-end=\"7915\">el momento para unirse al CTPAT es ahora<\/strong>.<\/p>","protected":false},"excerpt":{"rendered":"<p>\u00bfQu\u00e9 es CTPAT y por qu\u00e9 solo aplica a Canad\u00e1, Estados Unidos y M\u00e9xico? El Customs Trade Partnership Against Terrorism [&hellip;]<\/p>\n","protected":false},"author":1,"featured_media":0,"parent":0,"menu_order":0,"comment_status":"closed","ping_status":"closed","template":"","meta":{"_monsterinsights_skip_tracking":false,"_monsterinsights_sitenote_active":false,"_monsterinsights_sitenote_note":"","_monsterinsights_sitenote_category":0,"_joinchat":[],"footnotes":""},"class_list":["post-2519","page","type-page","status-publish","hentry"],"yoast_head":"<!-- This site is optimized with the Yoast SEO Premium plugin v27.5 (Yoast SEO v27.6) - https:\/\/yoast.com\/product\/yoast-seo-premium-wordpress\/ -->\n<title>CTPAT solo Canad\u00e1, Estados Unidos y M\u00e9xico: Lo que necesitas saber - CTPAT: Customs Trade Partnership Against Terrorism<\/title>\n<meta name=\"description\" content=\"CTPAT solo Canad\u00e1, Estados Unidos y M\u00e9xico: Lo que necesitas saber\" \/>\n<meta name=\"robots\" content=\"index, follow, max-snippet:-1, max-image-preview:large, max-video-preview:-1\" \/>\n<link rel=\"canonical\" href=\"https:\/\/ctpatcertificacion.com\/en\/ctpat-solo-canada-estados-unidos-y-mexico-lo-que-necesitas-saber\/\" \/>\n<meta property=\"og:locale\" content=\"es_MX\" \/>\n<meta property=\"og:type\" content=\"article\" \/>\n<meta property=\"og:title\" content=\"CTPAT solo Canad\u00e1, Estados Unidos y M\u00e9xico: Lo que necesitas saber\" \/>\n<meta property=\"og:description\" content=\"CTPAT solo Canad\u00e1, Estados Unidos y M\u00e9xico: Lo que necesitas saber\" \/>\n<meta property=\"og:url\" content=\"https:\/\/ctpatcertificacion.com\/en\/ctpat-solo-canada-estados-unidos-y-mexico-lo-que-necesitas-saber\/\" \/>\n<meta property=\"og:site_name\" content=\"CTPAT: Customs Trade Partnership Against Terrorism\" \/>\n<meta name=\"twitter:card\" content=\"summary_large_image\" \/>\n<meta name=\"twitter:label1\" content=\"Est. reading time\" \/>\n\t<meta name=\"twitter:data1\" content=\"5 minutes\" \/>\n<script type=\"application\/ld+json\" class=\"yoast-schema-graph\">{\"@context\":\"https:\\\/\\\/schema.org\",\"@graph\":[{\"@type\":\"WebPage\",\"@id\":\"https:\\\/\\\/ctpatcertificacion.com\\\/ctpat-solo-canada-estados-unidos-y-mexico-lo-que-necesitas-saber\\\/\",\"url\":\"https:\\\/\\\/ctpatcertificacion.com\\\/ctpat-solo-canada-estados-unidos-y-mexico-lo-que-necesitas-saber\\\/\",\"name\":\"CTPAT solo Canad\u00e1, Estados Unidos y M\u00e9xico: Lo que necesitas saber - CTPAT: Customs Trade Partnership Against Terrorism\",\"isPartOf\":{\"@id\":\"https:\\\/\\\/ctpatcertificacion.com\\\/#website\"},\"datePublished\":\"2025-07-04T05:29:26+00:00\",\"description\":\"CTPAT solo Canad\u00e1, Estados Unidos y M\u00e9xico: Lo que necesitas saber\",\"breadcrumb\":{\"@id\":\"https:\\\/\\\/ctpatcertificacion.com\\\/ctpat-solo-canada-estados-unidos-y-mexico-lo-que-necesitas-saber\\\/#breadcrumb\"},\"inLanguage\":\"en-US\",\"potentialAction\":[{\"@type\":\"ReadAction\",\"target\":[\"https:\\\/\\\/ctpatcertificacion.com\\\/ctpat-solo-canada-estados-unidos-y-mexico-lo-que-necesitas-saber\\\/\"]}]},{\"@type\":\"BreadcrumbList\",\"@id\":\"https:\\\/\\\/ctpatcertificacion.com\\\/ctpat-solo-canada-estados-unidos-y-mexico-lo-que-necesitas-saber\\\/#breadcrumb\",\"itemListElement\":[{\"@type\":\"ListItem\",\"position\":1,\"name\":\"Portada\",\"item\":\"https:\\\/\\\/ctpatcertificacion.com\\\/\"},{\"@type\":\"ListItem\",\"position\":2,\"name\":\"CTPAT solo Canad\u00e1, Estados Unidos y M\u00e9xico: Lo que necesitas saber\"}]},{\"@type\":\"WebSite\",\"@id\":\"https:\\\/\\\/ctpatcertificacion.com\\\/#website\",\"url\":\"https:\\\/\\\/ctpatcertificacion.com\\\/\",\"name\":\"Consultor\u00eda CTPAT en M\u00e9xico | Certificaci\u00f3n, Validaci\u00f3n y Capacitaci\u00f3n | LM Consultores\",\"description\":\"CTPAT (Customs-Trade Partnership Against Terrorism) es una iniciativa entre el gobierno de los Estados Unidos y la iniciativa privada con la finalidad de garantizar la seguridad en las distintas \u00e1reas de la cadena de suministro y protegerla en contra del terrorismo.\",\"publisher\":{\"@id\":\"https:\\\/\\\/ctpatcertificacion.com\\\/#organization\"},\"potentialAction\":[{\"@type\":\"SearchAction\",\"target\":{\"@type\":\"EntryPoint\",\"urlTemplate\":\"https:\\\/\\\/ctpatcertificacion.com\\\/?s={search_term_string}\"},\"query-input\":{\"@type\":\"PropertyValueSpecification\",\"valueRequired\":true,\"valueName\":\"search_term_string\"}}],\"inLanguage\":\"en-US\"},{\"@type\":[\"Organization\",\"Place\"],\"@id\":\"https:\\\/\\\/ctpatcertificacion.com\\\/#organization\",\"name\":\"LM Consultores\",\"url\":\"https:\\\/\\\/ctpatcertificacion.com\\\/\",\"logo\":{\"@id\":\"https:\\\/\\\/ctpatcertificacion.com\\\/ctpat-solo-canada-estados-unidos-y-mexico-lo-que-necesitas-saber\\\/#local-main-organization-logo\"},\"image\":{\"@id\":\"https:\\\/\\\/ctpatcertificacion.com\\\/ctpat-solo-canada-estados-unidos-y-mexico-lo-que-necesitas-saber\\\/#local-main-organization-logo\"},\"openingHoursSpecification\":[{\"@type\":\"OpeningHoursSpecification\",\"dayOfWeek\":[\"Monday\",\"Tuesday\",\"Wednesday\",\"Thursday\",\"Friday\",\"Saturday\"],\"opens\":\"06:00\",\"closes\":\"17:00\"},{\"@type\":\"OpeningHoursSpecification\",\"dayOfWeek\":[\"Sunday\"],\"opens\":\"00:00\",\"closes\":\"00:00\"}]},{\"@type\":\"ImageObject\",\"inLanguage\":\"en-US\",\"@id\":\"https:\\\/\\\/ctpatcertificacion.com\\\/ctpat-solo-canada-estados-unidos-y-mexico-lo-que-necesitas-saber\\\/#local-main-organization-logo\",\"url\":\"https:\\\/\\\/ctpatcertificacion.com\\\/wp-content\\\/uploads\\\/2022\\\/03\\\/ctpat-logo-arriba.png\",\"contentUrl\":\"https:\\\/\\\/ctpatcertificacion.com\\\/wp-content\\\/uploads\\\/2022\\\/03\\\/ctpat-logo-arriba.png\",\"width\":600,\"height\":600,\"caption\":\"LM Consultores\"}]}<\/script>\n<meta name=\"geo.placename\" content=\"M\u00e9xico\" \/>\n<meta name=\"geo.region\" content=\"Mexico\" \/>\n<!-- \/ Yoast SEO Premium plugin. -->","yoast_head_json":{"title":"CTPAT solo Canad\u00e1, Estados Unidos y M\u00e9xico: Lo que necesitas saber - CTPAT: Customs Trade Partnership Against Terrorism","description":"CTPAT solo Canad\u00e1, Estados Unidos y M\u00e9xico: Lo que necesitas saber","robots":{"index":"index","follow":"follow","max-snippet":"max-snippet:-1","max-image-preview":"max-image-preview:large","max-video-preview":"max-video-preview:-1"},"canonical":"https:\/\/ctpatcertificacion.com\/en\/ctpat-solo-canada-estados-unidos-y-mexico-lo-que-necesitas-saber\/","og_locale":"es_MX","og_type":"article","og_title":"CTPAT solo Canad\u00e1, Estados Unidos y M\u00e9xico: Lo que necesitas saber","og_description":"CTPAT solo Canad\u00e1, Estados Unidos y M\u00e9xico: Lo que necesitas saber","og_url":"https:\/\/ctpatcertificacion.com\/en\/ctpat-solo-canada-estados-unidos-y-mexico-lo-que-necesitas-saber\/","og_site_name":"CTPAT: Customs Trade Partnership Against Terrorism","twitter_card":"summary_large_image","twitter_misc":{"Est. reading time":"5 minutes"},"schema":{"@context":"https:\/\/schema.org","@graph":[{"@type":"WebPage","@id":"https:\/\/ctpatcertificacion.com\/ctpat-solo-canada-estados-unidos-y-mexico-lo-que-necesitas-saber\/","url":"https:\/\/ctpatcertificacion.com\/ctpat-solo-canada-estados-unidos-y-mexico-lo-que-necesitas-saber\/","name":"CTPAT solo Canad\u00e1, Estados Unidos y M\u00e9xico: Lo que necesitas saber - CTPAT: Customs Trade Partnership Against Terrorism","isPartOf":{"@id":"https:\/\/ctpatcertificacion.com\/#website"},"datePublished":"2025-07-04T05:29:26+00:00","description":"CTPAT solo Canad\u00e1, Estados Unidos y M\u00e9xico: Lo que necesitas saber","breadcrumb":{"@id":"https:\/\/ctpatcertificacion.com\/ctpat-solo-canada-estados-unidos-y-mexico-lo-que-necesitas-saber\/#breadcrumb"},"inLanguage":"en-US","potentialAction":[{"@type":"ReadAction","target":["https:\/\/ctpatcertificacion.com\/ctpat-solo-canada-estados-unidos-y-mexico-lo-que-necesitas-saber\/"]}]},{"@type":"BreadcrumbList","@id":"https:\/\/ctpatcertificacion.com\/ctpat-solo-canada-estados-unidos-y-mexico-lo-que-necesitas-saber\/#breadcrumb","itemListElement":[{"@type":"ListItem","position":1,"name":"Portada","item":"https:\/\/ctpatcertificacion.com\/"},{"@type":"ListItem","position":2,"name":"CTPAT solo Canad\u00e1, Estados Unidos y M\u00e9xico: Lo que necesitas saber"}]},{"@type":"WebSite","@id":"https:\/\/ctpatcertificacion.com\/#website","url":"https:\/\/ctpatcertificacion.com\/","name":"Consultor\u00eda CTPAT en M\u00e9xico | Certificaci\u00f3n, Validaci\u00f3n y Capacitaci\u00f3n | LM Consultores","description":"CTPAT (Customs-Trade Partnership Against Terrorism) es una iniciativa entre el gobierno de los Estados Unidos y la iniciativa privada con la finalidad de garantizar la seguridad en las distintas \u00e1reas de la cadena de suministro y protegerla en contra del terrorismo.","publisher":{"@id":"https:\/\/ctpatcertificacion.com\/#organization"},"potentialAction":[{"@type":"SearchAction","target":{"@type":"EntryPoint","urlTemplate":"https:\/\/ctpatcertificacion.com\/?s={search_term_string}"},"query-input":{"@type":"PropertyValueSpecification","valueRequired":true,"valueName":"search_term_string"}}],"inLanguage":"en-US"},{"@type":["Organization","Place"],"@id":"https:\/\/ctpatcertificacion.com\/#organization","name":"LM Consultores","url":"https:\/\/ctpatcertificacion.com\/","logo":{"@id":"https:\/\/ctpatcertificacion.com\/ctpat-solo-canada-estados-unidos-y-mexico-lo-que-necesitas-saber\/#local-main-organization-logo"},"image":{"@id":"https:\/\/ctpatcertificacion.com\/ctpat-solo-canada-estados-unidos-y-mexico-lo-que-necesitas-saber\/#local-main-organization-logo"},"openingHoursSpecification":[{"@type":"OpeningHoursSpecification","dayOfWeek":["Monday","Tuesday","Wednesday","Thursday","Friday","Saturday"],"opens":"06:00","closes":"17:00"},{"@type":"OpeningHoursSpecification","dayOfWeek":["Sunday"],"opens":"00:00","closes":"00:00"}]},{"@type":"ImageObject","inLanguage":"en-US","@id":"https:\/\/ctpatcertificacion.com\/ctpat-solo-canada-estados-unidos-y-mexico-lo-que-necesitas-saber\/#local-main-organization-logo","url":"https:\/\/ctpatcertificacion.com\/wp-content\/uploads\/2022\/03\/ctpat-logo-arriba.png","contentUrl":"https:\/\/ctpatcertificacion.com\/wp-content\/uploads\/2022\/03\/ctpat-logo-arriba.png","width":600,"height":600,"caption":"LM Consultores"}]},"geo.placename":"M\u00e9xico","geo.region":"Mexico"},"_links":{"self":[{"href":"https:\/\/ctpatcertificacion.com\/en\/wp-json\/wp\/v2\/pages\/2519","targetHints":{"allow":["GET"]}}],"collection":[{"href":"https:\/\/ctpatcertificacion.com\/en\/wp-json\/wp\/v2\/pages"}],"about":[{"href":"https:\/\/ctpatcertificacion.com\/en\/wp-json\/wp\/v2\/types\/page"}],"author":[{"embeddable":true,"href":"https:\/\/ctpatcertificacion.com\/en\/wp-json\/wp\/v2\/users\/1"}],"replies":[{"embeddable":true,"href":"https:\/\/ctpatcertificacion.com\/en\/wp-json\/wp\/v2\/comments?post=2519"}],"version-history":[{"count":0,"href":"https:\/\/ctpatcertificacion.com\/en\/wp-json\/wp\/v2\/pages\/2519\/revisions"}],"wp:attachment":[{"href":"https:\/\/ctpatcertificacion.com\/en\/wp-json\/wp\/v2\/media?parent=2519"}],"curies":[{"name":"wp","href":"https:\/\/api.w.org\/{rel}","templated":true}]}}