{"id":2624,"date":"2026-04-14T04:23:30","date_gmt":"2026-04-14T04:23:30","guid":{"rendered":"https:\/\/ctpatcertificacion.com\/?page_id=2624"},"modified":"2026-04-14T04:52:38","modified_gmt":"2026-04-14T04:52:38","slug":"checklist-ctpat","status":"publish","type":"page","link":"https:\/\/ctpatcertificacion.com\/en\/checklist-ctpat\/","title":{"rendered":"Checklist CTPAT"},"content":{"rendered":"<h2>\u00bfSu empresa exporta a Estados Unidos o cruza mercanc\u00eda por la frontera?<\/h2>\n<h4>Descargue gratis el Checklist CTPAT \u00a0y eval\u00fae en minutos<br \/>\nel estado de cumplimiento de su empresa antes de iniciar el<br \/>\nproceso de certificaci\u00f3n \u2014 o prepararse para una validaci\u00f3n del CBP.<\/h4>\n<h4>\u2705 Incluye criterios para 3 categor\u00edas:<br \/>\n&#8211; Transportista de Cruce Fronterizo<br \/>\n&#8211; Transportista de Largo Recorrido en M\u00e9xico<br \/>\n&#8211; Empresa de Manufactura \/ Fabricante<\/h4>\n<h4>\u2705 Basado en los Requisitos M\u00ednimos de Seguridad (MSC) vigentes<\/h4>\n<h4>\u2705 Identifique sus brechas antes de que lo haga el CBP<\/h4>\n<h4>\u2705 Listo para usar \u2014 sin registro complicado<\/h4>\n<div class='fluentform ff-default fluentform_wrapper_4 ffs_default_wrap'><form data-form_id=\"4\" id=\"fluentform_4\" class=\"frm-fluent-form fluent_form_4 ff-el-form-top ff_form_instance_4_1 ff-form-loading ffs_default\" data-form_instance=\"ff_form_instance_4_1\" method=\"POST\" ><fieldset  style=\"border: none!important;margin: 0!important;padding: 0!important;background-color: transparent!important;box-shadow: none!important;outline: none!important; min-inline-size: 100%;\">\n                    <legend class=\"ff_screen_reader_title\" style=\"display: block; margin: 0!important;padding: 0!important;height: 0!important;text-indent: -999999px;width: 0!important;overflow:hidden;\">Descarga Checklist CTPAT<\/legend><p style=\"display: none !important;\" class=\"akismet-fields-container\" data-prefix=\"ak_\"><label>&#916;<textarea name=\"ak_hp_textarea\" cols=\"45\" rows=\"8\" maxlength=\"100\"><\/textarea><\/label><input type=\"hidden\" id=\"ak_js_1\" name=\"ak_js\" value=\"37\"\/><script type=\"text\/javascript\">\n\/* <![CDATA[ *\/\ndocument.getElementById( \"ak_js_1\" ).setAttribute( \"value\", ( new Date() ).getTime() );\n\/* ]]> *\/\n<\/script>\n<\/p><input type='hidden' name='__fluent_form_embded_post_id' value='2624' \/><input type=\"hidden\" id=\"_fluentform_4_fluentformnonce\" name=\"_fluentform_4_fluentformnonce\" value=\"a0962bfe91\" \/><input type=\"hidden\" name=\"_wp_http_referer\" value=\"\/en\/wp-json\/wp\/v2\/pages\/2624\" \/><div data-type=\"name-element\" data-name=\"names\" class=\" ff-field_container ff-name-field-wrapper\" ><div class='ff-t-container'><div class='ff-t-cell '><div class='ff-el-group ff-el-form-top'><div class=\"ff-el-input--label asterisk-right\"><label for='ff_4_names_first_name_' id='label_ff_4_names_first_name_' >First Name<\/label><\/div><div class='ff-el-input--content'><input type=\"text\" name=\"names[first_name]\" id=\"ff_4_names_first_name_\" class=\"ff-el-form-control\" placeholder=\"Enter Your First Name\" aria-invalid=\"false\" aria-required=false><\/div><\/div><\/div><div class='ff-t-cell '><div class='ff-el-group ff-el-form-top'><div class=\"ff-el-input--label asterisk-right\"><label for='ff_4_names_last_name_' id='label_ff_4_names_last_name_' >Last Name<\/label><\/div><div class='ff-el-input--content'><input type=\"text\" name=\"names[last_name]\" id=\"ff_4_names_last_name_\" class=\"ff-el-form-control\" placeholder=\"Enter Your Last Name\" aria-invalid=\"false\" aria-required=false><\/div><\/div><\/div><\/div><\/div><div class='ff-el-group'><div class=\"ff-el-input--label ff-el-is-required asterisk-right\"><label for='ff_4_email' id='label_ff_4_email' aria-label=\"Email\">Email<\/label><\/div><div class='ff-el-input--content'><input type=\"email\" name=\"email\" id=\"ff_4_email\" class=\"ff-el-form-control\" placeholder=\"Email Address\" data-name=\"email\"  aria-invalid=\"false\" aria-required=true><\/div><\/div><div class='ff-el-group'><div class=\"ff-el-input--label asterisk-right\"><label for='ff_4_input_text' id='label_ff_4_input_text' aria-label=\"Nombre de la Empresa\">Nombre de la Empresa<\/label><\/div><div class='ff-el-input--content'><input type=\"text\" name=\"input_text\" class=\"ff-el-form-control\" data-name=\"input_text\" id=\"ff_4_input_text\"  aria-invalid=\"false\" aria-required=false><\/div><\/div><div class='ff-el-group'><div class=\"ff-el-input--label ff-el-is-required asterisk-right\"><label for='ff_4_dropdown' id='label_ff_4_dropdown' aria-label=\"Giro de la Empresa\">Giro de la Empresa<\/label><\/div><div class='ff-el-input--content'><select name=\"dropdown\" id=\"ff_4_dropdown\" class=\"ff-el-form-control\" data-name=\"dropdown\" data-calc_value=\"0\"  aria-invalid=\"false\" aria-required=\"true\" aria-labelledby=\"label_ff_4_dropdown\"><option value=\"\">- Select -<\/option><option value=\"Manufactura en M\u00e9xico\"  >Manufactura en M\u00e9xico<\/option><option value=\"Transportista Largo Recorrido\"  >Transportista Largo Recorrido<\/option><option value=\"Transportista Cruce Fronterizo\"  >Transportista Cruce Fronterizo<\/option><\/select><\/div><\/div><div class='ff-el-group'><div class=\"ff-el-input--label ff-el-is-required asterisk-right\"><label for='ff_4_input_text_1' id='label_ff_4_input_text_1' aria-label=\"Telefono\">Telefono<\/label><\/div><div class='ff-el-input--content'><input type=\"text\" name=\"input_text_1\" class=\"ff-el-form-control\" data-name=\"input_text_1\" id=\"ff_4_input_text_1\"  aria-invalid=\"false\" aria-required=true><\/div><\/div><div class='ff-el-group ff-text-left ff_submit_btn_wrapper'><button type=\"submit\" class=\"ff-btn ff-btn-submit ff-btn-md ff_btn_style\"  aria-label=\"Submit Form\">Submit Form<\/button><\/div><\/fieldset><\/form><div id='fluentform_4_errors' class='ff-errors-in-stack ff_form_instance_4_1 ff-form-loading_errors ff_form_instance_4_1_errors'><\/div><\/div>            <script type=\"text\/javascript\">\n                window.fluent_form_ff_form_instance_4_1 = {\"id\":\"4\",\"ajaxUrl\":\"https:\\\/\\\/ctpatcertificacion.com\\\/wp-admin\\\/admin-ajax.php\",\"settings\":{\"layout\":{\"labelPlacement\":\"top\",\"asteriskPlacement\":\"asterisk-right\",\"helpMessagePlacement\":\"with_label\",\"errorMessagePlacement\":\"inline\",\"cssClassName\":\"\"},\"restrictions\":{\"denyEmptySubmission\":{\"enabled\":false}}},\"form_instance\":\"ff_form_instance_4_1\",\"form_id_selector\":\"fluentform_4\",\"rules\":{\"names[first_name]\":{\"required\":{\"value\":false,\"message\":\"This field is required\",\"global_message\":\"This field is required\",\"global\":true}},\"names[middle_name]\":{\"required\":{\"value\":false,\"message\":\"This field is required\",\"global_message\":\"This field is required\",\"global\":true}},\"names[last_name]\":{\"required\":{\"value\":false,\"message\":\"This field is required\",\"global_message\":\"This field is required\",\"global\":true}},\"email\":{\"required\":{\"value\":true,\"message\":\"This field is required\",\"global_message\":\"This field is required\",\"global\":true},\"email\":{\"value\":true,\"message\":\"This field must contain a valid email\",\"global_message\":\"This field must contain a valid email\",\"global\":true}},\"input_text\":{\"required\":{\"value\":false,\"message\":\"This field is required\",\"global_message\":\"This field is required\",\"global\":true}},\"dropdown\":{\"required\":{\"value\":true,\"message\":\"This field is required\",\"global_message\":\"This field is required\",\"global\":true}},\"input_text_1\":{\"required\":{\"value\":true,\"message\":\"This field is required\",\"global_message\":\"This field is required\",\"global\":true}}},\"debounce_time\":300};\n                            <\/script>\n            \n<h6>LM Consultores \u2014 Especialistas en CTPAT desde 2013<br \/>\nM\u00e1s de 10 a\u00f1os ayudando a empresas en M\u00e9xico a certificarse<br \/>\ny mantener su estatus CTPAT.<\/h6>\n","protected":false},"excerpt":{"rendered":"<p>\u00bfSu empresa exporta a Estados Unidos o cruza mercanc\u00eda por la frontera? Descargue gratis el Checklist CTPAT \u00a0y eval\u00fae en [&hellip;]<\/p>\n","protected":false},"author":1,"featured_media":0,"parent":0,"menu_order":0,"comment_status":"closed","ping_status":"closed","template":"","meta":{"_monsterinsights_skip_tracking":false,"_monsterinsights_sitenote_active":false,"_monsterinsights_sitenote_note":"","_monsterinsights_sitenote_category":0,"_joinchat":[],"footnotes":""},"class_list":["post-2624","page","type-page","status-publish","hentry"],"yoast_head":"<!-- This site is optimized with the Yoast SEO Premium plugin v27.5 (Yoast SEO v27.6) - https:\/\/yoast.com\/product\/yoast-seo-premium-wordpress\/ -->\n<title>Checklist CTPAT Gratis | Requisitos MSC para Empresas en M\u00e9xico<\/title>\n<meta name=\"description\" content=\"Recibir\u00e1 el checklist en su correo en los pr\u00f3ximos minutos.\u00bfPreguntas? Escr\u00edbanos al WhatsApp: 814 142 9755\" \/>\n<meta name=\"robots\" content=\"index, follow, max-snippet:-1, max-image-preview:large, max-video-preview:-1\" \/>\n<link rel=\"canonical\" href=\"https:\/\/ctpatcertificacion.com\/en\/checklist-ctpat\/\" \/>\n<meta property=\"og:locale\" content=\"es_MX\" \/>\n<meta property=\"og:type\" content=\"article\" \/>\n<meta property=\"og:title\" content=\"Checklist CTPAT\" \/>\n<meta property=\"og:description\" content=\"Recibir\u00e1 el checklist en su correo en los pr\u00f3ximos minutos.\u00bfPreguntas? Escr\u00edbanos al WhatsApp: 814 142 9755\" \/>\n<meta property=\"og:url\" content=\"https:\/\/ctpatcertificacion.com\/en\/checklist-ctpat\/\" \/>\n<meta property=\"og:site_name\" content=\"CTPAT: Customs Trade Partnership Against Terrorism\" \/>\n<meta property=\"article:modified_time\" content=\"2026-04-14T04:52:38+00:00\" \/>\n<meta name=\"twitter:card\" content=\"summary_large_image\" \/>\n<meta name=\"twitter:label1\" content=\"Est. reading time\" \/>\n\t<meta name=\"twitter:data1\" content=\"1 minute\" \/>\n<script type=\"application\/ld+json\" class=\"yoast-schema-graph\">{\"@context\":\"https:\\\/\\\/schema.org\",\"@graph\":[{\"@type\":\"WebPage\",\"@id\":\"https:\\\/\\\/ctpatcertificacion.com\\\/checklist-ctpat\\\/\",\"url\":\"https:\\\/\\\/ctpatcertificacion.com\\\/checklist-ctpat\\\/\",\"name\":\"Checklist CTPAT Gratis | Requisitos MSC para Empresas en M\u00e9xico\",\"isPartOf\":{\"@id\":\"https:\\\/\\\/ctpatcertificacion.com\\\/#website\"},\"datePublished\":\"2026-04-14T04:23:30+00:00\",\"dateModified\":\"2026-04-14T04:52:38+00:00\",\"description\":\"Recibir\u00e1 el checklist en su correo en los pr\u00f3ximos minutos.\u00bfPreguntas? Escr\u00edbanos al WhatsApp: 814 142 9755\",\"breadcrumb\":{\"@id\":\"https:\\\/\\\/ctpatcertificacion.com\\\/checklist-ctpat\\\/#breadcrumb\"},\"inLanguage\":\"en-US\",\"potentialAction\":[{\"@type\":\"ReadAction\",\"target\":[\"https:\\\/\\\/ctpatcertificacion.com\\\/checklist-ctpat\\\/\"]}]},{\"@type\":\"BreadcrumbList\",\"@id\":\"https:\\\/\\\/ctpatcertificacion.com\\\/checklist-ctpat\\\/#breadcrumb\",\"itemListElement\":[{\"@type\":\"ListItem\",\"position\":1,\"name\":\"Portada\",\"item\":\"https:\\\/\\\/ctpatcertificacion.com\\\/\"},{\"@type\":\"ListItem\",\"position\":2,\"name\":\"Checklist CTPAT\"}]},{\"@type\":\"WebSite\",\"@id\":\"https:\\\/\\\/ctpatcertificacion.com\\\/#website\",\"url\":\"https:\\\/\\\/ctpatcertificacion.com\\\/\",\"name\":\"Consultor\u00eda CTPAT en M\u00e9xico | Certificaci\u00f3n, Validaci\u00f3n y Capacitaci\u00f3n | LM Consultores\",\"description\":\"CTPAT (Customs-Trade Partnership Against Terrorism) es una iniciativa entre el gobierno de los Estados Unidos y la iniciativa privada con la finalidad de garantizar la seguridad en las distintas \u00e1reas de la cadena de suministro y protegerla en contra del terrorismo.\",\"publisher\":{\"@id\":\"https:\\\/\\\/ctpatcertificacion.com\\\/#organization\"},\"potentialAction\":[{\"@type\":\"SearchAction\",\"target\":{\"@type\":\"EntryPoint\",\"urlTemplate\":\"https:\\\/\\\/ctpatcertificacion.com\\\/?s={search_term_string}\"},\"query-input\":{\"@type\":\"PropertyValueSpecification\",\"valueRequired\":true,\"valueName\":\"search_term_string\"}}],\"inLanguage\":\"en-US\"},{\"@type\":[\"Organization\",\"Place\"],\"@id\":\"https:\\\/\\\/ctpatcertificacion.com\\\/#organization\",\"name\":\"LM Consultores\",\"url\":\"https:\\\/\\\/ctpatcertificacion.com\\\/\",\"logo\":{\"@id\":\"https:\\\/\\\/ctpatcertificacion.com\\\/checklist-ctpat\\\/#local-main-organization-logo\"},\"image\":{\"@id\":\"https:\\\/\\\/ctpatcertificacion.com\\\/checklist-ctpat\\\/#local-main-organization-logo\"},\"openingHoursSpecification\":[{\"@type\":\"OpeningHoursSpecification\",\"dayOfWeek\":[\"Monday\",\"Tuesday\",\"Wednesday\",\"Thursday\",\"Friday\",\"Saturday\"],\"opens\":\"06:00\",\"closes\":\"17:00\"},{\"@type\":\"OpeningHoursSpecification\",\"dayOfWeek\":[\"Sunday\"],\"opens\":\"00:00\",\"closes\":\"00:00\"}]},{\"@type\":\"ImageObject\",\"inLanguage\":\"en-US\",\"@id\":\"https:\\\/\\\/ctpatcertificacion.com\\\/checklist-ctpat\\\/#local-main-organization-logo\",\"url\":\"https:\\\/\\\/ctpatcertificacion.com\\\/wp-content\\\/uploads\\\/2022\\\/03\\\/ctpat-logo-arriba.png\",\"contentUrl\":\"https:\\\/\\\/ctpatcertificacion.com\\\/wp-content\\\/uploads\\\/2022\\\/03\\\/ctpat-logo-arriba.png\",\"width\":600,\"height\":600,\"caption\":\"LM Consultores\"}]}<\/script>\n<meta name=\"geo.placename\" content=\"M\u00e9xico\" \/>\n<meta name=\"geo.region\" content=\"Mexico\" \/>\n<!-- \/ Yoast SEO Premium plugin. -->","yoast_head_json":{"title":"Checklist CTPAT Gratis | Requisitos MSC para Empresas en M\u00e9xico","description":"Recibir\u00e1 el checklist en su correo en los pr\u00f3ximos minutos.\u00bfPreguntas? Escr\u00edbanos al WhatsApp: 814 142 9755","robots":{"index":"index","follow":"follow","max-snippet":"max-snippet:-1","max-image-preview":"max-image-preview:large","max-video-preview":"max-video-preview:-1"},"canonical":"https:\/\/ctpatcertificacion.com\/en\/checklist-ctpat\/","og_locale":"es_MX","og_type":"article","og_title":"Checklist CTPAT","og_description":"Recibir\u00e1 el checklist en su correo en los pr\u00f3ximos minutos.\u00bfPreguntas? Escr\u00edbanos al WhatsApp: 814 142 9755","og_url":"https:\/\/ctpatcertificacion.com\/en\/checklist-ctpat\/","og_site_name":"CTPAT: Customs Trade Partnership Against Terrorism","article_modified_time":"2026-04-14T04:52:38+00:00","twitter_card":"summary_large_image","twitter_misc":{"Est. reading time":"1 minute"},"schema":{"@context":"https:\/\/schema.org","@graph":[{"@type":"WebPage","@id":"https:\/\/ctpatcertificacion.com\/checklist-ctpat\/","url":"https:\/\/ctpatcertificacion.com\/checklist-ctpat\/","name":"Checklist CTPAT Gratis | Requisitos MSC para Empresas en M\u00e9xico","isPartOf":{"@id":"https:\/\/ctpatcertificacion.com\/#website"},"datePublished":"2026-04-14T04:23:30+00:00","dateModified":"2026-04-14T04:52:38+00:00","description":"Recibir\u00e1 el checklist en su correo en los pr\u00f3ximos minutos.\u00bfPreguntas? Escr\u00edbanos al WhatsApp: 814 142 9755","breadcrumb":{"@id":"https:\/\/ctpatcertificacion.com\/checklist-ctpat\/#breadcrumb"},"inLanguage":"en-US","potentialAction":[{"@type":"ReadAction","target":["https:\/\/ctpatcertificacion.com\/checklist-ctpat\/"]}]},{"@type":"BreadcrumbList","@id":"https:\/\/ctpatcertificacion.com\/checklist-ctpat\/#breadcrumb","itemListElement":[{"@type":"ListItem","position":1,"name":"Portada","item":"https:\/\/ctpatcertificacion.com\/"},{"@type":"ListItem","position":2,"name":"Checklist CTPAT"}]},{"@type":"WebSite","@id":"https:\/\/ctpatcertificacion.com\/#website","url":"https:\/\/ctpatcertificacion.com\/","name":"Consultor\u00eda CTPAT en M\u00e9xico | Certificaci\u00f3n, Validaci\u00f3n y Capacitaci\u00f3n | LM Consultores","description":"CTPAT (Customs-Trade Partnership Against Terrorism) es una iniciativa entre el gobierno de los Estados Unidos y la iniciativa privada con la finalidad de garantizar la seguridad en las distintas \u00e1reas de la cadena de suministro y protegerla en contra del terrorismo.","publisher":{"@id":"https:\/\/ctpatcertificacion.com\/#organization"},"potentialAction":[{"@type":"SearchAction","target":{"@type":"EntryPoint","urlTemplate":"https:\/\/ctpatcertificacion.com\/?s={search_term_string}"},"query-input":{"@type":"PropertyValueSpecification","valueRequired":true,"valueName":"search_term_string"}}],"inLanguage":"en-US"},{"@type":["Organization","Place"],"@id":"https:\/\/ctpatcertificacion.com\/#organization","name":"LM Consultores","url":"https:\/\/ctpatcertificacion.com\/","logo":{"@id":"https:\/\/ctpatcertificacion.com\/checklist-ctpat\/#local-main-organization-logo"},"image":{"@id":"https:\/\/ctpatcertificacion.com\/checklist-ctpat\/#local-main-organization-logo"},"openingHoursSpecification":[{"@type":"OpeningHoursSpecification","dayOfWeek":["Monday","Tuesday","Wednesday","Thursday","Friday","Saturday"],"opens":"06:00","closes":"17:00"},{"@type":"OpeningHoursSpecification","dayOfWeek":["Sunday"],"opens":"00:00","closes":"00:00"}]},{"@type":"ImageObject","inLanguage":"en-US","@id":"https:\/\/ctpatcertificacion.com\/checklist-ctpat\/#local-main-organization-logo","url":"https:\/\/ctpatcertificacion.com\/wp-content\/uploads\/2022\/03\/ctpat-logo-arriba.png","contentUrl":"https:\/\/ctpatcertificacion.com\/wp-content\/uploads\/2022\/03\/ctpat-logo-arriba.png","width":600,"height":600,"caption":"LM Consultores"}]},"geo.placename":"M\u00e9xico","geo.region":"Mexico"},"_links":{"self":[{"href":"https:\/\/ctpatcertificacion.com\/en\/wp-json\/wp\/v2\/pages\/2624","targetHints":{"allow":["GET"]}}],"collection":[{"href":"https:\/\/ctpatcertificacion.com\/en\/wp-json\/wp\/v2\/pages"}],"about":[{"href":"https:\/\/ctpatcertificacion.com\/en\/wp-json\/wp\/v2\/types\/page"}],"author":[{"embeddable":true,"href":"https:\/\/ctpatcertificacion.com\/en\/wp-json\/wp\/v2\/users\/1"}],"replies":[{"embeddable":true,"href":"https:\/\/ctpatcertificacion.com\/en\/wp-json\/wp\/v2\/comments?post=2624"}],"version-history":[{"count":0,"href":"https:\/\/ctpatcertificacion.com\/en\/wp-json\/wp\/v2\/pages\/2624\/revisions"}],"wp:attachment":[{"href":"https:\/\/ctpatcertificacion.com\/en\/wp-json\/wp\/v2\/media?parent=2624"}],"curies":[{"name":"wp","href":"https:\/\/api.w.org\/{rel}","templated":true}]}}