{"id":48,"date":"2018-12-18T05:55:54","date_gmt":"2018-12-18T05:55:54","guid":{"rendered":"https:\/\/ctpatcertificacion.com\/?page_id=48"},"modified":"2026-04-14T03:42:51","modified_gmt":"2026-04-14T03:42:51","slug":"validacion","status":"publish","type":"page","link":"https:\/\/ctpatcertificacion.com\/en\/validacion\/","title":{"rendered":"CTPAT Validation"},"content":{"rendered":"<p>El proceso de validaci\u00f3n es esencial para verificar el compromiso de la compa\u00f1\u00eda con <strong>CTPAT.<\/strong><\/p>\n\n\n\n<p><strong>CTPAT<\/strong> requiere que el participante de la empresa comercial documente y valide los procedimientos de seguridad de su cadena de suministro en relaci\u00f3n con los criterios o directrices <strong>CTPAT<\/strong> de CBP existentes, seg\u00fan corresponda.<\/p>\n\n\n\n<p>El prop\u00f3sito de la validaci\u00f3n es garantizar que las medidas de seguridad de la cadena de suministro internacional del participante <strong>CTPAT<\/strong> contenidas en el perfil de seguridad del participante <strong>CTPAT<\/strong> hayan sido implementadas y se sigan de acuerdo con los criterios o directrices <strong>CTPAT<\/strong> establecidos.<\/p>\n\n\n\n<p>Los miembros de <strong>CTPAT<\/strong> son considerados de bajo riesgo y por lo tanto son menos propensos a ser examinados. Esta designaci\u00f3n se basa en el historial de cumplimiento de la empresa, el perfil de seguridad y validaci\u00f3n de la cadena de suministro de muestra internacional.<\/p>\n\n\n\n<p>La validaci\u00f3n de <strong>CTPAT<\/strong> es una auditor\u00eda en sitio realizada por la Aduana y Protecci\u00f3n de Fronteras (CBP) de los EE.UU. La validaci\u00f3n tiene lugar dentro de un a\u00f1o despu\u00e9s de que una empresa se convierte en miembro certificado y cada a\u00f1o o de 3 a 4 a\u00f1os despu\u00e9s, seg\u00fan la categor\u00eda <strong>CTPAT<\/strong>.<\/p>\n\n\n\n<p>Nuestros asesores  le apoyar\u00e1n a su empresa en el proceso de preparaci\u00f3n previo a la visita y durante la misma.<\/p>\n\n\n<div class=\"wp-block-image\">\n<figure class=\"aligncenter size-full\"><img decoding=\"async\" width=\"248\" height=\"53\" src=\"https:\/\/ctpatcertificacion.com\/wp-content\/uploads\/2021\/07\/cropped-CTPAT-Logo-2017-2-3-e1551751667116.png\" alt=\"\" class=\"wp-image-922\" srcset=\"https:\/\/ctpatcertificacion.com\/wp-content\/uploads\/2021\/07\/cropped-CTPAT-Logo-2017-2-3-e1551751667116.png 248w, https:\/\/ctpatcertificacion.com\/wp-content\/uploads\/2021\/07\/cropped-CTPAT-Logo-2017-2-3-e1551751667116-18x4.png 18w\" sizes=\"(max-width: 248px) 100vw, 248px\" \/><\/figure>\n<\/div>\n\n\n<pre class=\"wp-block-preformatted\"><strong>Proceso de validaci\u00f3n C-TPAT<\/strong>\n<em>Preguntas frecuentes<\/em>\nP: \u00bfQu\u00e9 es una validaci\u00f3n <strong>CTPAT<\/strong>?\nR: Una validaci\u00f3n <strong>CTPAT<\/strong> es un proceso a trav\u00e9s del cual el programa <strong>CTPAT<\/strong> de la Oficina de Aduanas y Protecci\u00f3n de Fronteras de los Estados Unidos\n(CBP) se re\u00fane con representantes de la empresa, visita o revisa v\u00eda on line determinadas instalaciones nacionales y extranjeras  para verificar que las medidas de seguridad de la cadena de suministro contenidas en el perfil de seguridad del participante <strong>CTPAT<\/strong> son precisas y se cumplen.\n\nP: \u00bfCu\u00e1l es el objetivo de una validaci\u00f3n <strong>CTPAT<\/strong>?\nR: El objetivo principal de una validaci\u00f3n para el CBP es garantizar que el perfil de seguridad <strong>CTPAT<\/strong> de la empresa\nde seguridad <strong>CTPAT<\/strong> de la empresa es fiable, preciso y eficaz. Sin embargo, las validaciones tambi\u00e9n proporcionan un foro a trav\u00e9s del cual el CBP y un participante del <strong>CTPAT<\/strong> pueden construir una de la cadena de suministro, compartiendo las \"mejores pr\u00e1cticas\" y desarrollando de forma cooperativa soluciones para abordar las posibles vulnerabilidades. El car\u00e1cter de una validaci\u00f3n fomenta que tanto el CBP como el participante del <strong>CTPAT<\/strong> a comprender mejor el papel que cada uno desempe\u00f1a en la protecci\u00f3n de las fronteras contra el terrorismo internacional.\n\nP: \u00bfUna validaci\u00f3n <strong>CTPAT<\/strong> es una auditor\u00eda?\nR: No. Una validaci\u00f3n no es una auditor\u00eda. Mientras que el CBP realiza rutinariamente auditor\u00edas en una variedad de\n\u00e1reas operativas y normativas (por ejemplo, el cumplimiento del comercio, el TLCAN), las validaciones <strong>CTPAT<\/strong> no\nmiden la adhesi\u00f3n de una empresa a las normas y reglamentos gubernamentales existentes. \nEn cambio, la validaci\u00f3n se centra en la verificaci\u00f3n de los procesos y procedimientos de seguridad de la cadena de suministro que una\nempresa acepta voluntariamente verificar o realizar bajo los criterios del programa <strong>CTPAT<\/strong>.\n\nP: \u00bfCu\u00e1nto tiempo se tarda en realizar una validaci\u00f3n <strong>CTPAT<\/strong>?\nR: Las validaciones son espec\u00edficas y concisas. Aunque pueden extenderse m\u00e1s all\u00e1 de dos semanas en algunas empresas debido a la planificaci\u00f3n del CBP, no supondr\u00e1n m\u00e1s de diez d\u00edas laborables del tiempo de una empresa.\n<\/pre>\n\n\n\n<p><\/p>\n\n\n\n<p class=\"has-text-align-center\"><strong><em>Request more information&nbsp;<a href=\"http:\/\/ctpatcertificacion.com\/en\/#contact\">here<\/a><\/em><\/strong><\/p>\n\n\n<div class=\"wp-block-image\">\n<figure class=\"aligncenter size-large is-resized\"><img decoding=\"async\" src=\"https:\/\/ctpatcertificacion.com\/wp-content\/uploads\/2023\/05\/LM-CONSULTORES-FONDO-BLANCO-SIN-FONDO-1024x1024.png\" alt=\"\" class=\"wp-image-1701\" width=\"226\" height=\"226\" srcset=\"https:\/\/ctpatcertificacion.com\/wp-content\/uploads\/2023\/05\/LM-CONSULTORES-FONDO-BLANCO-SIN-FONDO-1024x1024.png 1024w, https:\/\/ctpatcertificacion.com\/wp-content\/uploads\/2023\/05\/LM-CONSULTORES-FONDO-BLANCO-SIN-FONDO-300x300.png 300w, https:\/\/ctpatcertificacion.com\/wp-content\/uploads\/2023\/05\/LM-CONSULTORES-FONDO-BLANCO-SIN-FONDO-150x150.png 150w, https:\/\/ctpatcertificacion.com\/wp-content\/uploads\/2023\/05\/LM-CONSULTORES-FONDO-BLANCO-SIN-FONDO-768x768.png 768w, https:\/\/ctpatcertificacion.com\/wp-content\/uploads\/2023\/05\/LM-CONSULTORES-FONDO-BLANCO-SIN-FONDO-1536x1536.png 1536w, https:\/\/ctpatcertificacion.com\/wp-content\/uploads\/2023\/05\/LM-CONSULTORES-FONDO-BLANCO-SIN-FONDO-12x12.png 12w, https:\/\/ctpatcertificacion.com\/wp-content\/uploads\/2023\/05\/LM-CONSULTORES-FONDO-BLANCO-SIN-FONDO.png 2000w\" sizes=\"(max-width: 226px) 100vw, 226px\" \/><\/figure>\n<\/div>","protected":false},"excerpt":{"rendered":"<p>El proceso de validaci\u00f3n es esencial para verificar el compromiso de la compa\u00f1\u00eda con CTPAT. CTPAT requiere que el participante [&hellip;]<\/p>\n","protected":false},"author":2,"featured_media":0,"parent":0,"menu_order":0,"comment_status":"closed","ping_status":"closed","template":"page-templates\/full-width.php","meta":{"_monsterinsights_skip_tracking":false,"_monsterinsights_sitenote_active":false,"_monsterinsights_sitenote_note":"","_monsterinsights_sitenote_category":0,"_joinchat":[],"footnotes":""},"class_list":["post-48","page","type-page","status-publish","hentry"],"yoast_head":"<!-- This site is optimized with the Yoast SEO Premium plugin v22.0 (Yoast SEO v27.4) - https:\/\/yoast.com\/product\/yoast-seo-premium-wordpress\/ -->\n<title>Validaci\u00f3n CTPAT | Preparaci\u00f3n para Visita CBP | LM Consultores<\/title>\n<meta name=\"description\" content=\"Prepara a tu empresa para la validaci\u00f3n CTPAT con CBP. Nuestros asesores te acompa\u00f1an antes y durante la visita. Reducimos riesgos y aumentamos tus probabilidades de \u00e9xito.\" \/>\n<meta name=\"robots\" content=\"index, follow, max-snippet:-1, max-image-preview:large, max-video-preview:-1\" \/>\n<link rel=\"canonical\" href=\"https:\/\/ctpatcertificacion.com\/en\/validacion\/\" \/>\n<meta property=\"og:locale\" content=\"en_US\" \/>\n<meta property=\"og:type\" content=\"article\" \/>\n<meta property=\"og:title\" content=\"Validaci\u00f3n CTPAT\" \/>\n<meta property=\"og:description\" content=\"Prepara a tu empresa para la validaci\u00f3n CTPAT con CBP. Nuestros asesores te acompa\u00f1an antes y durante la visita. Reducimos riesgos y aumentamos tus probabilidades de \u00e9xito.\" \/>\n<meta property=\"og:url\" content=\"https:\/\/ctpatcertificacion.com\/en\/validacion\/\" \/>\n<meta property=\"og:site_name\" content=\"CTPAT: Customs Trade Partnership Against Terrorism\" \/>\n<meta property=\"article:modified_time\" content=\"2026-04-14T03:42:51+00:00\" \/>\n<meta property=\"og:image\" content=\"https:\/\/ctpatcertificacion.com\/wp-content\/uploads\/2021\/07\/cropped-CTPAT-Logo-2017-2-3-e1551751667116.png\" \/>\n\t<meta property=\"og:image:width\" content=\"248\" \/>\n\t<meta property=\"og:image:height\" content=\"53\" \/>\n\t<meta property=\"og:image:type\" content=\"image\/png\" \/>\n<meta name=\"twitter:card\" content=\"summary_large_image\" \/>\n<meta name=\"twitter:label1\" content=\"Est. reading time\" \/>\n\t<meta name=\"twitter:data1\" content=\"2 minutes\" \/>\n<script type=\"application\/ld+json\" class=\"yoast-schema-graph\">{\"@context\":\"https:\\\/\\\/schema.org\",\"@graph\":[{\"@type\":\"WebPage\",\"@id\":\"https:\\\/\\\/ctpatcertificacion.com\\\/validacion\\\/\",\"url\":\"https:\\\/\\\/ctpatcertificacion.com\\\/validacion\\\/\",\"name\":\"Validaci\u00f3n CTPAT | Preparaci\u00f3n para Visita CBP | LM Consultores\",\"isPartOf\":{\"@id\":\"https:\\\/\\\/ctpatcertificacion.com\\\/#website\"},\"primaryImageOfPage\":{\"@id\":\"https:\\\/\\\/ctpatcertificacion.com\\\/validacion\\\/#primaryimage\"},\"image\":{\"@id\":\"https:\\\/\\\/ctpatcertificacion.com\\\/validacion\\\/#primaryimage\"},\"thumbnailUrl\":\"https:\\\/\\\/ctpatcertificacion.com\\\/wp-content\\\/uploads\\\/2021\\\/07\\\/cropped-CTPAT-Logo-2017-2-3-e1551751667116.png\",\"datePublished\":\"2018-12-18T05:55:54+00:00\",\"dateModified\":\"2026-04-14T03:42:51+00:00\",\"description\":\"Prepara a tu empresa para la validaci\u00f3n CTPAT con CBP. Nuestros asesores te acompa\u00f1an antes y durante la visita. Reducimos riesgos y aumentamos tus probabilidades de \u00e9xito.\",\"breadcrumb\":{\"@id\":\"https:\\\/\\\/ctpatcertificacion.com\\\/validacion\\\/#breadcrumb\"},\"inLanguage\":\"en-US\",\"potentialAction\":[{\"@type\":\"ReadAction\",\"target\":[\"https:\\\/\\\/ctpatcertificacion.com\\\/validacion\\\/\"]}]},{\"@type\":\"ImageObject\",\"inLanguage\":\"en-US\",\"@id\":\"https:\\\/\\\/ctpatcertificacion.com\\\/validacion\\\/#primaryimage\",\"url\":\"https:\\\/\\\/ctpatcertificacion.com\\\/wp-content\\\/uploads\\\/2021\\\/07\\\/cropped-CTPAT-Logo-2017-2-3-e1551751667116.png\",\"contentUrl\":\"https:\\\/\\\/ctpatcertificacion.com\\\/wp-content\\\/uploads\\\/2021\\\/07\\\/cropped-CTPAT-Logo-2017-2-3-e1551751667116.png\"},{\"@type\":\"BreadcrumbList\",\"@id\":\"https:\\\/\\\/ctpatcertificacion.com\\\/validacion\\\/#breadcrumb\",\"itemListElement\":[{\"@type\":\"ListItem\",\"position\":1,\"name\":\"Portada\",\"item\":\"https:\\\/\\\/ctpatcertificacion.com\\\/\"},{\"@type\":\"ListItem\",\"position\":2,\"name\":\"Validaci\u00f3n CTPAT\"}]},{\"@type\":\"WebSite\",\"@id\":\"https:\\\/\\\/ctpatcertificacion.com\\\/#website\",\"url\":\"https:\\\/\\\/ctpatcertificacion.com\\\/\",\"name\":\"Consultor\u00eda CTPAT en M\u00e9xico | Certificaci\u00f3n, Validaci\u00f3n y Capacitaci\u00f3n | LM Consultores\",\"description\":\"CTPAT (Customs-Trade Partnership Against Terrorism) es una iniciativa entre el gobierno de los Estados Unidos y la iniciativa privada con la finalidad de garantizar la seguridad en las distintas \u00e1reas de la cadena de suministro y protegerla en contra del terrorismo.\",\"publisher\":{\"@id\":\"https:\\\/\\\/ctpatcertificacion.com\\\/#organization\"},\"potentialAction\":[{\"@type\":\"SearchAction\",\"target\":{\"@type\":\"EntryPoint\",\"urlTemplate\":\"https:\\\/\\\/ctpatcertificacion.com\\\/?s={search_term_string}\"},\"query-input\":{\"@type\":\"PropertyValueSpecification\",\"valueRequired\":true,\"valueName\":\"search_term_string\"}}],\"inLanguage\":\"en-US\"},{\"@type\":[\"Organization\",\"Place\"],\"@id\":\"https:\\\/\\\/ctpatcertificacion.com\\\/#organization\",\"name\":\"LM Consultores\",\"url\":\"https:\\\/\\\/ctpatcertificacion.com\\\/\",\"logo\":{\"@id\":\"https:\\\/\\\/ctpatcertificacion.com\\\/validacion\\\/#local-main-organization-logo\"},\"image\":{\"@id\":\"https:\\\/\\\/ctpatcertificacion.com\\\/validacion\\\/#local-main-organization-logo\"},\"openingHoursSpecification\":[{\"@type\":\"OpeningHoursSpecification\",\"dayOfWeek\":[\"Monday\",\"Tuesday\",\"Wednesday\",\"Thursday\",\"Friday\",\"Saturday\"],\"opens\":\"06:00\",\"closes\":\"17:00\"},{\"@type\":\"OpeningHoursSpecification\",\"dayOfWeek\":[\"Sunday\"],\"opens\":\"00:00\",\"closes\":\"00:00\"}]},{\"@type\":\"ImageObject\",\"inLanguage\":\"en-US\",\"@id\":\"https:\\\/\\\/ctpatcertificacion.com\\\/validacion\\\/#local-main-organization-logo\",\"url\":\"https:\\\/\\\/ctpatcertificacion.com\\\/wp-content\\\/uploads\\\/2022\\\/03\\\/ctpat-logo-arriba.png\",\"contentUrl\":\"https:\\\/\\\/ctpatcertificacion.com\\\/wp-content\\\/uploads\\\/2022\\\/03\\\/ctpat-logo-arriba.png\",\"width\":600,\"height\":600,\"caption\":\"LM Consultores\"}]}<\/script>\n<!-- \/ Yoast SEO Premium plugin. -->","yoast_head_json":{"title":"Validaci\u00f3n CTPAT | Preparaci\u00f3n para Visita CBP | LM Consultores","description":"Prepara a tu empresa para la validaci\u00f3n CTPAT con CBP. Nuestros asesores te acompa\u00f1an antes y durante la visita. Reducimos riesgos y aumentamos tus probabilidades de \u00e9xito.","robots":{"index":"index","follow":"follow","max-snippet":"max-snippet:-1","max-image-preview":"max-image-preview:large","max-video-preview":"max-video-preview:-1"},"canonical":"https:\/\/ctpatcertificacion.com\/en\/validacion\/","og_locale":"en_US","og_type":"article","og_title":"Validaci\u00f3n CTPAT","og_description":"Prepara a tu empresa para la validaci\u00f3n CTPAT con CBP. Nuestros asesores te acompa\u00f1an antes y durante la visita. Reducimos riesgos y aumentamos tus probabilidades de \u00e9xito.","og_url":"https:\/\/ctpatcertificacion.com\/en\/validacion\/","og_site_name":"CTPAT: Customs Trade Partnership Against Terrorism","article_modified_time":"2026-04-14T03:42:51+00:00","og_image":[{"width":248,"height":53,"url":"https:\/\/ctpatcertificacion.com\/wp-content\/uploads\/2021\/07\/cropped-CTPAT-Logo-2017-2-3-e1551751667116.png","type":"image\/png"}],"twitter_card":"summary_large_image","twitter_misc":{"Est. reading time":"2 minutes"},"schema":{"@context":"https:\/\/schema.org","@graph":[{"@type":"WebPage","@id":"https:\/\/ctpatcertificacion.com\/validacion\/","url":"https:\/\/ctpatcertificacion.com\/validacion\/","name":"Validaci\u00f3n CTPAT | Preparaci\u00f3n para Visita CBP | LM Consultores","isPartOf":{"@id":"https:\/\/ctpatcertificacion.com\/#website"},"primaryImageOfPage":{"@id":"https:\/\/ctpatcertificacion.com\/validacion\/#primaryimage"},"image":{"@id":"https:\/\/ctpatcertificacion.com\/validacion\/#primaryimage"},"thumbnailUrl":"https:\/\/ctpatcertificacion.com\/wp-content\/uploads\/2021\/07\/cropped-CTPAT-Logo-2017-2-3-e1551751667116.png","datePublished":"2018-12-18T05:55:54+00:00","dateModified":"2026-04-14T03:42:51+00:00","description":"Prepara a tu empresa para la validaci\u00f3n CTPAT con CBP. Nuestros asesores te acompa\u00f1an antes y durante la visita. Reducimos riesgos y aumentamos tus probabilidades de \u00e9xito.","breadcrumb":{"@id":"https:\/\/ctpatcertificacion.com\/validacion\/#breadcrumb"},"inLanguage":"en-US","potentialAction":[{"@type":"ReadAction","target":["https:\/\/ctpatcertificacion.com\/validacion\/"]}]},{"@type":"ImageObject","inLanguage":"en-US","@id":"https:\/\/ctpatcertificacion.com\/validacion\/#primaryimage","url":"https:\/\/ctpatcertificacion.com\/wp-content\/uploads\/2021\/07\/cropped-CTPAT-Logo-2017-2-3-e1551751667116.png","contentUrl":"https:\/\/ctpatcertificacion.com\/wp-content\/uploads\/2021\/07\/cropped-CTPAT-Logo-2017-2-3-e1551751667116.png"},{"@type":"BreadcrumbList","@id":"https:\/\/ctpatcertificacion.com\/validacion\/#breadcrumb","itemListElement":[{"@type":"ListItem","position":1,"name":"Portada","item":"https:\/\/ctpatcertificacion.com\/"},{"@type":"ListItem","position":2,"name":"Validaci\u00f3n CTPAT"}]},{"@type":"WebSite","@id":"https:\/\/ctpatcertificacion.com\/#website","url":"https:\/\/ctpatcertificacion.com\/","name":"Consultor\u00eda CTPAT en M\u00e9xico | Certificaci\u00f3n, Validaci\u00f3n y Capacitaci\u00f3n | LM Consultores","description":"CTPAT (Customs-Trade Partnership Against Terrorism) es una iniciativa entre el gobierno de los Estados Unidos y la iniciativa privada con la finalidad de garantizar la seguridad en las distintas \u00e1reas de la cadena de suministro y protegerla en contra del terrorismo.","publisher":{"@id":"https:\/\/ctpatcertificacion.com\/#organization"},"potentialAction":[{"@type":"SearchAction","target":{"@type":"EntryPoint","urlTemplate":"https:\/\/ctpatcertificacion.com\/?s={search_term_string}"},"query-input":{"@type":"PropertyValueSpecification","valueRequired":true,"valueName":"search_term_string"}}],"inLanguage":"en-US"},{"@type":["Organization","Place"],"@id":"https:\/\/ctpatcertificacion.com\/#organization","name":"LM Consultores","url":"https:\/\/ctpatcertificacion.com\/","logo":{"@id":"https:\/\/ctpatcertificacion.com\/validacion\/#local-main-organization-logo"},"image":{"@id":"https:\/\/ctpatcertificacion.com\/validacion\/#local-main-organization-logo"},"openingHoursSpecification":[{"@type":"OpeningHoursSpecification","dayOfWeek":["Monday","Tuesday","Wednesday","Thursday","Friday","Saturday"],"opens":"06:00","closes":"17:00"},{"@type":"OpeningHoursSpecification","dayOfWeek":["Sunday"],"opens":"00:00","closes":"00:00"}]},{"@type":"ImageObject","inLanguage":"en-US","@id":"https:\/\/ctpatcertificacion.com\/validacion\/#local-main-organization-logo","url":"https:\/\/ctpatcertificacion.com\/wp-content\/uploads\/2022\/03\/ctpat-logo-arriba.png","contentUrl":"https:\/\/ctpatcertificacion.com\/wp-content\/uploads\/2022\/03\/ctpat-logo-arriba.png","width":600,"height":600,"caption":"LM Consultores"}]}},"_links":{"self":[{"href":"https:\/\/ctpatcertificacion.com\/en\/wp-json\/wp\/v2\/pages\/48","targetHints":{"allow":["GET"]}}],"collection":[{"href":"https:\/\/ctpatcertificacion.com\/en\/wp-json\/wp\/v2\/pages"}],"about":[{"href":"https:\/\/ctpatcertificacion.com\/en\/wp-json\/wp\/v2\/types\/page"}],"author":[{"embeddable":true,"href":"https:\/\/ctpatcertificacion.com\/en\/wp-json\/wp\/v2\/users\/2"}],"replies":[{"embeddable":true,"href":"https:\/\/ctpatcertificacion.com\/en\/wp-json\/wp\/v2\/comments?post=48"}],"version-history":[{"count":0,"href":"https:\/\/ctpatcertificacion.com\/en\/wp-json\/wp\/v2\/pages\/48\/revisions"}],"wp:attachment":[{"href":"https:\/\/ctpatcertificacion.com\/en\/wp-json\/wp\/v2\/media?parent=48"}],"curies":[{"name":"wp","href":"https:\/\/api.w.org\/{rel}","templated":true}]}}