{"id":518,"date":"2019-03-26T03:07:41","date_gmt":"2019-03-26T03:07:41","guid":{"rendered":"https:\/\/ctpatcertificacion.com\/?page_id=518"},"modified":"2023-05-20T20:57:07","modified_gmt":"2023-05-20T20:57:07","slug":"nuevos-criterios-ctpat","status":"publish","type":"page","link":"https:\/\/ctpatcertificacion.com\/en\/nuevos-criterios-ctpat\/","title":{"rendered":"CTPAT Criteria"},"content":{"rendered":"<p>Para el proceso de Implementaci\u00f3n de los  Criterios de Seguridad <strong>CTPAT<\/strong>, nuestros asesores expertos ofrecen a las empresas Certificadas y aquellas en b\u00fasqueda de la Certificaci\u00f3n <strong>CTPAT<\/strong> un programa de trabajo especifico y adaptado a las necesidades de su empresa, con el objetivo de cumplir con los nuevos criterios, as\u00ed como con las actualizaci\u00f3n y nuevos requisitos en los criterios de seguridad actuales.<\/p>\n\n\n\n<p>Los nuevos criterios de seguridad se han organizado un 3 \u00c1reas de Enfoque y 12 Categor\u00edas de Criterios de Seguridad.<\/p>\n\n\n\n<p>1. SEGURIDAD CORPORATIVA <strong>CTPAT<\/strong><\/p>\n\n\n\n<ul class=\"wp-block-list\">\n<li>Visi\u00f3n de Seguridad y Responsabilidad<\/li>\n\n\n\n<li>Risk Analysis<\/li>\n\n\n\n<li>Socios Comerciales<\/li>\n\n\n\n<li>Seguridad Cibern\u00e9tica<\/li>\n<\/ul>\n\n\n\n<p>2. SEGURIDAD DEL TRANSPORTE <strong>CTPAT<\/strong><\/p>\n\n\n\n<ul class=\"wp-block-list\">\n<li>Seguridad del Transporte e Instrumentos de Tr\u00e1fico Internacional<\/li>\n\n\n\n<li>Sellos de Seguridad<\/li>\n\n\n\n<li>Process Security<\/li>\n\n\n\n<li>Seguridad Agr\u00edcola<\/li>\n<\/ul>\n\n\n\n<p>3. SEGURIDAD FISICA Y DEL PERSONAL <strong>CTPAT<\/strong><\/p>\n\n\n\n<ul class=\"wp-block-list\">\n<li>Physical Security<\/li>\n\n\n\n<li>Physical Access Controls<\/li>\n\n\n\n<li>Staff Security<\/li>\n\n\n\n<li>Educaci\u00f3n, Capacitaci\u00f3n y Sensibilizaci\u00f3n<\/li>\n<\/ul>\n\n\n\n<p>Ofrecemos a las empresas un programa de trabajo de implementaci\u00f3n como parte de un programa de Control y Cumplimiento <strong>CTPAT<\/strong> para empresas ya certificadas.<\/p>\n\n\n\n<p>As\u00ed como un programa de implementaci\u00f3n de los 12 nuevos criterios para empresas nuevas en el programa de certificaci\u00f3n <strong>CTPAT<\/strong>.<\/p>\n\n\n\n<p><\/p>\n\n\n\n<p><strong><em>Solicite m\u00e1s informaci\u00f3n sobre el programa CTPAT&nbsp;<a href=\"https:\/\/ctpatcertificacion.com\/en\/#contact\">here<\/a><\/em><\/strong><\/p>\n\n\n<div class=\"wp-block-image\">\n<figure class=\"aligncenter size-large is-resized\"><img decoding=\"async\" src=\"https:\/\/ctpatcertificacion.com\/wp-content\/uploads\/2023\/05\/LM-CONSULTORES-FONDO-BLANCO-SIN-FONDO-1024x1024.png\" alt=\"\" class=\"wp-image-1701\" width=\"206\" height=\"206\" srcset=\"https:\/\/ctpatcertificacion.com\/wp-content\/uploads\/2023\/05\/LM-CONSULTORES-FONDO-BLANCO-SIN-FONDO-1024x1024.png 1024w, https:\/\/ctpatcertificacion.com\/wp-content\/uploads\/2023\/05\/LM-CONSULTORES-FONDO-BLANCO-SIN-FONDO-300x300.png 300w, https:\/\/ctpatcertificacion.com\/wp-content\/uploads\/2023\/05\/LM-CONSULTORES-FONDO-BLANCO-SIN-FONDO-150x150.png 150w, https:\/\/ctpatcertificacion.com\/wp-content\/uploads\/2023\/05\/LM-CONSULTORES-FONDO-BLANCO-SIN-FONDO-768x768.png 768w, https:\/\/ctpatcertificacion.com\/wp-content\/uploads\/2023\/05\/LM-CONSULTORES-FONDO-BLANCO-SIN-FONDO-1536x1536.png 1536w, https:\/\/ctpatcertificacion.com\/wp-content\/uploads\/2023\/05\/LM-CONSULTORES-FONDO-BLANCO-SIN-FONDO-12x12.png 12w, https:\/\/ctpatcertificacion.com\/wp-content\/uploads\/2023\/05\/LM-CONSULTORES-FONDO-BLANCO-SIN-FONDO.png 2000w\" sizes=\"(max-width: 206px) 100vw, 206px\" \/><\/figure>\n<\/div>","protected":false},"excerpt":{"rendered":"<p>Para el proceso de Implementaci\u00f3n de los Criterios de Seguridad CTPAT, nuestros asesores expertos ofrecen a las empresas Certificadas y [&hellip;]<\/p>\n","protected":false},"author":1,"featured_media":0,"parent":0,"menu_order":0,"comment_status":"closed","ping_status":"closed","template":"page-templates\/full-width.php","meta":{"_monsterinsights_skip_tracking":false,"_monsterinsights_sitenote_active":false,"_monsterinsights_sitenote_note":"","_monsterinsights_sitenote_category":0,"_joinchat":[],"footnotes":""},"class_list":["post-518","page","type-page","status-publish","hentry"],"yoast_head":"<!-- This site is optimized with the Yoast SEO Premium plugin v22.0 (Yoast SEO v27.3) - https:\/\/yoast.com\/product\/yoast-seo-premium-wordpress\/ -->\n<title>Criterios CTPAT - CTPAT: Customs Trade Partnership Against Terrorism<\/title>\n<meta name=\"robots\" content=\"index, follow, max-snippet:-1, max-image-preview:large, max-video-preview:-1\" \/>\n<link rel=\"canonical\" href=\"https:\/\/ctpatcertificacion.com\/en\/nuevos-criterios-ctpat\/\" \/>\n<meta property=\"og:locale\" content=\"en_US\" \/>\n<meta property=\"og:type\" content=\"article\" \/>\n<meta property=\"og:title\" content=\"Criterios CTPAT\" \/>\n<meta property=\"og:description\" content=\"Para el proceso de Implementaci\u00f3n de los Criterios de Seguridad CTPAT, nuestros asesores expertos ofrecen a las empresas Certificadas y [&hellip;]\" \/>\n<meta property=\"og:url\" content=\"https:\/\/ctpatcertificacion.com\/en\/nuevos-criterios-ctpat\/\" \/>\n<meta property=\"og:site_name\" content=\"CTPAT: Customs Trade Partnership Against Terrorism\" \/>\n<meta property=\"article:modified_time\" content=\"2023-05-20T20:57:07+00:00\" \/>\n<meta property=\"og:image\" content=\"https:\/\/ctpatcertificacion.com\/wp-content\/uploads\/2023\/05\/LM-CONSULTORES-FONDO-BLANCO-SIN-FONDO-1024x1024.png\" \/>\n<meta name=\"twitter:card\" content=\"summary_large_image\" \/>\n<meta name=\"twitter:label1\" content=\"Est. reading time\" \/>\n\t<meta name=\"twitter:data1\" content=\"1 minute\" \/>\n<script type=\"application\/ld+json\" class=\"yoast-schema-graph\">{\"@context\":\"https:\\\/\\\/schema.org\",\"@graph\":[{\"@type\":\"WebPage\",\"@id\":\"https:\\\/\\\/ctpatcertificacion.com\\\/nuevos-criterios-ctpat\\\/\",\"url\":\"https:\\\/\\\/ctpatcertificacion.com\\\/nuevos-criterios-ctpat\\\/\",\"name\":\"Criterios CTPAT - CTPAT: Customs Trade Partnership Against Terrorism\",\"isPartOf\":{\"@id\":\"https:\\\/\\\/ctpatcertificacion.com\\\/#website\"},\"primaryImageOfPage\":{\"@id\":\"https:\\\/\\\/ctpatcertificacion.com\\\/nuevos-criterios-ctpat\\\/#primaryimage\"},\"image\":{\"@id\":\"https:\\\/\\\/ctpatcertificacion.com\\\/nuevos-criterios-ctpat\\\/#primaryimage\"},\"thumbnailUrl\":\"https:\\\/\\\/ctpatcertificacion.com\\\/wp-content\\\/uploads\\\/2023\\\/05\\\/LM-CONSULTORES-FONDO-BLANCO-SIN-FONDO-1024x1024.png\",\"datePublished\":\"2019-03-26T03:07:41+00:00\",\"dateModified\":\"2023-05-20T20:57:07+00:00\",\"breadcrumb\":{\"@id\":\"https:\\\/\\\/ctpatcertificacion.com\\\/nuevos-criterios-ctpat\\\/#breadcrumb\"},\"inLanguage\":\"en-US\",\"potentialAction\":[{\"@type\":\"ReadAction\",\"target\":[\"https:\\\/\\\/ctpatcertificacion.com\\\/nuevos-criterios-ctpat\\\/\"]}]},{\"@type\":\"ImageObject\",\"inLanguage\":\"en-US\",\"@id\":\"https:\\\/\\\/ctpatcertificacion.com\\\/nuevos-criterios-ctpat\\\/#primaryimage\",\"url\":\"https:\\\/\\\/ctpatcertificacion.com\\\/wp-content\\\/uploads\\\/2023\\\/05\\\/LM-CONSULTORES-FONDO-BLANCO-SIN-FONDO-1024x1024.png\",\"contentUrl\":\"https:\\\/\\\/ctpatcertificacion.com\\\/wp-content\\\/uploads\\\/2023\\\/05\\\/LM-CONSULTORES-FONDO-BLANCO-SIN-FONDO-1024x1024.png\"},{\"@type\":\"BreadcrumbList\",\"@id\":\"https:\\\/\\\/ctpatcertificacion.com\\\/nuevos-criterios-ctpat\\\/#breadcrumb\",\"itemListElement\":[{\"@type\":\"ListItem\",\"position\":1,\"name\":\"Portada\",\"item\":\"https:\\\/\\\/ctpatcertificacion.com\\\/\"},{\"@type\":\"ListItem\",\"position\":2,\"name\":\"Criterios CTPAT\"}]},{\"@type\":\"WebSite\",\"@id\":\"https:\\\/\\\/ctpatcertificacion.com\\\/#website\",\"url\":\"https:\\\/\\\/ctpatcertificacion.com\\\/\",\"name\":\"CTPAT Certificacion \\\/ CTPAT Certification\",\"description\":\"CTPAT (Customs-Trade Partnership Against Terrorism) es una iniciativa entre el gobierno de los Estados Unidos y la iniciativa privada con la finalidad de garantizar la seguridad en las distintas \u00e1reas de la cadena de suministro y protegerla en contra del terrorismo.\",\"publisher\":{\"@id\":\"https:\\\/\\\/ctpatcertificacion.com\\\/#organization\"},\"potentialAction\":[{\"@type\":\"SearchAction\",\"target\":{\"@type\":\"EntryPoint\",\"urlTemplate\":\"https:\\\/\\\/ctpatcertificacion.com\\\/?s={search_term_string}\"},\"query-input\":{\"@type\":\"PropertyValueSpecification\",\"valueRequired\":true,\"valueName\":\"search_term_string\"}}],\"inLanguage\":\"en-US\"},{\"@type\":[\"Organization\",\"Place\"],\"@id\":\"https:\\\/\\\/ctpatcertificacion.com\\\/#organization\",\"name\":\"CTPAT Certificacion \\\/ CTPAT Certification\",\"url\":\"https:\\\/\\\/ctpatcertificacion.com\\\/\",\"logo\":{\"@id\":\"https:\\\/\\\/ctpatcertificacion.com\\\/nuevos-criterios-ctpat\\\/#local-main-organization-logo\"},\"image\":{\"@id\":\"https:\\\/\\\/ctpatcertificacion.com\\\/nuevos-criterios-ctpat\\\/#local-main-organization-logo\"},\"openingHoursSpecification\":[{\"@type\":\"OpeningHoursSpecification\",\"dayOfWeek\":[\"Monday\",\"Tuesday\",\"Wednesday\",\"Thursday\",\"Friday\",\"Saturday\"],\"opens\":\"06:00\",\"closes\":\"17:00\"},{\"@type\":\"OpeningHoursSpecification\",\"dayOfWeek\":[\"Sunday\"],\"opens\":\"00:00\",\"closes\":\"00:00\"}]},{\"@type\":\"ImageObject\",\"inLanguage\":\"en-US\",\"@id\":\"https:\\\/\\\/ctpatcertificacion.com\\\/nuevos-criterios-ctpat\\\/#local-main-organization-logo\",\"url\":\"https:\\\/\\\/ctpatcertificacion.com\\\/wp-content\\\/uploads\\\/2022\\\/03\\\/ctpat-logo-arriba.png\",\"contentUrl\":\"https:\\\/\\\/ctpatcertificacion.com\\\/wp-content\\\/uploads\\\/2022\\\/03\\\/ctpat-logo-arriba.png\",\"width\":600,\"height\":600,\"caption\":\"CTPAT Certificacion \\\/ CTPAT Certification\"}]}<\/script>\n<!-- \/ Yoast SEO Premium plugin. -->","yoast_head_json":{"title":"Criterios CTPAT - CTPAT: Customs Trade Partnership Against Terrorism","robots":{"index":"index","follow":"follow","max-snippet":"max-snippet:-1","max-image-preview":"max-image-preview:large","max-video-preview":"max-video-preview:-1"},"canonical":"https:\/\/ctpatcertificacion.com\/en\/nuevos-criterios-ctpat\/","og_locale":"en_US","og_type":"article","og_title":"Criterios CTPAT","og_description":"Para el proceso de Implementaci\u00f3n de los Criterios de Seguridad CTPAT, nuestros asesores expertos ofrecen a las empresas Certificadas y [&hellip;]","og_url":"https:\/\/ctpatcertificacion.com\/en\/nuevos-criterios-ctpat\/","og_site_name":"CTPAT: Customs Trade Partnership Against Terrorism","article_modified_time":"2023-05-20T20:57:07+00:00","og_image":[{"url":"https:\/\/ctpatcertificacion.com\/wp-content\/uploads\/2023\/05\/LM-CONSULTORES-FONDO-BLANCO-SIN-FONDO-1024x1024.png","type":"","width":"","height":""}],"twitter_card":"summary_large_image","twitter_misc":{"Est. reading time":"1 minute"},"schema":{"@context":"https:\/\/schema.org","@graph":[{"@type":"WebPage","@id":"https:\/\/ctpatcertificacion.com\/nuevos-criterios-ctpat\/","url":"https:\/\/ctpatcertificacion.com\/nuevos-criterios-ctpat\/","name":"Criterios CTPAT - CTPAT: Customs Trade Partnership Against Terrorism","isPartOf":{"@id":"https:\/\/ctpatcertificacion.com\/#website"},"primaryImageOfPage":{"@id":"https:\/\/ctpatcertificacion.com\/nuevos-criterios-ctpat\/#primaryimage"},"image":{"@id":"https:\/\/ctpatcertificacion.com\/nuevos-criterios-ctpat\/#primaryimage"},"thumbnailUrl":"https:\/\/ctpatcertificacion.com\/wp-content\/uploads\/2023\/05\/LM-CONSULTORES-FONDO-BLANCO-SIN-FONDO-1024x1024.png","datePublished":"2019-03-26T03:07:41+00:00","dateModified":"2023-05-20T20:57:07+00:00","breadcrumb":{"@id":"https:\/\/ctpatcertificacion.com\/nuevos-criterios-ctpat\/#breadcrumb"},"inLanguage":"en-US","potentialAction":[{"@type":"ReadAction","target":["https:\/\/ctpatcertificacion.com\/nuevos-criterios-ctpat\/"]}]},{"@type":"ImageObject","inLanguage":"en-US","@id":"https:\/\/ctpatcertificacion.com\/nuevos-criterios-ctpat\/#primaryimage","url":"https:\/\/ctpatcertificacion.com\/wp-content\/uploads\/2023\/05\/LM-CONSULTORES-FONDO-BLANCO-SIN-FONDO-1024x1024.png","contentUrl":"https:\/\/ctpatcertificacion.com\/wp-content\/uploads\/2023\/05\/LM-CONSULTORES-FONDO-BLANCO-SIN-FONDO-1024x1024.png"},{"@type":"BreadcrumbList","@id":"https:\/\/ctpatcertificacion.com\/nuevos-criterios-ctpat\/#breadcrumb","itemListElement":[{"@type":"ListItem","position":1,"name":"Portada","item":"https:\/\/ctpatcertificacion.com\/"},{"@type":"ListItem","position":2,"name":"Criterios CTPAT"}]},{"@type":"WebSite","@id":"https:\/\/ctpatcertificacion.com\/#website","url":"https:\/\/ctpatcertificacion.com\/","name":"CTPAT Certificacion \/ CTPAT Certification","description":"CTPAT (Customs-Trade Partnership Against Terrorism) es una iniciativa entre el gobierno de los Estados Unidos y la iniciativa privada con la finalidad de garantizar la seguridad en las distintas \u00e1reas de la cadena de suministro y protegerla en contra del terrorismo.","publisher":{"@id":"https:\/\/ctpatcertificacion.com\/#organization"},"potentialAction":[{"@type":"SearchAction","target":{"@type":"EntryPoint","urlTemplate":"https:\/\/ctpatcertificacion.com\/?s={search_term_string}"},"query-input":{"@type":"PropertyValueSpecification","valueRequired":true,"valueName":"search_term_string"}}],"inLanguage":"en-US"},{"@type":["Organization","Place"],"@id":"https:\/\/ctpatcertificacion.com\/#organization","name":"CTPAT Certificacion \/ CTPAT Certification","url":"https:\/\/ctpatcertificacion.com\/","logo":{"@id":"https:\/\/ctpatcertificacion.com\/nuevos-criterios-ctpat\/#local-main-organization-logo"},"image":{"@id":"https:\/\/ctpatcertificacion.com\/nuevos-criterios-ctpat\/#local-main-organization-logo"},"openingHoursSpecification":[{"@type":"OpeningHoursSpecification","dayOfWeek":["Monday","Tuesday","Wednesday","Thursday","Friday","Saturday"],"opens":"06:00","closes":"17:00"},{"@type":"OpeningHoursSpecification","dayOfWeek":["Sunday"],"opens":"00:00","closes":"00:00"}]},{"@type":"ImageObject","inLanguage":"en-US","@id":"https:\/\/ctpatcertificacion.com\/nuevos-criterios-ctpat\/#local-main-organization-logo","url":"https:\/\/ctpatcertificacion.com\/wp-content\/uploads\/2022\/03\/ctpat-logo-arriba.png","contentUrl":"https:\/\/ctpatcertificacion.com\/wp-content\/uploads\/2022\/03\/ctpat-logo-arriba.png","width":600,"height":600,"caption":"CTPAT Certificacion \/ CTPAT Certification"}]}},"_links":{"self":[{"href":"https:\/\/ctpatcertificacion.com\/en\/wp-json\/wp\/v2\/pages\/518","targetHints":{"allow":["GET"]}}],"collection":[{"href":"https:\/\/ctpatcertificacion.com\/en\/wp-json\/wp\/v2\/pages"}],"about":[{"href":"https:\/\/ctpatcertificacion.com\/en\/wp-json\/wp\/v2\/types\/page"}],"author":[{"embeddable":true,"href":"https:\/\/ctpatcertificacion.com\/en\/wp-json\/wp\/v2\/users\/1"}],"replies":[{"embeddable":true,"href":"https:\/\/ctpatcertificacion.com\/en\/wp-json\/wp\/v2\/comments?post=518"}],"version-history":[{"count":0,"href":"https:\/\/ctpatcertificacion.com\/en\/wp-json\/wp\/v2\/pages\/518\/revisions"}],"wp:attachment":[{"href":"https:\/\/ctpatcertificacion.com\/en\/wp-json\/wp\/v2\/media?parent=518"}],"curies":[{"name":"wp","href":"https:\/\/api.w.org\/{rel}","templated":true}]}}