{"id":609,"date":"2019-06-05T03:17:53","date_gmt":"2019-06-05T03:17:53","guid":{"rendered":"https:\/\/ctpatcertificacion.com\/?page_id=609"},"modified":"2025-01-24T03:02:01","modified_gmt":"2025-01-24T03:02:01","slug":"certificacion-ctpat","status":"publish","type":"page","link":"https:\/\/ctpatcertificacion.com\/en\/certificacion-ctpat\/","title":{"rendered":"CTPAT Certification"},"content":{"rendered":"<p>Our Expert Advisors will guide you through the CTPAT Implementation, Training and Certification process for your company.<\/p>\n<p>Through the elaboration of a Security Policy and Procedures Matrix, the International Supply Chain Security and Control Management System will work in your company under the minimum security criteria established by the CTPAT Security Programs, covering the needs of the organization.<\/p>\n<p>Our company&nbsp;<strong>CEDIS Internacional<\/strong>is an agent in Mexico for the company&nbsp;<strong>American River Group of Companies&nbsp;<\/strong>(ARGC) en New Jersey, cuenta con el respaldo de m\u00e1s de 30 a\u00f1os de experiencia y es pionera en los servicios de Certificaci\u00f3n en Seguridad de la Cadena de Suministro.<\/p>\n<p>When registering your company's Security Profile, your Consultant ID will be included, which will indicate the CBP SCSS (Supply Chain Security Specialist) that your company has worked with in conjunction with one of our expert consultants.<\/p>\n<p>&nbsp;<\/p>\n<p><strong><em>Request more information&nbsp;<a href=\"http:\/\/ctpatcertificacion.com\/en\/#contact\">here<\/a><\/em><\/strong><\/p>","protected":false},"excerpt":{"rendered":"<p>Nuestros Asesores Expertos lo guiaran en el proceso de Implementaci\u00f3n, Capacitaci\u00f3n y Certificaci\u00f3n CTPAT de su empresa. Mediante la elaboraci\u00f3n [&hellip;]<\/p>\n","protected":false},"author":2,"featured_media":0,"parent":0,"menu_order":0,"comment_status":"closed","ping_status":"closed","template":"","meta":{"_monsterinsights_skip_tracking":false,"_monsterinsights_sitenote_active":false,"_monsterinsights_sitenote_note":"","_monsterinsights_sitenote_category":0,"_joinchat":[],"footnotes":""},"class_list":["post-609","page","type-page","status-publish","hentry"],"yoast_head":"<!-- This site is optimized with the Yoast SEO Premium plugin v22.0 (Yoast SEO v27.4) - https:\/\/yoast.com\/product\/yoast-seo-premium-wordpress\/ -->\n<title>Certificaci\u00f3n CTPAT - CTPAT: Customs Trade Partnership Against Terrorism<\/title>\n<meta name=\"robots\" content=\"index, follow, max-snippet:-1, max-image-preview:large, max-video-preview:-1\" \/>\n<link rel=\"canonical\" href=\"https:\/\/ctpatcertificacion.com\/en\/certificacion-ctpat\/\" \/>\n<meta property=\"og:locale\" content=\"en_US\" \/>\n<meta property=\"og:type\" content=\"article\" \/>\n<meta property=\"og:title\" content=\"Certificaci\u00f3n CTPAT\" \/>\n<meta property=\"og:description\" content=\"Nuestros Asesores Expertos lo guiaran en el proceso de Implementaci\u00f3n, Capacitaci\u00f3n y Certificaci\u00f3n CTPAT de su empresa. Mediante la elaboraci\u00f3n [&hellip;]\" \/>\n<meta property=\"og:url\" content=\"https:\/\/ctpatcertificacion.com\/en\/certificacion-ctpat\/\" \/>\n<meta property=\"og:site_name\" content=\"CTPAT: Customs Trade Partnership Against Terrorism\" \/>\n<meta property=\"article:modified_time\" content=\"2025-01-24T03:02:01+00:00\" \/>\n<meta name=\"twitter:card\" content=\"summary_large_image\" \/>\n<meta name=\"twitter:label1\" content=\"Est. reading time\" \/>\n\t<meta name=\"twitter:data1\" content=\"1 minute\" \/>\n<script type=\"application\/ld+json\" class=\"yoast-schema-graph\">{\"@context\":\"https:\\\/\\\/schema.org\",\"@graph\":[{\"@type\":\"WebPage\",\"@id\":\"https:\\\/\\\/ctpatcertificacion.com\\\/certificacion-ctpat\\\/\",\"url\":\"https:\\\/\\\/ctpatcertificacion.com\\\/certificacion-ctpat\\\/\",\"name\":\"Certificaci\u00f3n CTPAT - CTPAT: Customs Trade Partnership Against Terrorism\",\"isPartOf\":{\"@id\":\"https:\\\/\\\/ctpatcertificacion.com\\\/#website\"},\"datePublished\":\"2019-06-05T03:17:53+00:00\",\"dateModified\":\"2025-01-24T03:02:01+00:00\",\"breadcrumb\":{\"@id\":\"https:\\\/\\\/ctpatcertificacion.com\\\/certificacion-ctpat\\\/#breadcrumb\"},\"inLanguage\":\"en-US\",\"potentialAction\":[{\"@type\":\"ReadAction\",\"target\":[\"https:\\\/\\\/ctpatcertificacion.com\\\/certificacion-ctpat\\\/\"]}]},{\"@type\":\"BreadcrumbList\",\"@id\":\"https:\\\/\\\/ctpatcertificacion.com\\\/certificacion-ctpat\\\/#breadcrumb\",\"itemListElement\":[{\"@type\":\"ListItem\",\"position\":1,\"name\":\"Portada\",\"item\":\"https:\\\/\\\/ctpatcertificacion.com\\\/\"},{\"@type\":\"ListItem\",\"position\":2,\"name\":\"Certificaci\u00f3n CTPAT\"}]},{\"@type\":\"WebSite\",\"@id\":\"https:\\\/\\\/ctpatcertificacion.com\\\/#website\",\"url\":\"https:\\\/\\\/ctpatcertificacion.com\\\/\",\"name\":\"Consultor\u00eda CTPAT en M\u00e9xico | Certificaci\u00f3n, Validaci\u00f3n y Capacitaci\u00f3n | LM Consultores\",\"description\":\"CTPAT (Customs-Trade Partnership Against Terrorism) es una iniciativa entre el gobierno de los Estados Unidos y la iniciativa privada con la finalidad de garantizar la seguridad en las distintas \u00e1reas de la cadena de suministro y protegerla en contra del terrorismo.\",\"publisher\":{\"@id\":\"https:\\\/\\\/ctpatcertificacion.com\\\/#organization\"},\"potentialAction\":[{\"@type\":\"SearchAction\",\"target\":{\"@type\":\"EntryPoint\",\"urlTemplate\":\"https:\\\/\\\/ctpatcertificacion.com\\\/?s={search_term_string}\"},\"query-input\":{\"@type\":\"PropertyValueSpecification\",\"valueRequired\":true,\"valueName\":\"search_term_string\"}}],\"inLanguage\":\"en-US\"},{\"@type\":[\"Organization\",\"Place\"],\"@id\":\"https:\\\/\\\/ctpatcertificacion.com\\\/#organization\",\"name\":\"LM Consultores\",\"url\":\"https:\\\/\\\/ctpatcertificacion.com\\\/\",\"logo\":{\"@id\":\"https:\\\/\\\/ctpatcertificacion.com\\\/certificacion-ctpat\\\/#local-main-organization-logo\"},\"image\":{\"@id\":\"https:\\\/\\\/ctpatcertificacion.com\\\/certificacion-ctpat\\\/#local-main-organization-logo\"},\"openingHoursSpecification\":[{\"@type\":\"OpeningHoursSpecification\",\"dayOfWeek\":[\"Monday\",\"Tuesday\",\"Wednesday\",\"Thursday\",\"Friday\",\"Saturday\"],\"opens\":\"06:00\",\"closes\":\"17:00\"},{\"@type\":\"OpeningHoursSpecification\",\"dayOfWeek\":[\"Sunday\"],\"opens\":\"00:00\",\"closes\":\"00:00\"}]},{\"@type\":\"ImageObject\",\"inLanguage\":\"en-US\",\"@id\":\"https:\\\/\\\/ctpatcertificacion.com\\\/certificacion-ctpat\\\/#local-main-organization-logo\",\"url\":\"https:\\\/\\\/ctpatcertificacion.com\\\/wp-content\\\/uploads\\\/2022\\\/03\\\/ctpat-logo-arriba.png\",\"contentUrl\":\"https:\\\/\\\/ctpatcertificacion.com\\\/wp-content\\\/uploads\\\/2022\\\/03\\\/ctpat-logo-arriba.png\",\"width\":600,\"height\":600,\"caption\":\"LM Consultores\"}]}<\/script>\n<!-- \/ Yoast SEO Premium plugin. -->","yoast_head_json":{"title":"Certificaci\u00f3n CTPAT - CTPAT: Customs Trade Partnership Against Terrorism","robots":{"index":"index","follow":"follow","max-snippet":"max-snippet:-1","max-image-preview":"max-image-preview:large","max-video-preview":"max-video-preview:-1"},"canonical":"https:\/\/ctpatcertificacion.com\/en\/certificacion-ctpat\/","og_locale":"en_US","og_type":"article","og_title":"Certificaci\u00f3n CTPAT","og_description":"Nuestros Asesores Expertos lo guiaran en el proceso de Implementaci\u00f3n, Capacitaci\u00f3n y Certificaci\u00f3n CTPAT de su empresa. Mediante la elaboraci\u00f3n [&hellip;]","og_url":"https:\/\/ctpatcertificacion.com\/en\/certificacion-ctpat\/","og_site_name":"CTPAT: Customs Trade Partnership Against Terrorism","article_modified_time":"2025-01-24T03:02:01+00:00","twitter_card":"summary_large_image","twitter_misc":{"Est. reading time":"1 minute"},"schema":{"@context":"https:\/\/schema.org","@graph":[{"@type":"WebPage","@id":"https:\/\/ctpatcertificacion.com\/certificacion-ctpat\/","url":"https:\/\/ctpatcertificacion.com\/certificacion-ctpat\/","name":"Certificaci\u00f3n CTPAT - CTPAT: Customs Trade Partnership Against Terrorism","isPartOf":{"@id":"https:\/\/ctpatcertificacion.com\/#website"},"datePublished":"2019-06-05T03:17:53+00:00","dateModified":"2025-01-24T03:02:01+00:00","breadcrumb":{"@id":"https:\/\/ctpatcertificacion.com\/certificacion-ctpat\/#breadcrumb"},"inLanguage":"en-US","potentialAction":[{"@type":"ReadAction","target":["https:\/\/ctpatcertificacion.com\/certificacion-ctpat\/"]}]},{"@type":"BreadcrumbList","@id":"https:\/\/ctpatcertificacion.com\/certificacion-ctpat\/#breadcrumb","itemListElement":[{"@type":"ListItem","position":1,"name":"Portada","item":"https:\/\/ctpatcertificacion.com\/"},{"@type":"ListItem","position":2,"name":"Certificaci\u00f3n CTPAT"}]},{"@type":"WebSite","@id":"https:\/\/ctpatcertificacion.com\/#website","url":"https:\/\/ctpatcertificacion.com\/","name":"Consultor\u00eda CTPAT en M\u00e9xico | Certificaci\u00f3n, Validaci\u00f3n y Capacitaci\u00f3n | LM Consultores","description":"CTPAT (Customs-Trade Partnership Against Terrorism) es una iniciativa entre el gobierno de los Estados Unidos y la iniciativa privada con la finalidad de garantizar la seguridad en las distintas \u00e1reas de la cadena de suministro y protegerla en contra del terrorismo.","publisher":{"@id":"https:\/\/ctpatcertificacion.com\/#organization"},"potentialAction":[{"@type":"SearchAction","target":{"@type":"EntryPoint","urlTemplate":"https:\/\/ctpatcertificacion.com\/?s={search_term_string}"},"query-input":{"@type":"PropertyValueSpecification","valueRequired":true,"valueName":"search_term_string"}}],"inLanguage":"en-US"},{"@type":["Organization","Place"],"@id":"https:\/\/ctpatcertificacion.com\/#organization","name":"LM Consultores","url":"https:\/\/ctpatcertificacion.com\/","logo":{"@id":"https:\/\/ctpatcertificacion.com\/certificacion-ctpat\/#local-main-organization-logo"},"image":{"@id":"https:\/\/ctpatcertificacion.com\/certificacion-ctpat\/#local-main-organization-logo"},"openingHoursSpecification":[{"@type":"OpeningHoursSpecification","dayOfWeek":["Monday","Tuesday","Wednesday","Thursday","Friday","Saturday"],"opens":"06:00","closes":"17:00"},{"@type":"OpeningHoursSpecification","dayOfWeek":["Sunday"],"opens":"00:00","closes":"00:00"}]},{"@type":"ImageObject","inLanguage":"en-US","@id":"https:\/\/ctpatcertificacion.com\/certificacion-ctpat\/#local-main-organization-logo","url":"https:\/\/ctpatcertificacion.com\/wp-content\/uploads\/2022\/03\/ctpat-logo-arriba.png","contentUrl":"https:\/\/ctpatcertificacion.com\/wp-content\/uploads\/2022\/03\/ctpat-logo-arriba.png","width":600,"height":600,"caption":"LM Consultores"}]}},"_links":{"self":[{"href":"https:\/\/ctpatcertificacion.com\/en\/wp-json\/wp\/v2\/pages\/609","targetHints":{"allow":["GET"]}}],"collection":[{"href":"https:\/\/ctpatcertificacion.com\/en\/wp-json\/wp\/v2\/pages"}],"about":[{"href":"https:\/\/ctpatcertificacion.com\/en\/wp-json\/wp\/v2\/types\/page"}],"author":[{"embeddable":true,"href":"https:\/\/ctpatcertificacion.com\/en\/wp-json\/wp\/v2\/users\/2"}],"replies":[{"embeddable":true,"href":"https:\/\/ctpatcertificacion.com\/en\/wp-json\/wp\/v2\/comments?post=609"}],"version-history":[{"count":0,"href":"https:\/\/ctpatcertificacion.com\/en\/wp-json\/wp\/v2\/pages\/609\/revisions"}],"wp:attachment":[{"href":"https:\/\/ctpatcertificacion.com\/en\/wp-json\/wp\/v2\/media?parent=609"}],"curies":[{"name":"wp","href":"https:\/\/api.w.org\/{rel}","templated":true}]}}